{"id":5350,"date":"2025-09-10T19:54:36","date_gmt":"2025-09-10T17:54:36","guid":{"rendered":"http:\/\/torzokom.com\/?post_type=product&#038;p=5350"},"modified":"2025-10-26T00:46:00","modified_gmt":"2025-10-25T22:46:00","slug":"blaser-lovacka-baterijska-lampa-na-glavu-ht-2500","status":"publish","type":"product","link":"https:\/\/torzokom.com\/ba\/proizvod\/blaser-lovacka-baterijska-lampa-na-glavu-ht-2500\/","title":{"rendered":"Blaser Lampa Na Glavu HT 2500"},"content":{"rendered":"<h2>Blaser Lovacka Baterijska Lampa Na Glavu HT 2500<\/h2>\n<p>Mo\u0107an pratilac za lov<\/p>\n<p>2500 lumena \/ domet: do 100 m<\/p>\n<p>\u010cetiri re\u017eima belog i dva crvenog svetla<\/p>\n<p>Dug vek trajanja baterije sa punjivom baterijom tipa 21600<\/p>\n<p>Bilo da vam je potrebno sna\u017eno i jako svetlo da biste videli dalje ili meko osvetljenje u blizini \u2013 ovaj far ispunjava sve va\u0161e zahteve. Posebno razvijena za lov, ova prednja lampa ispunjava sve zahteve za snagu, robusnost i fleksibilnost.<\/p>\n<p>Svetlosni tok od 2 500 lumena i domet od 100 m obezbe\u0111uju odli\u010dan pogled u mraku. Kontrolni prsten se mo\u017ee koristiti za odabir \u010detiri razli\u010dita re\u017eima belog svetla i dva re\u017eima crvenog svetla. Divlja\u010d ne prime\u0107uje crveno svetlo koliko belo svetlo i obezbe\u0111uje da ostanete \u0161to sakriveniji tokom uho\u0111enja bez nepotrebnog zastra\u0161ivanja igre. U opsegu belog svetla, funkcija kliza\u010da preko lampe vam omogu\u0107ava da fokusirate svetlosni snop.<\/p>\n<p>Maksimalna fleksibilnost, individualna prilagodljivost i savr\u0161eno pristajanje su obezbe\u0111eni podesivim uglom lampe, podesivom trakom za glavu i odvojivom sredi\u0161njom trakom.<\/p>\n<p>Sa svojom sna\u017enom punjiva baterijom 21600, ovaj far ima impresivan vek trajanja baterije. Baterija se lako mo\u017ee napuniti preko USB porta.<\/p>\n<p>Najbolji pogled i slobodne ruke \u2013 svaki dan i na otvorenom!<\/p>","protected":false},"excerpt":{"rendered":"<p>Blaser Lovacka Baterijska Lampa Na Glavu HT 2500 Mo\u0107an pratilac za lov 2500 lumena \/ domet: do 100 m \u010cetiri re\u017eima belog i dva crvenog svetla Dug vek trajanja baterije sa punjivom baterijom tipa 21600 Bilo da vam je potrebno sna\u017eno i jako svetlo da biste videli dalje ili meko osvetljenje u blizini \u2013 ovaj [&hellip;]<\/p>\n","protected":false},"featured_media":5351,"template":"","meta":[],"product_cat":[182,83,198],"product_tag":[],"class_list":{"0":"post-5350","1":"product","2":"type-product","3":"status-publish","4":"has-post-thumbnail","6":"product_brand-blaser","7":"product_cat-baterijske-lampe","8":"product_cat-dodatna-oprema","9":"product_cat-lampe","11":"first","12":"instock","13":"taxable","14":"shipping-taxable","15":"purchasable","16":"product-type-simple"},"_links":{"self":[{"href":"https:\/\/torzokom.com\/ba\/wp-json\/wp\/v2\/product\/5350","targetHints":{"allow":["GET"]}}],"collection":[{"href":"https:\/\/torzokom.com\/ba\/wp-json\/wp\/v2\/product"}],"about":[{"href":"https:\/\/torzokom.com\/ba\/wp-json\/wp\/v2\/types\/product"}],"version-history":[{"count":0,"href":"https:\/\/torzokom.com\/ba\/wp-json\/wp\/v2\/product\/5350\/revisions"}],"wp:featuredmedia":[{"embeddable":true,"href":"https:\/\/torzokom.com\/ba\/wp-json\/wp\/v2\/media\/5351"}],"wp:attachment":[{"href":"https:\/\/torzokom.com\/ba\/wp-json\/wp\/v2\/media?parent=5350"}],"wp:term":[{"taxonomy":"product_cat","embeddable":true,"href":"https:\/\/torzokom.com\/ba\/wp-json\/wp\/v2\/product_cat?post=5350"},{"taxonomy":"product_tag","embeddable":true,"href":"https:\/\/torzokom.com\/ba\/wp-json\/wp\/v2\/product_tag?post=5350"}],"curies":[{"name":"wp","href":"https:\/\/api.w.org\/{rel}","templated":true}]}}