{"id":5352,"date":"2025-09-10T21:21:11","date_gmt":"2025-09-10T19:21:11","guid":{"rendered":"http:\/\/torzokom.com\/?post_type=product&#038;p=5352"},"modified":"2025-10-26T00:39:01","modified_gmt":"2025-10-25T22:39:01","slug":"blaser-lovacka-baterijska-lampa-hl-1500","status":"publish","type":"product","link":"https:\/\/torzokom.com\/ba\/proizvod\/blaser-lovacka-baterijska-lampa-hl-1500\/","title":{"rendered":"Blaser Lampa HL 1500"},"content":{"rendered":"<h2>Blaser lova\u010dka baterijska lampa Hl 1500<\/h2>\n<ul>\n<li>1500 lumena<\/li>\n<li>Maksimalni domet: 250 m<\/li>\n<li>\u010cetiri re\u017eima bijelog i dva crvenog svetla<\/li>\n<\/ul>\n<p>Ova baterijska lampa sa Blaser dizajnom se isti\u010de sa 1 500 lumena, maksimalnim dometom od 250 m i \u010detiri re\u017eima bijelog i dva crvenog svetla. Re\u017eimi crvenog svjetla omogu\u0107avaju da ostanete uglavnom neotkriveni od strane igre. Re\u017eimi crvenog svjetla imaju 100% svetlosnog fluksa (150 lumena) ili 10% svetlosnog fluksa (15 lumena). 100% re\u017eim je idealan za pouzdano i precizno snimanje. Smanjeni re\u017eim je posebno pogodan za uho\u0111enje.<\/p>","protected":false},"excerpt":{"rendered":"<p>Blaser HL 1500<\/p>\n<p>Funkcionalna baterijska lampa sa re\u017eimima crvenog i belog svetla<\/p>","protected":false},"featured_media":5354,"template":"","meta":[],"product_cat":[182,83,198],"product_tag":[],"class_list":{"0":"post-5352","1":"product","2":"type-product","3":"status-publish","4":"has-post-thumbnail","6":"product_brand-blaser","7":"product_cat-baterijske-lampe","8":"product_cat-dodatna-oprema","9":"product_cat-lampe","11":"first","12":"instock","13":"taxable","14":"shipping-taxable","15":"purchasable","16":"product-type-simple"},"_links":{"self":[{"href":"https:\/\/torzokom.com\/ba\/wp-json\/wp\/v2\/product\/5352","targetHints":{"allow":["GET"]}}],"collection":[{"href":"https:\/\/torzokom.com\/ba\/wp-json\/wp\/v2\/product"}],"about":[{"href":"https:\/\/torzokom.com\/ba\/wp-json\/wp\/v2\/types\/product"}],"version-history":[{"count":0,"href":"https:\/\/torzokom.com\/ba\/wp-json\/wp\/v2\/product\/5352\/revisions"}],"wp:featuredmedia":[{"embeddable":true,"href":"https:\/\/torzokom.com\/ba\/wp-json\/wp\/v2\/media\/5354"}],"wp:attachment":[{"href":"https:\/\/torzokom.com\/ba\/wp-json\/wp\/v2\/media?parent=5352"}],"wp:term":[{"taxonomy":"product_cat","embeddable":true,"href":"https:\/\/torzokom.com\/ba\/wp-json\/wp\/v2\/product_cat?post=5352"},{"taxonomy":"product_tag","embeddable":true,"href":"https:\/\/torzokom.com\/ba\/wp-json\/wp\/v2\/product_tag?post=5352"}],"curies":[{"name":"wp","href":"https:\/\/api.w.org\/{rel}","templated":true}]}}