{"id":5367,"date":"2025-09-10T21:40:57","date_gmt":"2025-09-10T19:40:57","guid":{"rendered":"http:\/\/torzokom.com\/?post_type=product&#038;p=5367"},"modified":"2025-10-27T01:46:29","modified_gmt":"2025-10-27T00:46:29","slug":"blaser-aktivni-antifoni-ear-protector-2-0","status":"publish","type":"product","link":"https:\/\/torzokom.com\/ba\/proizvod\/blaser-aktivni-antifoni-ear-protector-2-0\/","title":{"rendered":"Blaser aktivni Antifoni-Ear protector 2.0"},"content":{"rendered":"<h2>Blaser aktivni Antifoni-Ear protector 2.0<\/h2>\n<ul>\n<li>Aktivna za\u0161tita sluha<\/li>\n<li>Potiskivanje 26 dB SNR<\/li>\n<li>Bluetooth i AUKS veza<\/li>\n<\/ul>\n<p>Ear Defenders 2.0 \u2013 razvijen specijalno za lov i njegove posebne zahteve. Glasan impulsni \u0161um, poput glasnog zvuka, automatski se prigu\u0161uje, dok se tihi ambijentalni zvukovi, poput \u0161u\u0161tanja divlja\u010di u li\u0161\u0107u, poja\u010davaju.<\/p>\n<p>Aktivni Ear Defenders 2.0 kombinuje prvoklasnu za\u0161titu sluha od 26 dB SNR sa vrhunskim kvalitetom zvuka zahvaljuju\u0107i Bluetooth 5.1 tehnologiji. Da bi se osigurala maksimalna svestranost i kompatibilnost, Blaser Ear Defenders 2.0 ima Bluetooth kao i AUKS vezu, na primer za povezivanje Garmin ure\u0111aja.<\/p>\n<p>Zahvaljuju\u0107i mekim jastu\u010di\u0107ima od silikonskog gela, Ear Defenders 2.0 se mogu udobno nositi tokom du\u017eeg perioda i mogu se stavljati i skidati gotovo bez ikakvog zvuka. \u0160koljke se lako zamenjuju. Razli\u010dite \u0161koljke u narand\u017eastoj i HunTec Camo boji su ve\u0107 uklju\u010dene. Ovi \u0161titnici za u\u0161i se isti\u010du zbog svog tankog dizajna. Trebalo bi da bude deo svakog lova\u010dkog kompleta!<\/p>","protected":false},"excerpt":{"rendered":"<ul>\n<li>Blaser Ear Protector 2.0<\/li>\n<li>Vrhunska tehnologija na u\u0161ima<\/li>\n<\/ul>","protected":false},"featured_media":5370,"template":"","meta":[],"product_cat":[51,83],"product_tag":[],"class_list":{"0":"post-5367","1":"product","2":"type-product","3":"status-publish","4":"has-post-thumbnail","6":"product_brand-blaser","7":"product_cat-ostalo","8":"product_cat-dodatna-oprema","10":"first","11":"instock","12":"taxable","13":"shipping-taxable","14":"purchasable","15":"product-type-simple"},"_links":{"self":[{"href":"https:\/\/torzokom.com\/ba\/wp-json\/wp\/v2\/product\/5367","targetHints":{"allow":["GET"]}}],"collection":[{"href":"https:\/\/torzokom.com\/ba\/wp-json\/wp\/v2\/product"}],"about":[{"href":"https:\/\/torzokom.com\/ba\/wp-json\/wp\/v2\/types\/product"}],"version-history":[{"count":0,"href":"https:\/\/torzokom.com\/ba\/wp-json\/wp\/v2\/product\/5367\/revisions"}],"wp:featuredmedia":[{"embeddable":true,"href":"https:\/\/torzokom.com\/ba\/wp-json\/wp\/v2\/media\/5370"}],"wp:attachment":[{"href":"https:\/\/torzokom.com\/ba\/wp-json\/wp\/v2\/media?parent=5367"}],"wp:term":[{"taxonomy":"product_cat","embeddable":true,"href":"https:\/\/torzokom.com\/ba\/wp-json\/wp\/v2\/product_cat?post=5367"},{"taxonomy":"product_tag","embeddable":true,"href":"https:\/\/torzokom.com\/ba\/wp-json\/wp\/v2\/product_tag?post=5367"}],"curies":[{"name":"wp","href":"https:\/\/api.w.org\/{rel}","templated":true}]}}