{"id":5373,"date":"2025-09-10T21:46:10","date_gmt":"2025-09-10T19:46:10","guid":{"rendered":"http:\/\/torzokom.com\/?post_type=product&#038;p=5373"},"modified":"2025-10-26T23:22:17","modified_gmt":"2025-10-26T22:22:17","slug":"blaser-antifoni","status":"publish","type":"product","link":"https:\/\/torzokom.com\/ba\/proizvod\/blaser-antifoni\/","title":{"rendered":"Blaser Antifoni Klasicni"},"content":{"rendered":"<h2>Blaser Antifoni<\/h2>\n<ul>\n<li>Neaktivna za\u0161tita sluha<\/li>\n<li>Meki gel jastu\u010di\u0107i<\/li>\n<li>Zamjenljive \u0161koljke<\/li>\n<\/ul>\n<p>Ear Defenders Essential 2.0 nudi jednostavnu i neaktivnu za\u0161titu sluha. Prigu\u0161uju nivo buke i mogu se udobno nositi tokom du\u017eeg perioda zahvaljuju\u0107i mekanim jastu\u010di\u0107ima od silikonskog gela. \u0160koljke se lako zamjenjuju. Razli\u010dite \u0161koljke u narand\u017eastoj i HunTec Camo boji su ve\u0107 uklju\u010dene. Ovi \u0161titnici za u\u0161i se isti\u010du zbog svog tankog dizajna.<\/p>\n<p>&nbsp;<\/p>","protected":false},"excerpt":{"rendered":"<ul>\n<li>Blaser Ear Protector 2.0 Essential<\/li>\n<li>Dobro za tvoje u\u0161i<\/li>\n<\/ul>","protected":false},"featured_media":5374,"template":"","meta":[],"product_cat":[83,51],"product_tag":[],"class_list":{"0":"post-5373","1":"product","2":"type-product","3":"status-publish","4":"has-post-thumbnail","6":"product_brand-blaser","7":"product_cat-dodatna-oprema","8":"product_cat-ostalo","10":"first","11":"instock","12":"taxable","13":"shipping-taxable","14":"purchasable","15":"product-type-simple"},"_links":{"self":[{"href":"https:\/\/torzokom.com\/ba\/wp-json\/wp\/v2\/product\/5373","targetHints":{"allow":["GET"]}}],"collection":[{"href":"https:\/\/torzokom.com\/ba\/wp-json\/wp\/v2\/product"}],"about":[{"href":"https:\/\/torzokom.com\/ba\/wp-json\/wp\/v2\/types\/product"}],"version-history":[{"count":0,"href":"https:\/\/torzokom.com\/ba\/wp-json\/wp\/v2\/product\/5373\/revisions"}],"wp:featuredmedia":[{"embeddable":true,"href":"https:\/\/torzokom.com\/ba\/wp-json\/wp\/v2\/media\/5374"}],"wp:attachment":[{"href":"https:\/\/torzokom.com\/ba\/wp-json\/wp\/v2\/media?parent=5373"}],"wp:term":[{"taxonomy":"product_cat","embeddable":true,"href":"https:\/\/torzokom.com\/ba\/wp-json\/wp\/v2\/product_cat?post=5373"},{"taxonomy":"product_tag","embeddable":true,"href":"https:\/\/torzokom.com\/ba\/wp-json\/wp\/v2\/product_tag?post=5373"}],"curies":[{"name":"wp","href":"https:\/\/api.w.org\/{rel}","templated":true}]}}