{"id":5401,"date":"2025-09-11T08:37:20","date_gmt":"2025-09-11T06:37:20","guid":{"rendered":"http:\/\/torzokom.com\/?post_type=product&#038;p=5401"},"modified":"2025-10-26T02:24:11","modified_gmt":"2025-10-26T00:24:11","slug":"blaser-resist-3l-jakna-huntec","status":"publish","type":"product","link":"https:\/\/torzokom.com\/ba\/proizvod\/blaser-resist-3l-jakna-huntec\/","title":{"rendered":"BLASER Resist 3L jakna HunTec"},"content":{"rendered":"<h2 class=\"main-title-listing sm:hidden flex flex-row items-center mr-md\">BLASER Resist 3L jakna HunTec<\/h2>\n<p>3-slojna zimska jakna, odr\u017eava toplotu i nudi slobodu kretanja<\/p>\n<ul>\n<li>Troslojna zimska jakna sa robusnim gornjim slojem<\/li>\n<li>Du\u017eina parka za vi\u0161e topline<\/li>\n<li>HunTec Shell rez za maksimalnu mobilnost<\/li>\n<\/ul>","protected":false},"excerpt":{"rendered":"<p>BLASER Resist 3L jakna HunTec 3-slojna zimska jakna, odr\u017eava toplotu i nudi slobodu kretanja Troslojna zimska jakna sa robusnim gornjim slojem Du\u017eina parka za vi\u0161e topline HunTec Shell rez za maksimalnu mobilnost<\/p>","protected":false},"featured_media":5402,"template":"","meta":[],"product_cat":[98,58],"product_tag":[],"class_list":{"0":"post-5401","1":"product","2":"type-product","3":"status-publish","4":"has-post-thumbnail","6":"product_brand-blaser","7":"product_cat-jakne","8":"product_cat-odjeca-i-obuca","9":"pa_velicina-3xl","10":"pa_velicina-l","11":"pa_velicina-m","12":"pa_velicina-s","13":"pa_velicina-xl","14":"pa_velicina-xxl","16":"first","17":"instock","18":"taxable","19":"shipping-taxable","20":"purchasable","21":"product-type-variable"},"_links":{"self":[{"href":"https:\/\/torzokom.com\/ba\/wp-json\/wp\/v2\/product\/5401","targetHints":{"allow":["GET"]}}],"collection":[{"href":"https:\/\/torzokom.com\/ba\/wp-json\/wp\/v2\/product"}],"about":[{"href":"https:\/\/torzokom.com\/ba\/wp-json\/wp\/v2\/types\/product"}],"version-history":[{"count":0,"href":"https:\/\/torzokom.com\/ba\/wp-json\/wp\/v2\/product\/5401\/revisions"}],"wp:featuredmedia":[{"embeddable":true,"href":"https:\/\/torzokom.com\/ba\/wp-json\/wp\/v2\/media\/5402"}],"wp:attachment":[{"href":"https:\/\/torzokom.com\/ba\/wp-json\/wp\/v2\/media?parent=5401"}],"wp:term":[{"taxonomy":"product_cat","embeddable":true,"href":"https:\/\/torzokom.com\/ba\/wp-json\/wp\/v2\/product_cat?post=5401"},{"taxonomy":"product_tag","embeddable":true,"href":"https:\/\/torzokom.com\/ba\/wp-json\/wp\/v2\/product_tag?post=5401"}],"curies":[{"name":"wp","href":"https:\/\/api.w.org\/{rel}","templated":true}]}}