{"id":5407,"date":"2025-09-11T09:58:25","date_gmt":"2025-09-11T07:58:25","guid":{"rendered":"http:\/\/torzokom.com\/?post_type=product&#038;p=5407"},"modified":"2025-09-11T09:59:42","modified_gmt":"2025-09-11T07:59:42","slug":"blaser-prsluk-competition-right-231015-153-705","status":"publish","type":"product","link":"https:\/\/torzokom.com\/ba\/proizvod\/blaser-prsluk-competition-right-231015-153-705\/","title":{"rendered":"Blaser Prsluk Competition Right 231015-153\/705"},"content":{"rendered":"<h2>Blaser Prsluk Competition Right 231015-153\/705<\/h2>\n<div class=\"central-inner sm:pb-lg show-more\">\n<ul>\n<li>Desni mu\u0161ki takmi\u010darski prsluk<\/li>\n<li>Budite savr\u0161eno spremni za sljede\u0107e takmi\u010denje.<\/li>\n<li>Razvijen za sportsko ga\u0111anje pu\u0161kom<\/li>\n<li>Za desnoruke i ljevoruke strijelce<\/li>\n<li>Prozra\u010dna, elasti\u010dna, individualno podesiva<\/li>\n<li>Potpuno opremljen strelja\u010dki prsluk za desnoruke i ljevoruke strijelce<\/li>\n<\/ul>\n<p>Ko\u017ea s desne ili lijeve strane podr\u017eava intuitivnu monta\u017eu. Otvorena mre\u017easta struktura cijelog prsluka osigurava visoku prozra\u010dnost &#8211; uz punu slobodu kretanja. Na prednjoj strani nalaze se dva prednja d\u017eepa. Trebate sigurno pospremiti svoju karticu s postoljem veli\u010dine bankovne kartice? To se lako mo\u017ee u\u010diniti u ne\u0161to dubljem malom prsnom d\u017eepu koji je ukra\u0161en naran\u010dastim Argali logom. Sa stra\u017enje strane visokokvalitetni strelja\u010dki prsluk opremljen je prolaznim d\u017eepom, kop\u010dama za pri\u010dvr\u0161\u0107ivanje natjecateljskog broja i natpisom Blaser na vratu.<\/p>\n<p>Prsluk je dostupan u veli\u010dinama od S do 4XL. Skrivene prilagodbe s unutarnje strane le\u0111a za podru\u010dje prsa i struka tako\u0111er nude mogu\u0107nost prilago\u0111avanja prsluka kako bi vam savr\u0161eno pristajao.<\/p>\n<p>Sofisticirani dizajn, najbolji materijali i visoka funkcionalnost ovog strelja\u010dkog prsluka za desnoruke i ljevoruke strijelce osiguravaju da se u takmi\u010denju mo\u017eete potpuno usredoto\u010diti na bitne stvari.<\/p>\n<p>Boja: antracit\/plava<\/p>\n<\/div>","protected":false},"excerpt":{"rendered":"<p>Ovaj strelja\u010dki prsluk je posebno razvijen za takmi\u010darsko ga\u0111anje sa\u010dmaricom.<\/p>","protected":false},"featured_media":5411,"template":"","meta":[],"product_cat":[110,58],"product_tag":[],"class_list":{"0":"post-5407","1":"product","2":"type-product","3":"status-publish","4":"has-post-thumbnail","6":"product_brand-blaser","7":"product_cat-prsluci","8":"product_cat-odjeca-i-obuca","9":"pa_boja-antracit","11":"first","12":"instock","13":"taxable","14":"shipping-taxable","15":"purchasable","16":"product-type-variable"},"_links":{"self":[{"href":"https:\/\/torzokom.com\/ba\/wp-json\/wp\/v2\/product\/5407","targetHints":{"allow":["GET"]}}],"collection":[{"href":"https:\/\/torzokom.com\/ba\/wp-json\/wp\/v2\/product"}],"about":[{"href":"https:\/\/torzokom.com\/ba\/wp-json\/wp\/v2\/types\/product"}],"version-history":[{"count":0,"href":"https:\/\/torzokom.com\/ba\/wp-json\/wp\/v2\/product\/5407\/revisions"}],"wp:featuredmedia":[{"embeddable":true,"href":"https:\/\/torzokom.com\/ba\/wp-json\/wp\/v2\/media\/5411"}],"wp:attachment":[{"href":"https:\/\/torzokom.com\/ba\/wp-json\/wp\/v2\/media?parent=5407"}],"wp:term":[{"taxonomy":"product_cat","embeddable":true,"href":"https:\/\/torzokom.com\/ba\/wp-json\/wp\/v2\/product_cat?post=5407"},{"taxonomy":"product_tag","embeddable":true,"href":"https:\/\/torzokom.com\/ba\/wp-json\/wp\/v2\/product_tag?post=5407"}],"curies":[{"name":"wp","href":"https:\/\/api.w.org\/{rel}","templated":true}]}}