{"id":5421,"date":"2025-09-11T13:48:31","date_gmt":"2025-09-11T11:48:31","guid":{"rendered":"http:\/\/torzokom.com\/?post_type=product&#038;p=5421"},"modified":"2025-11-02T17:33:07","modified_gmt":"2025-11-02T16:33:07","slug":"blaser-majica","status":"publish","type":"product","link":"https:\/\/torzokom.com\/ba\/proizvod\/blaser-majica\/","title":{"rendered":"Blaser majica 231023"},"content":{"rendered":"<h2>Blaser majica<\/h2>\n<p>HunTec Camo i Basic majica!<\/p>\n<p>Blaser Logowear majica privla\u010di poglede s Blaser logom i ekskluzivnim HunTec kamufla\u017eom. Jednostavna za odr\u017eavanje zahvaljuju\u0107i mje\u0161avini pamuka i poliestera, osnovna majica kratkih rukava je oboje \u2013 kod ku\u0107e u lovu i na streljani ili u slobodno vrijeme.\u00a0Crna bojaMu\u0161ka majica kratkih rukava Blaser.<\/p>\n<p>Majica kratkih rukava s oznakom Blaser u boji HunTec Camo.\u00a0Mje\u0161avina pamuka i poliestera koja se lako odr\u017eava.\u00a0\u00a0Upe\u010datljiv otisak logotipa Blaser u HunTec Camo boji<\/p>","protected":false},"excerpt":{"rendered":"<p>Blaser majica HunTec Camo i Basic majica! Blaser Logowear majica privla\u010di poglede s Blaser logom i ekskluzivnim HunTec kamufla\u017eom. Jednostavna za odr\u017eavanje zahvaljuju\u0107i mje\u0161avini pamuka i poliestera, osnovna majica kratkih rukava je oboje \u2013 kod ku\u0107e u lovu i na streljani ili u slobodno vrijeme.\u00a0Crna bojaMu\u0161ka majica kratkih rukava Blaser. Majica kratkih rukava s oznakom [&hellip;]<\/p>\n","protected":false},"featured_media":5426,"template":"","meta":[],"product_cat":[102,58],"product_tag":[],"class_list":{"0":"post-5421","1":"product","2":"type-product","3":"status-publish","4":"has-post-thumbnail","6":"product_brand-blaser","7":"product_cat-majice","8":"product_cat-odjeca-i-obuca","9":"pa_boja-black","10":"pa_boja-navy","11":"pa_boja-smeda","13":"first","14":"instock","15":"taxable","16":"shipping-taxable","17":"purchasable","18":"product-type-variable"},"_links":{"self":[{"href":"https:\/\/torzokom.com\/ba\/wp-json\/wp\/v2\/product\/5421","targetHints":{"allow":["GET"]}}],"collection":[{"href":"https:\/\/torzokom.com\/ba\/wp-json\/wp\/v2\/product"}],"about":[{"href":"https:\/\/torzokom.com\/ba\/wp-json\/wp\/v2\/types\/product"}],"version-history":[{"count":0,"href":"https:\/\/torzokom.com\/ba\/wp-json\/wp\/v2\/product\/5421\/revisions"}],"wp:featuredmedia":[{"embeddable":true,"href":"https:\/\/torzokom.com\/ba\/wp-json\/wp\/v2\/media\/5426"}],"wp:attachment":[{"href":"https:\/\/torzokom.com\/ba\/wp-json\/wp\/v2\/media?parent=5421"}],"wp:term":[{"taxonomy":"product_cat","embeddable":true,"href":"https:\/\/torzokom.com\/ba\/wp-json\/wp\/v2\/product_cat?post=5421"},{"taxonomy":"product_tag","embeddable":true,"href":"https:\/\/torzokom.com\/ba\/wp-json\/wp\/v2\/product_tag?post=5421"}],"curies":[{"name":"wp","href":"https:\/\/api.w.org\/{rel}","templated":true}]}}