{"id":5428,"date":"2025-09-11T13:55:20","date_gmt":"2025-09-11T11:55:20","guid":{"rendered":"http:\/\/torzokom.com\/?post_type=product&#038;p=5428"},"modified":"2025-11-02T16:56:27","modified_gmt":"2025-11-02T15:56:27","slug":"deerhunter-lovacka-majica-logo","status":"publish","type":"product","link":"https:\/\/torzokom.com\/ba\/proizvod\/deerhunter-lovacka-majica-logo\/","title":{"rendered":"Deerhunter lova\u010dka majica"},"content":{"rendered":"<h2>Deerhunter lova\u010dka majica<\/h2>\n<ul>\n<li>Sa \u0161tampom logotipa<\/li>\n<li>Okrugli vrat<\/li>\n<li>Kratki rukavi<\/li>\n<li>Operite naopa\u010dke<\/li>\n<li>Operite sli\u010dnim bojama<\/li>\n<li>Fino pranje, mak. 40 \u00b0C<\/li>\n<li>Ne izbeljivati<\/li>\n<li>Ne su\u0161ite u ma\u0161ini<\/li>\n<li>Osu\u0161ite<\/li>\n<li>Peglati na maksimalnoj temperaturi od 150 \u00b0C<\/li>\n<li>Mo\u017ee se hemijsko \u010di\u0161\u0107enje<\/li>\n<li>Bolje pamuk<\/li>\n<li>Izborom na\u0161ih pamu\u010dnih proizvoda podr\u017eavate ulaganje F. ENGEL\u00ae-a u misiju Better Cotton-a. Ovaj proizvod dolazi iz sistema balansa mase i stoga mo\u017eda ne sadr\u017ei Better Cotton.<\/li>\n<\/ul>","protected":false},"excerpt":{"rendered":"<p>Deerhunter lova\u010dka majica Sa \u0161tampom logotipa Okrugli vrat Kratki rukavi Operite naopa\u010dke Operite sli\u010dnim bojama Fino pranje, mak. 40 \u00b0C Ne izbeljivati Ne su\u0161ite u ma\u0161ini Osu\u0161ite Peglati na maksimalnoj temperaturi od 150 \u00b0C Mo\u017ee se hemijsko \u010di\u0161\u0107enje Bolje pamuk Izborom na\u0161ih pamu\u010dnih proizvoda podr\u017eavate ulaganje F. ENGEL\u00ae-a u misiju Better Cotton-a. Ovaj proizvod dolazi [&hellip;]<\/p>\n","protected":false},"featured_media":5429,"template":"","meta":[],"product_cat":[58,102],"product_tag":[],"class_list":{"0":"post-5428","1":"product","2":"type-product","3":"status-publish","4":"has-post-thumbnail","6":"product_brand-deer-hunter","7":"product_cat-odjeca-i-obuca","8":"product_cat-majice","9":"pa_boja-black","10":"pa_boja-maslinasta","11":"pa_boja-smeda","13":"first","14":"instock","15":"taxable","16":"shipping-taxable","17":"purchasable","18":"product-type-variable"},"_links":{"self":[{"href":"https:\/\/torzokom.com\/ba\/wp-json\/wp\/v2\/product\/5428","targetHints":{"allow":["GET"]}}],"collection":[{"href":"https:\/\/torzokom.com\/ba\/wp-json\/wp\/v2\/product"}],"about":[{"href":"https:\/\/torzokom.com\/ba\/wp-json\/wp\/v2\/types\/product"}],"version-history":[{"count":0,"href":"https:\/\/torzokom.com\/ba\/wp-json\/wp\/v2\/product\/5428\/revisions"}],"wp:featuredmedia":[{"embeddable":true,"href":"https:\/\/torzokom.com\/ba\/wp-json\/wp\/v2\/media\/5429"}],"wp:attachment":[{"href":"https:\/\/torzokom.com\/ba\/wp-json\/wp\/v2\/media?parent=5428"}],"wp:term":[{"taxonomy":"product_cat","embeddable":true,"href":"https:\/\/torzokom.com\/ba\/wp-json\/wp\/v2\/product_cat?post=5428"},{"taxonomy":"product_tag","embeddable":true,"href":"https:\/\/torzokom.com\/ba\/wp-json\/wp\/v2\/product_tag?post=5428"}],"curies":[{"name":"wp","href":"https:\/\/api.w.org\/{rel}","templated":true}]}}