{"id":5472,"date":"2025-09-11T14:57:56","date_gmt":"2025-09-11T12:57:56","guid":{"rendered":"http:\/\/torzokom.com\/?post_type=product&#038;p=5472"},"modified":"2025-10-26T02:28:13","modified_gmt":"2025-10-26T01:28:13","slug":"blaser-lovacki-noz-skinner-professional-110","status":"publish","type":"product","link":"https:\/\/torzokom.com\/ba\/proizvod\/blaser-lovacki-noz-skinner-professional-110\/","title":{"rendered":"Blaser  Noz Skinner Professional 110"},"content":{"rendered":"<h2>Blaser Lovacki Noz Skinner Professional 110<\/h2>\n<p>Izuzetno dobra stabilnost.<\/p>\n<p>O\u0161trica sa vrhom pada<\/p>\n<p>Pun dizajn<\/p>\n<p>Blaser no\u017e Professional Skinner 110 je zbog svoje &#8220;kuke &#8220;za kidanje posebno pogodan za razbijanje otvorene divlja\u010di, kao i skidanje divlja\u010di. Plasti\u010dna ru\u010dka je udobna za dr\u017eanje i izdr\u017eljiva je i stabilna. Plastika se tako\u0111e lako \u010disti i otporna je na vlagu. Dizajn i oblik \u010dine celinu sa Blaser obrazima. Puna konstrukcija, u kojoj su se\u010divo i dr\u0161ka napravljeni od jednog komada \u010delika, obezbe\u0111uje izuzetno dobru stabilnost pri otvaranju. Provereno se\u010divo sa o\u0161trim vrhom sa \u010dvrstim vrhom i robusnim stomakom no\u017ea daje veoma dobre rezultate se\u010denja. Za se\u010divo je izabran izdr\u017eljiv D2 \u010delik. D2 \u010delik impresionira svojim dobrim i dugim zadr\u017eavanjem ivica, o\u0161trinom i prirodom bez r\u0111e. Stoga je \u010delik izabran ovde idealan za upotrebu u lovu. Ubod na zadnjoj strani se\u010diva garantuje precizno i sigurno vo\u0111enje no\u017ea. Uklju\u010dena je najlonska torba.<\/p>\n<p>Funkcionalni pratilac za lov!<\/p>","protected":false},"excerpt":{"rendered":"<p>Blaser Lovacki Noz Skinner Professional 110 Izuzetno dobra stabilnost. O\u0161trica sa vrhom pada Pun dizajn Blaser no\u017e Professional Skinner 110 je zbog svoje &#8220;kuke &#8220;za kidanje posebno pogodan za razbijanje otvorene divlja\u010di, kao i skidanje divlja\u010di. Plasti\u010dna ru\u010dka je udobna za dr\u017eanje i izdr\u017eljiva je i stabilna. Plastika se tako\u0111e lako \u010disti i otporna je [&hellip;]<\/p>\n","protected":false},"featured_media":5473,"template":"","meta":[],"product_cat":[47,83],"product_tag":[],"class_list":{"0":"post-5472","1":"product","2":"type-product","3":"status-publish","4":"has-post-thumbnail","6":"product_brand-blaser","7":"product_cat-nozevi","8":"product_cat-dodatna-oprema","10":"first","11":"instock","12":"taxable","13":"shipping-taxable","14":"purchasable","15":"product-type-simple"},"_links":{"self":[{"href":"https:\/\/torzokom.com\/ba\/wp-json\/wp\/v2\/product\/5472","targetHints":{"allow":["GET"]}}],"collection":[{"href":"https:\/\/torzokom.com\/ba\/wp-json\/wp\/v2\/product"}],"about":[{"href":"https:\/\/torzokom.com\/ba\/wp-json\/wp\/v2\/types\/product"}],"version-history":[{"count":0,"href":"https:\/\/torzokom.com\/ba\/wp-json\/wp\/v2\/product\/5472\/revisions"}],"wp:featuredmedia":[{"embeddable":true,"href":"https:\/\/torzokom.com\/ba\/wp-json\/wp\/v2\/media\/5473"}],"wp:attachment":[{"href":"https:\/\/torzokom.com\/ba\/wp-json\/wp\/v2\/media?parent=5472"}],"wp:term":[{"taxonomy":"product_cat","embeddable":true,"href":"https:\/\/torzokom.com\/ba\/wp-json\/wp\/v2\/product_cat?post=5472"},{"taxonomy":"product_tag","embeddable":true,"href":"https:\/\/torzokom.com\/ba\/wp-json\/wp\/v2\/product_tag?post=5472"}],"curies":[{"name":"wp","href":"https:\/\/api.w.org\/{rel}","templated":true}]}}