{"id":5481,"date":"2025-09-11T15:33:52","date_gmt":"2025-09-11T13:33:52","guid":{"rendered":"http:\/\/torzokom.com\/?post_type=product&#038;p=5481"},"modified":"2025-09-11T15:34:16","modified_gmt":"2025-09-11T13:34:16","slug":"blaser-ultimate-modularni-ruksak-sim-huntec","status":"publish","type":"product","link":"https:\/\/torzokom.com\/ba\/proizvod\/blaser-ultimate-modularni-ruksak-sim-huntec\/","title":{"rendered":"Blaser Ultimate modularni ruksak Sim &#8211; Huntec"},"content":{"rendered":"<h2>Blaser Ultimate modularni ruksak Sim &#8211; Huntec<\/h2>\n<div class=\"ad-description\">\n<p>Blaser Ultimate modularni ruksak Sim &#8211; Huntec<\/p>\n<p>Veliki ranac iz modularnog Ultimate asortimana.\u00a0Blaser Ultimate ruksak veli\u010dina MiS je idealan dodatak Blaser Ultimate asortimanu. Modularni asortiman se sastoji od zadnjeg \u0161tita, futrole za pu\u0161ku i ran\u010deva u veli\u010dinama S i M. Svi moduli se mogu kombinovati sa Blaser Ultimate Backbone osnovnim modulom kako bi formirali inteligentni sistem za no\u0161enje i povezani sa \u010dvrstim MOLLE om\u010dama \u2013 kako bi odgovarali va\u0161im zahtevima i preferencije.<\/p>\n<p>Blaser Ultimate ruksak S kapaciteta 35litara i M kapaciteta 45 litara savr\u0161en je pratilac za sve produ\u017eene lova\u010dke avanture i vi\u0161ednevne \u0161etnje. Ultimate Backpack M mo\u017ee se pristupiti sa vrha i sa prednje strane, tako da svoju opremu uvek mo\u017eete imati pri ruci brzo i lako. Mo\u017eete da koristite dve kompresione trake sa strane i dve trake za pri\u010dvr\u0161\u0107ivanje koje se mogu podesiti po visini na prednjoj strani da biste svom rancu dali optimalan oblik \u2013 da biste svoju opremu u\u010dvrstili na mestu za bezbedan transport. Desni bo\u010dni d\u017eepovi sa rajsfer\u0161lusom nude raznovrsne opcije za odlaganje no\u017eeva, baterijske lampe, klju\u010deva i jo\u0161 mnogo toga, dok je na levoj strani prostrana podstavljena pregrada za teleskope do 43 cm du\u017eine. D\u017eep za dokumente kome se mo\u017ee pristupiti spolja omogu\u0107ava vam bezbedno skladi\u0161tenje va\u017enih dokumenata kao \u0161to su va\u0161a li\u010dna karta i lova\u010dka dozvola.<\/p>\n<p>Elasti\u010dni u\u017ead na spoljnoj strani poklopca, kao i osam om\u010dica unutar poklopca obezbe\u0111uju jo\u0161 efikasnije organizovanje. Osnova ranca ima pregradu za ogrta\u010d za ki\u0161u. Ki\u0161ni ogrta\u010d je dostupan zasebno i nije uklju\u010den. Blaser Ultimate ruksak M se isporu\u010duje sa potrebnim materijalima za pri\u010dvr\u0161\u0107ivanje za Ultimate asortiman.<\/p>\n<p>Pogodno za upotrebu sa sistemom za pi\u0107e. Dostupan u braon i HunTec Camo boji.\u00a0Blaser Ultimate Backpack M \u2013 veliki model ranca za va\u0161u vrhunsku avanturu!<\/p>\n<\/div>","protected":false},"excerpt":{"rendered":"<p>Blaser Ultimate modularni ruksak Sim &#8211; Huntec Blaser Ultimate modularni ruksak Sim &#8211; Huntec Veliki ranac iz modularnog Ultimate asortimana.\u00a0Blaser Ultimate ruksak veli\u010dina MiS je idealan dodatak Blaser Ultimate asortimanu. Modularni asortiman se sastoji od zadnjeg \u0161tita, futrole za pu\u0161ku i ran\u010deva u veli\u010dinama S i M. Svi moduli se mogu kombinovati sa Blaser Ultimate [&hellip;]<\/p>\n","protected":false},"featured_media":5482,"template":"","meta":[],"product_cat":[33],"product_tag":[],"class_list":{"0":"post-5481","1":"product","2":"type-product","3":"status-publish","4":"has-post-thumbnail","6":"product_brand-blaser","7":"product_cat-torbe-ruksaci","9":"first","10":"instock","11":"taxable","12":"shipping-taxable","13":"purchasable","14":"product-type-simple"},"_links":{"self":[{"href":"https:\/\/torzokom.com\/ba\/wp-json\/wp\/v2\/product\/5481","targetHints":{"allow":["GET"]}}],"collection":[{"href":"https:\/\/torzokom.com\/ba\/wp-json\/wp\/v2\/product"}],"about":[{"href":"https:\/\/torzokom.com\/ba\/wp-json\/wp\/v2\/types\/product"}],"version-history":[{"count":0,"href":"https:\/\/torzokom.com\/ba\/wp-json\/wp\/v2\/product\/5481\/revisions"}],"wp:featuredmedia":[{"embeddable":true,"href":"https:\/\/torzokom.com\/ba\/wp-json\/wp\/v2\/media\/5482"}],"wp:attachment":[{"href":"https:\/\/torzokom.com\/ba\/wp-json\/wp\/v2\/media?parent=5481"}],"wp:term":[{"taxonomy":"product_cat","embeddable":true,"href":"https:\/\/torzokom.com\/ba\/wp-json\/wp\/v2\/product_cat?post=5481"},{"taxonomy":"product_tag","embeddable":true,"href":"https:\/\/torzokom.com\/ba\/wp-json\/wp\/v2\/product_tag?post=5481"}],"curies":[{"name":"wp","href":"https:\/\/api.w.org\/{rel}","templated":true}]}}