{"id":5489,"date":"2025-09-11T15:43:37","date_gmt":"2025-09-11T13:43:37","guid":{"rendered":"http:\/\/torzokom.com\/?post_type=product&#038;p=5489"},"modified":"2025-10-28T01:29:23","modified_gmt":"2025-10-28T00:29:23","slug":"sauer-lovacka-torbaoslonac","status":"publish","type":"product","link":"https:\/\/torzokom.com\/ba\/proizvod\/sauer-lovacka-torbaoslonac\/","title":{"rendered":"Sauer lova\u010dka torba+oslonac"},"content":{"rendered":"<h2>Sauer lova\u010dka torba+oslonac<\/h2>\n<div class=\"ad-description\">\n<p>Kad nema potrebe,uzimati masivni lova\u010dki ranac? Sauer lova\u010dka torba+oslonac je dovoljno velika da u nju mo\u017eete da smestite va\u0161u termovizijsku kameru, municiju, \u0107ebe\/jaknu za pse i druge lova\u010dke dodatke. Tako\u0111e dolazi sa odvojivim postoljem za pu\u0161ku podstavljenim plasti\u010dnim kuglicama. Materijal od poliestera nudi tihi pristup svim predmetima koji su vam potrebni. Ba\u0161 kao i sedlo, torba se mo\u017ee oka\u010diti preko svake grane u \u0161umi ili ograde,grede na lova\u010dkoj \u010deki ili lova\u010dkoj ku\u0107ici, tako da su svi d\u017eepovi brzo i lako na dohvat ruke.<\/p>\n<p>Sauer lova\u010dka torba+oslonac je reverzibilna kako bi za\u0161titila sadr\u017eaj torbe od lo\u0161ih vremenskih uslova. Poseduje naramenicu koja je podesiva po du\u017eini za udobno no\u0161enje, kao i brojne pregrade i 6 petlji , koje su dostupne spolja.<\/p>\n<p>Na prvi pogled:<\/p>\n<ul>\n<li>Tihi poliesterski materijal je savr\u0161en za ko\u017eu<\/li>\n<li>Kada je torba oka\u010dena preko ograde kao sedlo, svi d\u017eepovi su lako i ne\u010dujno dostupni<\/li>\n<li>Sofisticirani d\u017eepni sistem za sve osnovne stvari i vi\u0161e: termovizijska kamera, municija, \u0107ebe za jaknu\/pse, oslonac za pu\u0161ku i drugi pribor<\/li>\n<li>Dolazi sa odvojivim naslonom za pu\u0161ku (materijal za punjenje: plasti\u010dne kuglice)<\/li>\n<li>Udoban za no\u0161enje zahvaljuju\u0107i podesivom remenu za ramena<\/li>\n<li>Lova\u010dka torba je reverzibilna za pove\u0107anu za\u0161titu u lo\u0161im vremenskim uslovima<\/li>\n<\/ul>\n<p>&nbsp;<\/p>\n<\/div>","protected":false},"excerpt":{"rendered":"<p>Sauer lova\u010dka torba+oslonac Kad nema potrebe,uzimati masivni lova\u010dki ranac? Sauer lova\u010dka torba+oslonac je dovoljno velika da u nju mo\u017eete da smestite va\u0161u termovizijsku kameru, municiju, \u0107ebe\/jaknu za pse i druge lova\u010dke dodatke. Tako\u0111e dolazi sa odvojivim postoljem za pu\u0161ku podstavljenim plasti\u010dnim kuglicama. Materijal od poliestera nudi tihi pristup svim predmetima koji su vam potrebni. Ba\u0161 [&hellip;]<\/p>\n","protected":false},"featured_media":5491,"template":"","meta":[],"product_cat":[33,83],"product_tag":[],"class_list":{"0":"post-5489","1":"product","2":"type-product","3":"status-publish","4":"has-post-thumbnail","6":"product_brand-sauer","7":"product_cat-torbe-ruksaci","8":"product_cat-dodatna-oprema","10":"first","11":"instock","12":"taxable","13":"shipping-taxable","14":"purchasable","15":"product-type-simple"},"_links":{"self":[{"href":"https:\/\/torzokom.com\/ba\/wp-json\/wp\/v2\/product\/5489","targetHints":{"allow":["GET"]}}],"collection":[{"href":"https:\/\/torzokom.com\/ba\/wp-json\/wp\/v2\/product"}],"about":[{"href":"https:\/\/torzokom.com\/ba\/wp-json\/wp\/v2\/types\/product"}],"version-history":[{"count":0,"href":"https:\/\/torzokom.com\/ba\/wp-json\/wp\/v2\/product\/5489\/revisions"}],"wp:featuredmedia":[{"embeddable":true,"href":"https:\/\/torzokom.com\/ba\/wp-json\/wp\/v2\/media\/5491"}],"wp:attachment":[{"href":"https:\/\/torzokom.com\/ba\/wp-json\/wp\/v2\/media?parent=5489"}],"wp:term":[{"taxonomy":"product_cat","embeddable":true,"href":"https:\/\/torzokom.com\/ba\/wp-json\/wp\/v2\/product_cat?post=5489"},{"taxonomy":"product_tag","embeddable":true,"href":"https:\/\/torzokom.com\/ba\/wp-json\/wp\/v2\/product_tag?post=5489"}],"curies":[{"name":"wp","href":"https:\/\/api.w.org\/{rel}","templated":true}]}}