{"id":5502,"date":"2025-09-11T16:11:22","date_gmt":"2025-09-11T14:11:22","guid":{"rendered":"http:\/\/torzokom.com\/?post_type=product&#038;p=5502"},"modified":"2025-12-09T17:00:15","modified_gmt":"2025-12-09T16:00:15","slug":"signal-pistolj-ekol-major-satina","status":"publish","type":"product","link":"https:\/\/torzokom.com\/ba\/proizvod\/signal-pistolj-ekol-major-satina\/","title":{"rendered":"Signalni pi\u0161tolj Ekol Major Satina"},"content":{"rendered":"<h2>Signal Pistolj Ekol Major Satina<\/h2>\n<p>Signal pi\u0161tolj koristi municiju punjenu malodimnim barutom 9mm Pak i u sanzer staje 7+1 metaka. Te\u017eina i veli\u010dina stra\u0161ljivca je ista kao i pravi pi\u0161tolj WALTHER PPK po kojem je ovaj stra\u0161ljivac i napravljen. Stra\u0161ljivac dolazi upakovan u plasti\u010dni kofer i uz njega dolazi nastavak za ispaljivanje svjetle\u0107ih raketica.<\/p>\n<p>&nbsp;<\/p>","protected":false},"excerpt":{"rendered":"<p>Signal Pistolj Ekol Major Satina Signal pi\u0161tolj koristi municiju punjenu malodimnim barutom 9mm Pak i u sanzer staje 7+1 metaka. Te\u017eina i veli\u010dina stra\u0161ljivca je ista kao i pravi pi\u0161tolj WALTHER PPK po kojem je ovaj stra\u0161ljivac i napravljen. Stra\u0161ljivac dolazi upakovan u plasti\u010dni kofer i uz njega dolazi nastavak za ispaljivanje svjetle\u0107ih raketica. &nbsp;<\/p>","protected":false},"featured_media":5503,"template":"","meta":[],"product_cat":[46,179],"product_tag":[],"class_list":{"0":"post-5502","1":"product","2":"type-product","3":"status-publish","4":"has-post-thumbnail","6":"product_brand-ekol","7":"product_cat-oruzje","8":"product_cat-signalni-startni-pistolji","10":"first","11":"instock","12":"taxable","13":"shipping-taxable","14":"purchasable","15":"product-type-simple"},"_links":{"self":[{"href":"https:\/\/torzokom.com\/ba\/wp-json\/wp\/v2\/product\/5502","targetHints":{"allow":["GET"]}}],"collection":[{"href":"https:\/\/torzokom.com\/ba\/wp-json\/wp\/v2\/product"}],"about":[{"href":"https:\/\/torzokom.com\/ba\/wp-json\/wp\/v2\/types\/product"}],"version-history":[{"count":0,"href":"https:\/\/torzokom.com\/ba\/wp-json\/wp\/v2\/product\/5502\/revisions"}],"wp:featuredmedia":[{"embeddable":true,"href":"https:\/\/torzokom.com\/ba\/wp-json\/wp\/v2\/media\/5503"}],"wp:attachment":[{"href":"https:\/\/torzokom.com\/ba\/wp-json\/wp\/v2\/media?parent=5502"}],"wp:term":[{"taxonomy":"product_cat","embeddable":true,"href":"https:\/\/torzokom.com\/ba\/wp-json\/wp\/v2\/product_cat?post=5502"},{"taxonomy":"product_tag","embeddable":true,"href":"https:\/\/torzokom.com\/ba\/wp-json\/wp\/v2\/product_tag?post=5502"}],"curies":[{"name":"wp","href":"https:\/\/api.w.org\/{rel}","templated":true}]}}