{"id":5514,"date":"2025-09-11T16:42:17","date_gmt":"2025-09-11T14:42:17","guid":{"rendered":"http:\/\/torzokom.com\/?post_type=product&#038;p=5514"},"modified":"2025-10-28T01:29:43","modified_gmt":"2025-10-28T00:29:43","slug":"sauer-lovacki-noz-walnut","status":"publish","type":"product","link":"https:\/\/torzokom.com\/ba\/proizvod\/sauer-lovacki-noz-walnut\/","title":{"rendered":"Sauer Lova\u010dki No\u017e Walnut"},"content":{"rendered":"<h2>Sauer Lovacki Noz Walnut<\/h2>\n<p>O\u0161trica du\u017eine 8,5 cm (3,47 in\u010da) napravljena od ner\u0111aju\u0107eg \u010delika 440, sa ru\u010dkama od oraha i ko\u017enim omota\u010dem.<\/p>","protected":false},"excerpt":{"rendered":"<p>Sauer Lovacki Noz Walnut O\u0161trica du\u017eine 8,5 cm (3,47 in\u010da) napravljena od ner\u0111aju\u0107eg \u010delika 440, sa ru\u010dkama od oraha i ko\u017enim omota\u010dem.<\/p>","protected":false},"featured_media":5515,"template":"","meta":[],"product_cat":[47,83],"product_tag":[],"class_list":{"0":"post-5514","1":"product","2":"type-product","3":"status-publish","4":"has-post-thumbnail","6":"product_brand-sauer","7":"product_cat-nozevi","8":"product_cat-dodatna-oprema","10":"first","11":"instock","12":"taxable","13":"shipping-taxable","14":"purchasable","15":"product-type-simple"},"_links":{"self":[{"href":"https:\/\/torzokom.com\/ba\/wp-json\/wp\/v2\/product\/5514","targetHints":{"allow":["GET"]}}],"collection":[{"href":"https:\/\/torzokom.com\/ba\/wp-json\/wp\/v2\/product"}],"about":[{"href":"https:\/\/torzokom.com\/ba\/wp-json\/wp\/v2\/types\/product"}],"version-history":[{"count":0,"href":"https:\/\/torzokom.com\/ba\/wp-json\/wp\/v2\/product\/5514\/revisions"}],"wp:featuredmedia":[{"embeddable":true,"href":"https:\/\/torzokom.com\/ba\/wp-json\/wp\/v2\/media\/5515"}],"wp:attachment":[{"href":"https:\/\/torzokom.com\/ba\/wp-json\/wp\/v2\/media?parent=5514"}],"wp:term":[{"taxonomy":"product_cat","embeddable":true,"href":"https:\/\/torzokom.com\/ba\/wp-json\/wp\/v2\/product_cat?post=5514"},{"taxonomy":"product_tag","embeddable":true,"href":"https:\/\/torzokom.com\/ba\/wp-json\/wp\/v2\/product_tag?post=5514"}],"curies":[{"name":"wp","href":"https:\/\/api.w.org\/{rel}","templated":true}]}}