{"id":5516,"date":"2025-09-11T16:49:31","date_gmt":"2025-09-11T14:49:31","guid":{"rendered":"http:\/\/torzokom.com\/?post_type=product&#038;p=5516"},"modified":"2026-04-16T14:59:58","modified_gmt":"2026-04-16T12:59:58","slug":"monokular-daljinomjer-termalni-nocpix-rico-2-h75r","status":"publish","type":"product","link":"https:\/\/torzokom.com\/ba\/proizvod\/monokular-daljinomjer-termalni-nocpix-rico-2-h75r\/","title":{"rendered":"Nocpix Rico 2 L42R Termalni Monokular sa Daljinomjer"},"content":{"rendered":"<h2>Monokular Daljinomjer Termalni Nocpix Rico 2 H75R<\/h2>\n<p>Termovizija serije RICO2 dizajniran je za lovce koji zahtevaju najbolje u pogledu jasno\u0107e, dometa i udobnosti. Dizajniran sa vode\u0107im termovizijskim senzorom u industriji i velikom brzinom kadrova, pru\u017ea ultra-premium kvalitet slike koji \u010dini identifikaciju i posmatranje mete lakim. Njegova velika \u017ei\u017ena daljina i ugra\u0111eni (daljinomjer)LRF osiguravaju da mo\u017eete precizno da ga\u0111ate udaljene mete, dok napredni opti\u010dki dizajn pru\u017ea impresivno iskustvo gledanja bez izobli\u010denja. Sa beskona\u010dnom polugom zuma i izuzetnim olak\u0161anjem oka, serija RICO2 omogu\u0107ava lovcima da neprimetno pode\u0161avaju uve\u0107anje i da ostanu udobni tokom du\u017eeg lova. Sa svojim inovativnim tehnologijama i dizajnom usredsre\u0111enim na korisnika, serija RICO2 vam zaista omogu\u0107ava \u201eLov izvan granica.<\/p>\n<p>Rico 2 serija \u2013 profesionalni termal je stigao!<\/p>\n<p>Potpuno novi termalni Rico 2 dizajniran je za lovce koji tra\u017ee najbolje u jasno\u0107i, dometu i udobnosti. Rico 2 je vrhunski alat za lov izvan granica.<\/p>\n<p>Senzor druge generacije 1280<\/p>\n<p>Iskoristite vrhunsku drugu generaciju senzora 1280@12mm@60Hz i 640@12mm@60Hz opciju, obe imaju NETD \u226415mK, za o\u0161tre slike visokog kontrasta i pobolj\u0161anu identifikaciju cilja.<\/p>\n<p>Pobolj\u0161ana jasno\u0107a sa ve\u0107im so\u010divom<\/p>\n<p>RICO 2 je opremljen ve\u0107im objektivima (75mm\/F1.0, 50mm\/F1.0, 42mm\/F1.0), nude\u0107i pobolj\u0161ane mogu\u0107nosti prikupljanja svetlosti za izuzetnu jasno\u0107u slike i pro\u0161ireni opseg<\/p>\n<p>Beskona\u010dna poluga zuma u \u200b\u200bstilu LPVO<\/p>\n<p>RICO 2 serija vam omogu\u0107ava da bez napora fino podesite uve\u0107anje pomo\u0107u beskona\u010dne poluge zuma u \u200b\u200bstilu LPVO, koja obezbe\u0111uje brza, besprekorna pode\u0161avanja za pouzdano ga\u0111anje ciljeva na bilo kojoj udaljenosti sa precizno\u0161\u0107u.<\/p>\n<p>Ro\u0111en za velike udaljenosti<\/p>\n<p><em>RICO 2 serija ima impresivan domet detekcije do 3896m,<\/em> \u0161to vam daje zna\u010dajnu prednost u lovu na velike udaljenosti i preciznom ciljanju.<\/p>\n<p>Agilan i precizan Integrisani LRF(daljinomjer)<\/p>\n<p><em>RICO 2 je opremljen integrisanim LRF, koji nudi lasersko odre\u0111ivanje dometa do 1200 m sa istinskim poravnanjem opti\u010dke ose, obezbe\u0111uju\u0107i precizna merenja udaljenosti uz odr\u017eavanje elegantnog i elegantnog dizajn<\/em>a.<\/p>\n<p>Ugra\u0111eni balisti\u010dki prora\u010duni<\/p>\n<p>Ultra-jasno, udobno gledanje<\/p>\n<p>OLED ekran od 1,03&#8243; od 2560\u00d72560 (S75R), okular bez izobli\u010denja, 70 mm o\u010dna reljef i izlazna zenica od 23 mm pru\u017eaju jasno, udobno gledanje za produ\u017eene sesije<\/p>\n<p>Bezbednost + udobno olak\u0161anje o\u010diju<\/p>\n<p>Model S75R je opremljen rastere\u0107enjem oka bez presedana od 70 mm, koji obezbe\u0111uje maksimalnu udobnost za produ\u017eenu upotrebu bez naprezanja o\u010diju i obezbe\u0111uje sigurnost za o\u010di.<\/p>\n<p>Domet detekcije RICO H75R je 3900mu kombinaciji sa integrisanim daljinomjerom LRF od 1200 .Uve\u010banje x 4-32m i ugra\u0111enim balisti\u010dkim prora\u010dunima. Ova mo\u0107na kombinacija obezbe\u0111uje precizno merenje udaljenosti i omogu\u0107ava vam da precizno poga\u0111ate mete velikog dometa, bez obzira na uslove.<\/p>\n<p>Beskona\u010dna poluga zuma: Zaboravite tradicionalna dugmad\u2014Rico 2 ima polugu zuma u \u200b\u200bstilu LPVO, omogu\u0107avaju\u0107i brza, glatka pode\u0161avanja za zaklju\u010davanje cilja bez odlaganja. Ostanite brzi i fleksibilni, bez obzira na razdaljinu.<\/p>\n<p>Vrhunski Gen-2 termalni senzor: Do\u017eivite ultra-jasni vizuelni prikaz sa najsavremenijim Gen-2 senzorom, koji daje slike visoke rezolucije 1280k1024 na 60Hz. Sa NETD \u226415mK, identifikacija mete je precizna, \u010dak iu okru\u017eenjima sa niskim kontrastom.<\/p>\n<p>Pobolj\u0161ana vizuelna udobnost: Sa F1.0 velikim objektivom, 70 mm reljefom oka i OLED ekranom bez izobli\u010denja, Rico 2 obezbe\u0111uje impresivno i udobno iskustvo gledanja, \u010dak i tokom dugih sesija lova.<\/p>","protected":false},"excerpt":{"rendered":"<p>Monokular Daljinomjer Termalni Nocpix Rico 2 H75R Termovizija serije RICO2 dizajniran je za lovce koji zahtevaju najbolje u pogledu jasno\u0107e, dometa i udobnosti. Dizajniran sa vode\u0107im termovizijskim senzorom u industriji i velikom brzinom kadrova, pru\u017ea ultra-premium kvalitet slike koji \u010dini identifikaciju i posmatranje mete lakim. Njegova velika \u017ei\u017ena daljina i ugra\u0111eni (daljinomjer)LRF osiguravaju da mo\u017eete [&hellip;]<\/p>\n","protected":false},"featured_media":5517,"template":"","meta":[],"product_cat":[109,177],"product_tag":[],"class_list":{"0":"post-5516","1":"product","2":"type-product","3":"status-publish","4":"has-post-thumbnail","6":"product_brand-nocpix","7":"product_cat-monokulari","8":"product_cat-termalni-uredjaji","10":"first","11":"outofstock","12":"sale","13":"taxable","14":"shipping-taxable","15":"purchasable","16":"product-type-simple"},"_links":{"self":[{"href":"https:\/\/torzokom.com\/ba\/wp-json\/wp\/v2\/product\/5516","targetHints":{"allow":["GET"]}}],"collection":[{"href":"https:\/\/torzokom.com\/ba\/wp-json\/wp\/v2\/product"}],"about":[{"href":"https:\/\/torzokom.com\/ba\/wp-json\/wp\/v2\/types\/product"}],"version-history":[{"count":1,"href":"https:\/\/torzokom.com\/ba\/wp-json\/wp\/v2\/product\/5516\/revisions"}],"predecessor-version":[{"id":10204,"href":"https:\/\/torzokom.com\/ba\/wp-json\/wp\/v2\/product\/5516\/revisions\/10204"}],"wp:featuredmedia":[{"embeddable":true,"href":"https:\/\/torzokom.com\/ba\/wp-json\/wp\/v2\/media\/5517"}],"wp:attachment":[{"href":"https:\/\/torzokom.com\/ba\/wp-json\/wp\/v2\/media?parent=5516"}],"wp:term":[{"taxonomy":"product_cat","embeddable":true,"href":"https:\/\/torzokom.com\/ba\/wp-json\/wp\/v2\/product_cat?post=5516"},{"taxonomy":"product_tag","embeddable":true,"href":"https:\/\/torzokom.com\/ba\/wp-json\/wp\/v2\/product_tag?post=5516"}],"curies":[{"name":"wp","href":"https:\/\/api.w.org\/{rel}","templated":true}]}}