{"id":5518,"date":"2025-09-11T17:53:18","date_gmt":"2025-09-11T15:53:18","guid":{"rendered":"http:\/\/torzokom.com\/?post_type=product&#038;p=5518"},"modified":"2025-10-26T02:26:41","modified_gmt":"2025-10-26T01:26:41","slug":"blaser-noz-preklopni-carbon-80414849","status":"publish","type":"product","link":"https:\/\/torzokom.com\/ba\/proizvod\/blaser-noz-preklopni-carbon-80414849\/","title":{"rendered":"Blaser Noz Preklopni Carbon 80414849"},"content":{"rendered":"<h2>Blaser Noz Folding Knife Carbon Sklopivi<\/h2>\n<p>Blaser Ultimate Carbon-Fiber Folding Knife je lagan, visokokvalitetan sklopivi no\u017e od karbonskih vlakana, te\u017eak samo 87 g, pogodan za svakoga ko tra\u017ei odli\u010dan svestrani alat. No\u017e ima sli\u010dan stil kao Blaser karbonska vlakna i mo\u017ee se zaka\u010diti za kai\u0161 u elegantnom ko\u017enom omotu ili se mo\u017ee odlo\u017eiti direktno u d\u017eep jakne ili pantalona pomo\u0107u kop\u010de za duboki d\u017eep. O\u0161trica debljine 2,7 mm \u010dini no\u017e idealnim za sve va\u0161e aktivnosti na otvorenom i lov. Pored toga, mehanizam za zaklju\u010davanje vijaka koji je jednostavan za kori\u0161\u0107enje osigurava da se no\u017e zaka\u010di pri otvaranju, \u0161to ga \u010dini veoma jednostavnim i bezbednim za upotrebu. Se\u010divo duga\u010dko 7,7 cm je napravljeno od \u010delika CPM S35VN, \u0161to no\u017eu daje veoma dobro zadr\u017eavanje ivica. Hemijski sastav ovog \u010delika tako\u0111e mu obezbe\u0111uje veoma dobru otpornost na habanje i koroziju. Kombinacija se\u010diva i \u010delika obezbe\u0111uje visok kvalitet i dugotrajnu o\u0161trinu. Ergonomska, robusna dr\u0161ka od karbonskih vlakana \u010dini no\u017e lakim za dr\u017eanje i nikada vas ne izneveri, \u010dak ni u vla\u017enim uslovima. Bezbedan i pouzdan \u2013 Blaser Ultimate sklopivi no\u017e od karbonskih vlakana. Stavka koju morate imati!<\/p>","protected":false},"excerpt":{"rendered":"<p>Blaser Noz Folding Knife Carbon Sklopivi Blaser Ultimate Carbon-Fiber Folding Knife je lagan, visokokvalitetan sklopivi no\u017e od karbonskih vlakana, te\u017eak samo 87 g, pogodan za svakoga ko tra\u017ei odli\u010dan svestrani alat. No\u017e ima sli\u010dan stil kao Blaser karbonska vlakna i mo\u017ee se zaka\u010diti za kai\u0161 u elegantnom ko\u017enom omotu ili se mo\u017ee odlo\u017eiti direktno u [&hellip;]<\/p>\n","protected":false},"featured_media":5519,"template":"","meta":[],"product_cat":[47,83],"product_tag":[],"class_list":{"0":"post-5518","1":"product","2":"type-product","3":"status-publish","4":"has-post-thumbnail","6":"product_brand-blaser","7":"product_cat-nozevi","8":"product_cat-dodatna-oprema","10":"first","11":"instock","12":"taxable","13":"shipping-taxable","14":"purchasable","15":"product-type-simple"},"_links":{"self":[{"href":"https:\/\/torzokom.com\/ba\/wp-json\/wp\/v2\/product\/5518","targetHints":{"allow":["GET"]}}],"collection":[{"href":"https:\/\/torzokom.com\/ba\/wp-json\/wp\/v2\/product"}],"about":[{"href":"https:\/\/torzokom.com\/ba\/wp-json\/wp\/v2\/types\/product"}],"version-history":[{"count":0,"href":"https:\/\/torzokom.com\/ba\/wp-json\/wp\/v2\/product\/5518\/revisions"}],"wp:featuredmedia":[{"embeddable":true,"href":"https:\/\/torzokom.com\/ba\/wp-json\/wp\/v2\/media\/5519"}],"wp:attachment":[{"href":"https:\/\/torzokom.com\/ba\/wp-json\/wp\/v2\/media?parent=5518"}],"wp:term":[{"taxonomy":"product_cat","embeddable":true,"href":"https:\/\/torzokom.com\/ba\/wp-json\/wp\/v2\/product_cat?post=5518"},{"taxonomy":"product_tag","embeddable":true,"href":"https:\/\/torzokom.com\/ba\/wp-json\/wp\/v2\/product_tag?post=5518"}],"curies":[{"name":"wp","href":"https:\/\/api.w.org\/{rel}","templated":true}]}}