{"id":5522,"date":"2025-09-11T18:07:51","date_gmt":"2025-09-11T16:07:51","guid":{"rendered":"http:\/\/torzokom.com\/?post_type=product&#038;p=5522"},"modified":"2025-10-26T19:53:41","modified_gmt":"2025-10-26T18:53:41","slug":"blaser-noz-classic-80","status":"publish","type":"product","link":"https:\/\/torzokom.com\/ba\/proizvod\/blaser-noz-classic-80\/","title":{"rendered":"Blaser No\u017e Classic 80"},"content":{"rendered":"<h2>Blaser Noz Classic 80<\/h2>\n<p>Blaser Classic Knife 80 je klasi\u010dan i elegantan lova\u010dki no\u017e sa o\u0161tricom du\u017eine 8 cm. Idealan je za sve koji tra\u017ee bezvremenski svestrani no\u017e. No\u017e se mo\u017ee bezbedno \u010duvati u prilo\u017eenoj ko\u017enoj korici. Okrugli oblik se\u010diva i dizajn ta\u010dke pada \u010dine no\u017e savr\u0161enim za sve aktivnosti na otvorenom i lova. O\u0161trica je napravljena od \u010delika 14C28N, \u0161to daje no\u017eu veoma dobru o\u0161trinu i \u010dini ga otpornim na koroziju. Pored toga, \u010delik 14C28N je otporan na r\u0111u i veoma je tvrd. Kombinacija orahovog drveta i satenskih detalja na dr\u0161ci upotpunjuju dizajn i \u010dine no\u017e pravim privla\u010dnim za o\u010di. Bezvremenski, kompaktni lova\u010dki no\u017e za lov i upotrebu na otvorenom!<\/p>","protected":false},"excerpt":{"rendered":"<p>Blaser Noz Classic 80 Blaser Classic Knife 80 je klasi\u010dan i elegantan lova\u010dki no\u017e sa o\u0161tricom du\u017eine 8 cm. Idealan je za sve koji tra\u017ee bezvremenski svestrani no\u017e. No\u017e se mo\u017ee bezbedno \u010duvati u prilo\u017eenoj ko\u017enoj korici. Okrugli oblik se\u010diva i dizajn ta\u010dke pada \u010dine no\u017e savr\u0161enim za sve aktivnosti na otvorenom i lova. O\u0161trica [&hellip;]<\/p>\n","protected":false},"featured_media":5523,"template":"","meta":[],"product_cat":[47,83],"product_tag":[],"class_list":{"0":"post-5522","1":"product","2":"type-product","3":"status-publish","4":"has-post-thumbnail","6":"product_brand-blaser","7":"product_cat-nozevi","8":"product_cat-dodatna-oprema","10":"first","11":"instock","12":"taxable","13":"shipping-taxable","14":"purchasable","15":"product-type-simple"},"_links":{"self":[{"href":"https:\/\/torzokom.com\/ba\/wp-json\/wp\/v2\/product\/5522","targetHints":{"allow":["GET"]}}],"collection":[{"href":"https:\/\/torzokom.com\/ba\/wp-json\/wp\/v2\/product"}],"about":[{"href":"https:\/\/torzokom.com\/ba\/wp-json\/wp\/v2\/types\/product"}],"version-history":[{"count":0,"href":"https:\/\/torzokom.com\/ba\/wp-json\/wp\/v2\/product\/5522\/revisions"}],"wp:featuredmedia":[{"embeddable":true,"href":"https:\/\/torzokom.com\/ba\/wp-json\/wp\/v2\/media\/5523"}],"wp:attachment":[{"href":"https:\/\/torzokom.com\/ba\/wp-json\/wp\/v2\/media?parent=5522"}],"wp:term":[{"taxonomy":"product_cat","embeddable":true,"href":"https:\/\/torzokom.com\/ba\/wp-json\/wp\/v2\/product_cat?post=5522"},{"taxonomy":"product_tag","embeddable":true,"href":"https:\/\/torzokom.com\/ba\/wp-json\/wp\/v2\/product_tag?post=5522"}],"curies":[{"name":"wp","href":"https:\/\/api.w.org\/{rel}","templated":true}]}}