{"id":5524,"date":"2025-09-11T18:18:13","date_gmt":"2025-09-11T16:18:13","guid":{"rendered":"http:\/\/torzokom.com\/?post_type=product&#038;p=5524"},"modified":"2025-10-26T02:30:05","modified_gmt":"2025-10-26T01:30:05","slug":"blaser-noz-ultimate-80408405","status":"publish","type":"product","link":"https:\/\/torzokom.com\/ba\/proizvod\/blaser-noz-ultimate-80408405\/","title":{"rendered":"Blaser No\u017e Ultimate 80408405"},"content":{"rendered":"<h2>Blaser Noz Ultimate<\/h2>\n<p>No\u017e Blaser Ultimate ima rotiraju\u0107i sje\u010divo i precizno prianjaju\u0107i kabasti futrolu od Kydexa. Se\u010divo koje se otvara na rasklop sa izbo\u010denim vrhom osigurava da se plijen otvori \u010disto, posebno spre\u010davaju\u0107i povredu strevne sape.<\/p>","protected":false},"excerpt":{"rendered":"<p>Blaser Noz Ultimate No\u017e Blaser Ultimate ima rotiraju\u0107i sje\u010divo i precizno prianjaju\u0107i kabasti futrolu od Kydexa. Se\u010divo koje se otvara na rasklop sa izbo\u010denim vrhom osigurava da se plijen otvori \u010disto, posebno spre\u010davaju\u0107i povredu strevne sape.<\/p>","protected":false},"featured_media":5525,"template":"","meta":[],"product_cat":[47,83],"product_tag":[],"class_list":{"0":"post-5524","1":"product","2":"type-product","3":"status-publish","4":"has-post-thumbnail","6":"product_brand-blaser","7":"product_cat-nozevi","8":"product_cat-dodatna-oprema","10":"first","11":"instock","12":"taxable","13":"shipping-taxable","14":"purchasable","15":"product-type-simple"},"_links":{"self":[{"href":"https:\/\/torzokom.com\/ba\/wp-json\/wp\/v2\/product\/5524","targetHints":{"allow":["GET"]}}],"collection":[{"href":"https:\/\/torzokom.com\/ba\/wp-json\/wp\/v2\/product"}],"about":[{"href":"https:\/\/torzokom.com\/ba\/wp-json\/wp\/v2\/types\/product"}],"version-history":[{"count":0,"href":"https:\/\/torzokom.com\/ba\/wp-json\/wp\/v2\/product\/5524\/revisions"}],"wp:featuredmedia":[{"embeddable":true,"href":"https:\/\/torzokom.com\/ba\/wp-json\/wp\/v2\/media\/5525"}],"wp:attachment":[{"href":"https:\/\/torzokom.com\/ba\/wp-json\/wp\/v2\/media?parent=5524"}],"wp:term":[{"taxonomy":"product_cat","embeddable":true,"href":"https:\/\/torzokom.com\/ba\/wp-json\/wp\/v2\/product_cat?post=5524"},{"taxonomy":"product_tag","embeddable":true,"href":"https:\/\/torzokom.com\/ba\/wp-json\/wp\/v2\/product_tag?post=5524"}],"curies":[{"name":"wp","href":"https:\/\/api.w.org\/{rel}","templated":true}]}}