{"id":5526,"date":"2025-09-11T18:23:35","date_gmt":"2025-09-11T16:23:35","guid":{"rendered":"http:\/\/torzokom.com\/?post_type=product&#038;p=5526"},"modified":"2025-10-26T02:31:00","modified_gmt":"2025-10-26T01:31:00","slug":"blaser-noz-prestige-110","status":"publish","type":"product","link":"https:\/\/torzokom.com\/ba\/proizvod\/blaser-noz-prestige-110\/","title":{"rendered":"Blaser No\u017e Prestige 110"},"content":{"rendered":"<h2>Blaser Lovacki Noz Prestige 110<\/h2>\n<p>Elegantna dr\u0161ka od orahovog drveta. Veoma dobra otpornost na habanje i koroziju. O\u0161trica sa vrhom pada.<\/p>\n<p>Blaser Prestige Knife 110 je klasi\u010dan lova\u010dki no\u017e sa elegantnom drvenom dr\u0161kom \u2013 savr\u0161en izbor za sve koji tra\u017ee lova\u010dki no\u017e visokog kvaliteta. Se\u010divo duga\u010dko 11 cm je napravljeno od \u010delika CPM S35VN, \u0161to no\u017eu daje veoma dobro zadr\u017eavanje ivica. Hemijski sastav ovog \u010delika, koji su razvili proizvo\u0111a\u010di no\u017eeva, tako\u0111e mu pru\u017ea veoma dobru otpornost na habanje i koroziju. Oblik se\u010diva sa vrhom pada karakteristi\u010dan je za njegovu svestranost. Bilo da otvarate divlja\u010d, naknadnu obradu mesa ili savladavanje svakodnevnih izazova \u2013 Blaser Prestige Knife 110 je pouzdan saputnik. Ru\u010dka sa dvostrukim vijcima od orahovog drveta ima logo Blaser argali kako bi proizvodu dao odgovaraju\u0107i karakter brenda. No\u017e dolazi sa elegantnim ko\u017enim navlakom sa om\u010dom za kai\u0161 za bezbedno skladi\u0161tenje no\u017ea.<\/p>\n<p>Klasik me\u0111u lova\u010dkim no\u017eevima.<\/p>","protected":false},"excerpt":{"rendered":"<p>Blaser Lovacki Noz Prestige 110 Elegantna dr\u0161ka od orahovog drveta. Veoma dobra otpornost na habanje i koroziju. O\u0161trica sa vrhom pada. Blaser Prestige Knife 110 je klasi\u010dan lova\u010dki no\u017e sa elegantnom drvenom dr\u0161kom \u2013 savr\u0161en izbor za sve koji tra\u017ee lova\u010dki no\u017e visokog kvaliteta. Se\u010divo duga\u010dko 11 cm je napravljeno od \u010delika CPM S35VN, \u0161to [&hellip;]<\/p>\n","protected":false},"featured_media":5527,"template":"","meta":[],"product_cat":[47,83],"product_tag":[],"class_list":{"0":"post-5526","1":"product","2":"type-product","3":"status-publish","4":"has-post-thumbnail","6":"product_brand-blaser","7":"product_cat-nozevi","8":"product_cat-dodatna-oprema","10":"first","11":"instock","12":"taxable","13":"shipping-taxable","14":"purchasable","15":"product-type-simple"},"_links":{"self":[{"href":"https:\/\/torzokom.com\/ba\/wp-json\/wp\/v2\/product\/5526","targetHints":{"allow":["GET"]}}],"collection":[{"href":"https:\/\/torzokom.com\/ba\/wp-json\/wp\/v2\/product"}],"about":[{"href":"https:\/\/torzokom.com\/ba\/wp-json\/wp\/v2\/types\/product"}],"version-history":[{"count":0,"href":"https:\/\/torzokom.com\/ba\/wp-json\/wp\/v2\/product\/5526\/revisions"}],"wp:featuredmedia":[{"embeddable":true,"href":"https:\/\/torzokom.com\/ba\/wp-json\/wp\/v2\/media\/5527"}],"wp:attachment":[{"href":"https:\/\/torzokom.com\/ba\/wp-json\/wp\/v2\/media?parent=5526"}],"wp:term":[{"taxonomy":"product_cat","embeddable":true,"href":"https:\/\/torzokom.com\/ba\/wp-json\/wp\/v2\/product_cat?post=5526"},{"taxonomy":"product_tag","embeddable":true,"href":"https:\/\/torzokom.com\/ba\/wp-json\/wp\/v2\/product_tag?post=5526"}],"curies":[{"name":"wp","href":"https:\/\/api.w.org\/{rel}","templated":true}]}}