{"id":5528,"date":"2025-09-11T18:25:57","date_gmt":"2025-09-11T16:25:57","guid":{"rendered":"http:\/\/torzokom.com\/?post_type=product&#038;p=5528"},"modified":"2025-10-26T02:36:36","modified_gmt":"2025-10-26T01:36:36","slug":"blaser-lovacki-noz-ultimate-carbon-70","status":"publish","type":"product","link":"https:\/\/torzokom.com\/ba\/proizvod\/blaser-lovacki-noz-ultimate-carbon-70\/","title":{"rendered":"Blaser Lova\u010dki No\u017e Ultimate Carbon 70"},"content":{"rendered":"<h2>Blaser Lovacki Noz Ultimate Carbon 70<\/h2>\n<p>Blaser Ultimate Carbon Fiber Knife 70 je funkcionalan no\u017e za otvorenom i lova\u010dki no\u017e iz asortimana visokokvalitetnih Ultimate Carbon Fiber no\u017eeva. Prilago\u0111eni Kidek omota\u010d sa kop\u010dom za kai\u0161 i mala te\u017eina se\u010diva od samo 59 g \u010dine no\u017e lakim za skladi\u0161tenje \u2013 savr\u0161enim za pri\u010dvr\u0161\u0107ivanje na kai\u0161 \u2013 i obezbe\u0111uje brz pristup. No\u017e ima sli\u010dan stil kao Blaser trupovi od ugljeni\u010dnih vlakana. Se\u010divo je napravljeno od CPM S35VN \u010delika, \u0161to daje no\u017eu veoma dobro zadr\u017eavanje ivica. Hemijski sastav ovog \u010delika tako\u0111e mu obezbe\u0111uje veoma dobru otpornost na habanje i koroziju. Mala i kompaktna veli\u010dina sa du\u017einom se\u010diva od samo 7 cm \u010dine ga savr\u0161enim saputnikom za lov, posebno za obradu ptica ili sitne divlja\u010di, npr. ze\u010devi ili ze\u010devi. Dr\u0161ka od karbonskih vlakana obezbe\u0111uje dobro prianjanje i lako se dr\u017ei. Mali ali pametan! Apsolutno morate imati!<\/p>","protected":false},"excerpt":{"rendered":"<p>Blaser Lovacki Noz Ultimate Carbon 70 Blaser Ultimate Carbon Fiber Knife 70 je funkcionalan no\u017e za otvorenom i lova\u010dki no\u017e iz asortimana visokokvalitetnih Ultimate Carbon Fiber no\u017eeva. Prilago\u0111eni Kidek omota\u010d sa kop\u010dom za kai\u0161 i mala te\u017eina se\u010diva od samo 59 g \u010dine no\u017e lakim za skladi\u0161tenje \u2013 savr\u0161enim za pri\u010dvr\u0161\u0107ivanje na kai\u0161 \u2013 i [&hellip;]<\/p>\n","protected":false},"featured_media":5529,"template":"","meta":[],"product_cat":[47],"product_tag":[],"class_list":{"0":"post-5528","1":"product","2":"type-product","3":"status-publish","4":"has-post-thumbnail","6":"product_brand-blaser","7":"product_cat-nozevi","9":"first","10":"instock","11":"taxable","12":"shipping-taxable","13":"purchasable","14":"product-type-simple"},"_links":{"self":[{"href":"https:\/\/torzokom.com\/ba\/wp-json\/wp\/v2\/product\/5528","targetHints":{"allow":["GET"]}}],"collection":[{"href":"https:\/\/torzokom.com\/ba\/wp-json\/wp\/v2\/product"}],"about":[{"href":"https:\/\/torzokom.com\/ba\/wp-json\/wp\/v2\/types\/product"}],"version-history":[{"count":0,"href":"https:\/\/torzokom.com\/ba\/wp-json\/wp\/v2\/product\/5528\/revisions"}],"wp:featuredmedia":[{"embeddable":true,"href":"https:\/\/torzokom.com\/ba\/wp-json\/wp\/v2\/media\/5529"}],"wp:attachment":[{"href":"https:\/\/torzokom.com\/ba\/wp-json\/wp\/v2\/media?parent=5528"}],"wp:term":[{"taxonomy":"product_cat","embeddable":true,"href":"https:\/\/torzokom.com\/ba\/wp-json\/wp\/v2\/product_cat?post=5528"},{"taxonomy":"product_tag","embeddable":true,"href":"https:\/\/torzokom.com\/ba\/wp-json\/wp\/v2\/product_tag?post=5528"}],"curies":[{"name":"wp","href":"https:\/\/api.w.org\/{rel}","templated":true}]}}