{"id":5530,"date":"2025-09-11T18:29:00","date_gmt":"2025-09-11T16:29:00","guid":{"rendered":"http:\/\/torzokom.com\/?post_type=product&#038;p=5530"},"modified":"2025-09-12T07:59:26","modified_gmt":"2025-09-12T05:59:26","slug":"blaser-noz-gutting-knife-professional","status":"publish","type":"product","link":"https:\/\/torzokom.com\/ba\/proizvod\/blaser-noz-gutting-knife-professional\/","title":{"rendered":"Blaser No\u017e Gutting Knife Professional"},"content":{"rendered":"<h2>Blaser Noz Gutting Knife Professional<\/h2>\n<p>Blaser profesionalni no\u017e za otvaranje je jedan od klju\u010dnih alata svakog lovca. Nazubljeno se\u010divo mo\u017ee lako da prese\u010de grudnu kost ili karlicu. Zaobljeni vrh spre\u010dava o\u0161te\u0107enje organa kao \u0161to su stomak ili creva. Se\u010divo je napravljeno od ner\u0111aju\u0107eg \u010delika i duga\u010dko je 11 cm. Klju\u010dne karakteristike ner\u0111aju\u0107eg \u010delika su otpornost na koroziju, lako o\u0161trenje i lako odr\u017eavanje. Dr\u0161ka ima ergonomski dizajn, osiguravaju\u0107i udoban i pouzdan hvat. Jarko narand\u017easte boje sa na\u0161im logotipom argalija, dr\u0161ka ne samo da privla\u010di poglede, ve\u0107 i \u010dini no\u017e lakim za pronala\u017eenje na otvorenom. No\u017e se mo\u017ee bezbedno \u010duvati u prilo\u017eenom omotu, koji ima kop\u010du za kai\u0161 za lako pri\u010dvr\u0161\u0107ivanje na va\u0161u lova\u010dku opremu. Neophodan no\u017e za lov!<\/p>","protected":false},"excerpt":{"rendered":"<p>Blaser Noz Gutting Knife Professional Blaser profesionalni no\u017e za otvaranje je jedan od klju\u010dnih alata svakog lovca. Nazubljeno se\u010divo mo\u017ee lako da prese\u010de grudnu kost ili karlicu. Zaobljeni vrh spre\u010dava o\u0161te\u0107enje organa kao \u0161to su stomak ili creva. Se\u010divo je napravljeno od ner\u0111aju\u0107eg \u010delika i duga\u010dko je 11 cm. Klju\u010dne karakteristike ner\u0111aju\u0107eg \u010delika su otpornost [&hellip;]<\/p>\n","protected":false},"featured_media":5531,"template":"","meta":[],"product_cat":[47],"product_tag":[],"class_list":{"0":"post-5530","1":"product","2":"type-product","3":"status-publish","4":"has-post-thumbnail","6":"product_brand-blaser","7":"product_cat-nozevi","9":"first","10":"instock","11":"taxable","12":"shipping-taxable","13":"purchasable","14":"product-type-simple"},"_links":{"self":[{"href":"https:\/\/torzokom.com\/ba\/wp-json\/wp\/v2\/product\/5530","targetHints":{"allow":["GET"]}}],"collection":[{"href":"https:\/\/torzokom.com\/ba\/wp-json\/wp\/v2\/product"}],"about":[{"href":"https:\/\/torzokom.com\/ba\/wp-json\/wp\/v2\/types\/product"}],"version-history":[{"count":0,"href":"https:\/\/torzokom.com\/ba\/wp-json\/wp\/v2\/product\/5530\/revisions"}],"wp:featuredmedia":[{"embeddable":true,"href":"https:\/\/torzokom.com\/ba\/wp-json\/wp\/v2\/media\/5531"}],"wp:attachment":[{"href":"https:\/\/torzokom.com\/ba\/wp-json\/wp\/v2\/media?parent=5530"}],"wp:term":[{"taxonomy":"product_cat","embeddable":true,"href":"https:\/\/torzokom.com\/ba\/wp-json\/wp\/v2\/product_cat?post=5530"},{"taxonomy":"product_tag","embeddable":true,"href":"https:\/\/torzokom.com\/ba\/wp-json\/wp\/v2\/product_tag?post=5530"}],"curies":[{"name":"wp","href":"https:\/\/api.w.org\/{rel}","templated":true}]}}