{"id":5543,"date":"2025-09-12T09:21:15","date_gmt":"2025-09-12T07:21:15","guid":{"rendered":"http:\/\/torzokom.com\/?post_type=product&#038;p=5543"},"modified":"2025-10-26T19:07:51","modified_gmt":"2025-10-26T18:07:51","slug":"futrola-za-pusku-rypo-classic-124cm","status":"publish","type":"product","link":"https:\/\/torzokom.com\/ba\/proizvod\/futrola-za-pusku-rypo-classic-124cm\/","title":{"rendered":"Futrola za pu\u0161ku Rypo Classic 124cm"},"content":{"rendered":"<h2>Futrola za pu\u0161ku Rypo Classic 124cm<\/h2>\n<p>RYPO FUTROLA za pu\u0161ku \u201eClassic\u201c Klasi\u010dna futrola vrlo lijepog izgleda u pro\u0161ivena,s ko\u017enom zavr\u0161nom obradom. Debeli sloj mekanog umetka sigurno okru\u017euje va\u0161e oru\u017eje. \u010cvrsti prstenovi i karabiner za zaklju\u010davanje za remen za no\u0161enje i jak patentni zatvara\u010d. Preferiran izbor za mlade i starije lovce. Odgovara zajedno s optikom za pu\u0161ku. Bo\u010dni d\u017eep za kutiju municije.<\/p>","protected":false},"excerpt":{"rendered":"<p>Futrola za pu\u0161ku Rypo Classic 124cm RYPO FUTROLA za pu\u0161ku \u201eClassic\u201c Klasi\u010dna futrola vrlo lijepog izgleda u pro\u0161ivena,s ko\u017enom zavr\u0161nom obradom. Debeli sloj mekanog umetka sigurno okru\u017euje va\u0161e oru\u017eje. \u010cvrsti prstenovi i karabiner za zaklju\u010davanje za remen za no\u0161enje i jak patentni zatvara\u010d. Preferiran izbor za mlade i starije lovce. Odgovara zajedno s optikom za [&hellip;]<\/p>\n","protected":false},"featured_media":5544,"template":"","meta":[],"product_cat":[83,212],"product_tag":[],"class_list":{"0":"post-5543","1":"product","2":"type-product","3":"status-publish","4":"has-post-thumbnail","6":"product_brand-rypo","7":"product_cat-dodatna-oprema","8":"product_cat-futrole-i-koferi","10":"first","11":"instock","12":"taxable","13":"shipping-taxable","14":"purchasable","15":"product-type-simple"},"_links":{"self":[{"href":"https:\/\/torzokom.com\/ba\/wp-json\/wp\/v2\/product\/5543","targetHints":{"allow":["GET"]}}],"collection":[{"href":"https:\/\/torzokom.com\/ba\/wp-json\/wp\/v2\/product"}],"about":[{"href":"https:\/\/torzokom.com\/ba\/wp-json\/wp\/v2\/types\/product"}],"version-history":[{"count":0,"href":"https:\/\/torzokom.com\/ba\/wp-json\/wp\/v2\/product\/5543\/revisions"}],"wp:featuredmedia":[{"embeddable":true,"href":"https:\/\/torzokom.com\/ba\/wp-json\/wp\/v2\/media\/5544"}],"wp:attachment":[{"href":"https:\/\/torzokom.com\/ba\/wp-json\/wp\/v2\/media?parent=5543"}],"wp:term":[{"taxonomy":"product_cat","embeddable":true,"href":"https:\/\/torzokom.com\/ba\/wp-json\/wp\/v2\/product_cat?post=5543"},{"taxonomy":"product_tag","embeddable":true,"href":"https:\/\/torzokom.com\/ba\/wp-json\/wp\/v2\/product_tag?post=5543"}],"curies":[{"name":"wp","href":"https:\/\/api.w.org\/{rel}","templated":true}]}}