{"id":5561,"date":"2025-09-15T17:34:32","date_gmt":"2025-09-15T15:34:32","guid":{"rendered":"http:\/\/torzokom.com\/?post_type=product&#038;p=5561"},"modified":"2025-10-13T09:13:38","modified_gmt":"2025-10-13T07:13:38","slug":"blaser-ruksak-ultimate-daypack-hun-tec","status":"publish","type":"product","link":"https:\/\/torzokom.com\/ba\/proizvod\/blaser-ruksak-ultimate-daypack-hun-tec\/","title":{"rendered":"Blaser Ruksak Ultimate Daypack Hun Tec"},"content":{"rendered":"<h2>Blaser Ruksak Ultimate Daypack Hun Tec<\/h2>\n<p>Tihi, lagani lova\u010dki ruksak.<\/p>\n<p>BLASER ULTIMATE DAYRUCK JE SAVR\u0160EN RUKSAK ZA SVAKOG.<\/p>\n<p>Glavni pretinac ima kapacitet od oko 20 litara, vanjske dimenzije ruksaka su 55 x 27 x 20 cm, a te\u017eina oko 1,6 kg (prazan).<\/p>\n<p>DOKAZANO NISKO BU\u010cNI POLIESTERSKI MATERIJAL JE VODOODBOJAN, A \u010cAK I U VELIKOJ VLAGI RUKSAK JE ZA\u0160TI\u0106EN KI\u0160NIM NAVLAKOM.<\/p>","protected":false},"excerpt":{"rendered":"<p>Blaser Ruksak Ultimate Daypack Hun Tec Tihi, lagani lova\u010dki ruksak. BLASER ULTIMATE DAYRUCK JE SAVR\u0160EN RUKSAK ZA SVAKOG. Glavni pretinac ima kapacitet od oko 20 litara, vanjske dimenzije ruksaka su 55 x 27 x 20 cm, a te\u017eina oko 1,6 kg (prazan). DOKAZANO NISKO BU\u010cNI POLIESTERSKI MATERIJAL JE VODOODBOJAN, A \u010cAK I U VELIKOJ VLAGI [&hellip;]<\/p>\n","protected":false},"featured_media":5562,"template":"","meta":[],"product_cat":[33],"product_tag":[],"class_list":{"0":"post-5561","1":"product","2":"type-product","3":"status-publish","4":"has-post-thumbnail","6":"product_brand-blaser","7":"product_cat-torbe-ruksaci","9":"first","10":"instock","11":"taxable","12":"shipping-taxable","13":"purchasable","14":"product-type-simple"},"_links":{"self":[{"href":"https:\/\/torzokom.com\/ba\/wp-json\/wp\/v2\/product\/5561","targetHints":{"allow":["GET"]}}],"collection":[{"href":"https:\/\/torzokom.com\/ba\/wp-json\/wp\/v2\/product"}],"about":[{"href":"https:\/\/torzokom.com\/ba\/wp-json\/wp\/v2\/types\/product"}],"version-history":[{"count":0,"href":"https:\/\/torzokom.com\/ba\/wp-json\/wp\/v2\/product\/5561\/revisions"}],"wp:featuredmedia":[{"embeddable":true,"href":"https:\/\/torzokom.com\/ba\/wp-json\/wp\/v2\/media\/5562"}],"wp:attachment":[{"href":"https:\/\/torzokom.com\/ba\/wp-json\/wp\/v2\/media?parent=5561"}],"wp:term":[{"taxonomy":"product_cat","embeddable":true,"href":"https:\/\/torzokom.com\/ba\/wp-json\/wp\/v2\/product_cat?post=5561"},{"taxonomy":"product_tag","embeddable":true,"href":"https:\/\/torzokom.com\/ba\/wp-json\/wp\/v2\/product_tag?post=5561"}],"curies":[{"name":"wp","href":"https:\/\/api.w.org\/{rel}","templated":true}]}}