{"id":5567,"date":"2025-09-15T18:10:43","date_gmt":"2025-09-15T16:10:43","guid":{"rendered":"http:\/\/torzokom.com\/?post_type=product&#038;p=5567"},"modified":"2025-10-26T14:23:40","modified_gmt":"2025-10-26T13:23:40","slug":"blaser-futrola-za-pusku-essential-132cm","status":"publish","type":"product","link":"https:\/\/torzokom.com\/ba\/proizvod\/blaser-futrola-za-pusku-essential-132cm\/","title":{"rendered":"Blaser Futrola Za Pusku Essential 132 cm"},"content":{"rendered":"<h2>Blaser Futrola Za Pusku Essential 132cm<\/h2>\n<div class=\"ad-description\">\n<p>Blaser Essential Slip Bag je savr\u0161en izbor za bezbedan i moderan transport va\u0161e lova\u010dke opreme. Materijal \u2013 izdr\u017eljiv i robustan poliester \u2013 pru\u017ea pouzdanu za\u0161titu. Ova torba nudi prostrani glavni odeljak i dodatni veliki d\u017eep na prednjoj strani, u koji mo\u017eete da odlo\u017eite \u0161tap za pucanje ili svoj lova\u010dki ki\u0161obran, na primer. Tu je i poseban mre\u017easti d\u017eep u prednjem d\u017eepu. Torba ima podstavljenu ru\u010dku za no\u0161enje i centralno postavljenu traku za rame sa mekim jastu\u010di\u0107em za ramena kako bi vam pru\u017eila maksimalnu udobnost no\u0161enja. Neophodnu sigurnost obezbe\u0111uju patentni zatvara\u010di koji se zaklju\u010davaju na glavnom i prednjem d\u017eepu. Uklju\u010dena su dva kombinovana katanca. Izvezeni Blaser logo na prednjoj strani i na jastu\u010di\u0107u za ramena dodaje visokokvalitetan, moderan akcenat torbi. !<\/p>\n<p>&#8211; Izdr\u017eljiv poliester<\/p>\n<p>&#8211; Dosta prostora za skladi\u0161tenje<\/p>\n<p>&#8211; Vezen Blaser logo<\/p>\n<p>&#8211; Dve veli\u010dine<\/p>\n<\/div>","protected":false},"excerpt":{"rendered":"<p>Blaser Futrola Za Pusku Essential 132cm Blaser Essential Slip Bag je savr\u0161en izbor za bezbedan i moderan transport va\u0161e lova\u010dke opreme. Materijal \u2013 izdr\u017eljiv i robustan poliester \u2013 pru\u017ea pouzdanu za\u0161titu. Ova torba nudi prostrani glavni odeljak i dodatni veliki d\u017eep na prednjoj strani, u koji mo\u017eete da odlo\u017eite \u0161tap za pucanje ili svoj lova\u010dki [&hellip;]<\/p>\n","protected":false},"featured_media":5568,"template":"","meta":[],"product_cat":[83,212],"product_tag":[],"class_list":{"0":"post-5567","1":"product","2":"type-product","3":"status-publish","4":"has-post-thumbnail","6":"product_brand-blaser","7":"product_cat-dodatna-oprema","8":"product_cat-futrole-i-koferi","10":"first","11":"instock","12":"taxable","13":"shipping-taxable","14":"purchasable","15":"product-type-simple"},"_links":{"self":[{"href":"https:\/\/torzokom.com\/ba\/wp-json\/wp\/v2\/product\/5567","targetHints":{"allow":["GET"]}}],"collection":[{"href":"https:\/\/torzokom.com\/ba\/wp-json\/wp\/v2\/product"}],"about":[{"href":"https:\/\/torzokom.com\/ba\/wp-json\/wp\/v2\/types\/product"}],"version-history":[{"count":0,"href":"https:\/\/torzokom.com\/ba\/wp-json\/wp\/v2\/product\/5567\/revisions"}],"wp:featuredmedia":[{"embeddable":true,"href":"https:\/\/torzokom.com\/ba\/wp-json\/wp\/v2\/media\/5568"}],"wp:attachment":[{"href":"https:\/\/torzokom.com\/ba\/wp-json\/wp\/v2\/media?parent=5567"}],"wp:term":[{"taxonomy":"product_cat","embeddable":true,"href":"https:\/\/torzokom.com\/ba\/wp-json\/wp\/v2\/product_cat?post=5567"},{"taxonomy":"product_tag","embeddable":true,"href":"https:\/\/torzokom.com\/ba\/wp-json\/wp\/v2\/product_tag?post=5567"}],"curies":[{"name":"wp","href":"https:\/\/api.w.org\/{rel}","templated":true}]}}