{"id":5569,"date":"2025-09-15T18:13:13","date_gmt":"2025-09-15T16:13:13","guid":{"rendered":"http:\/\/torzokom.com\/?post_type=product&#038;p=5569"},"modified":"2025-10-22T13:53:58","modified_gmt":"2025-10-22T11:53:58","slug":"blaser-weekend-torba","status":"publish","type":"product","link":"https:\/\/torzokom.com\/ba\/proizvod\/blaser-weekend-torba\/","title":{"rendered":"Blaser Weekend Torba"},"content":{"rendered":"<h2>Blaser Weekend Torba<\/h2>\n<p>Pametna u\u0161teda prostora s elegantnim dizajnom<\/p>\n<p>Elegantna torbica za ljubitelje Blasera<\/p>\n<p>Ova robusna torba s dimenzijama za ru\u010dnu prtljagu nudi iznena\u0111uju\u0107e puno prostora za odje\u0107u, kao i sve vrste pribora za lov i putovanja. Kombinacija sme\u0111eg kepera i visokokvalitetne ko\u017ee impresionira vrhunskom izradom i elegantnim izgledom u tipi\u010dnom Blaser stilu. Osim patentnim zatvara\u010dem, torba se mo\u017ee zatvoriti s dvije kop\u010de za remen. No\u0161enje torbe je udobno zahvaljuju\u0107i \u010dvrstim ru\u010dkama od prave ko\u017ee. Sa suptilnim Blaser reljefom na vrhu &#8211; must-have za sve Blaser fanove!<\/p>","protected":false},"excerpt":{"rendered":"<p>Blaser Weekend Torba Pametna u\u0161teda prostora s elegantnim dizajnom Elegantna torbica za ljubitelje Blasera Ova robusna torba s dimenzijama za ru\u010dnu prtljagu nudi iznena\u0111uju\u0107e puno prostora za odje\u0107u, kao i sve vrste pribora za lov i putovanja. Kombinacija sme\u0111eg kepera i visokokvalitetne ko\u017ee impresionira vrhunskom izradom i elegantnim izgledom u tipi\u010dnom Blaser stilu. Osim patentnim [&hellip;]<\/p>\n","protected":false},"featured_media":5570,"template":"","meta":[],"product_cat":[33],"product_tag":[],"class_list":{"0":"post-5569","1":"product","2":"type-product","3":"status-publish","4":"has-post-thumbnail","6":"product_brand-blaser","7":"product_cat-torbe-ruksaci","9":"first","10":"outofstock","11":"taxable","12":"shipping-taxable","13":"purchasable","14":"product-type-simple"},"_links":{"self":[{"href":"https:\/\/torzokom.com\/ba\/wp-json\/wp\/v2\/product\/5569","targetHints":{"allow":["GET"]}}],"collection":[{"href":"https:\/\/torzokom.com\/ba\/wp-json\/wp\/v2\/product"}],"about":[{"href":"https:\/\/torzokom.com\/ba\/wp-json\/wp\/v2\/types\/product"}],"version-history":[{"count":0,"href":"https:\/\/torzokom.com\/ba\/wp-json\/wp\/v2\/product\/5569\/revisions"}],"wp:featuredmedia":[{"embeddable":true,"href":"https:\/\/torzokom.com\/ba\/wp-json\/wp\/v2\/media\/5570"}],"wp:attachment":[{"href":"https:\/\/torzokom.com\/ba\/wp-json\/wp\/v2\/media?parent=5569"}],"wp:term":[{"taxonomy":"product_cat","embeddable":true,"href":"https:\/\/torzokom.com\/ba\/wp-json\/wp\/v2\/product_cat?post=5569"},{"taxonomy":"product_tag","embeddable":true,"href":"https:\/\/torzokom.com\/ba\/wp-json\/wp\/v2\/product_tag?post=5569"}],"curies":[{"name":"wp","href":"https:\/\/api.w.org\/{rel}","templated":true}]}}