{"id":5605,"date":"2025-09-29T18:36:12","date_gmt":"2025-09-29T16:36:12","guid":{"rendered":"http:\/\/torzokom.com\/?post_type=product&#038;p=5605"},"modified":"2025-10-13T09:10:22","modified_gmt":"2025-10-13T07:10:22","slug":"blaser-touch-gloves-rukavice","status":"publish","type":"product","link":"https:\/\/torzokom.com\/ba\/proizvod\/blaser-touch-gloves-rukavice\/","title":{"rendered":"Blaser Touch Gloves Rukavice"},"content":{"rendered":"<h2>Blaser Touch Gloves Rukavice<\/h2>\n<p>4-kraki rastezljivi materijal | Specijalna tkanina na donjoj strani prsta i ka\u017eiprsta kako bi se osiguralo jednostavno kori\u0161c\u0301enje ure\u0111aja na dodirnim ekranima | Gumirana podloga koja obezbe\u0111uje sigurno prijanjanje | Zagrevanje unutra\u0161njeg flisa |<\/p>\n<p>&nbsp;<\/p>","protected":false},"excerpt":{"rendered":"<p>Blaser Touch Gloves Rukavice 4-kraki rastezljivi materijal | Specijalna tkanina na donjoj strani prsta i ka\u017eiprsta kako bi se osiguralo jednostavno kori\u0161c\u0301enje ure\u0111aja na dodirnim ekranima | Gumirana podloga koja obezbe\u0111uje sigurno prijanjanje | Zagrevanje unutra\u0161njeg flisa | &nbsp;<\/p>","protected":false},"featured_media":5606,"template":"","meta":[],"product_cat":[58,97],"product_tag":[],"class_list":{"0":"post-5605","1":"product","2":"type-product","3":"status-publish","4":"has-post-thumbnail","6":"product_brand-blaser","7":"product_cat-odjeca-i-obuca","8":"product_cat-rukavice","10":"first","11":"instock","12":"taxable","13":"shipping-taxable","14":"purchasable","15":"product-type-simple"},"_links":{"self":[{"href":"https:\/\/torzokom.com\/ba\/wp-json\/wp\/v2\/product\/5605","targetHints":{"allow":["GET"]}}],"collection":[{"href":"https:\/\/torzokom.com\/ba\/wp-json\/wp\/v2\/product"}],"about":[{"href":"https:\/\/torzokom.com\/ba\/wp-json\/wp\/v2\/types\/product"}],"version-history":[{"count":0,"href":"https:\/\/torzokom.com\/ba\/wp-json\/wp\/v2\/product\/5605\/revisions"}],"wp:featuredmedia":[{"embeddable":true,"href":"https:\/\/torzokom.com\/ba\/wp-json\/wp\/v2\/media\/5606"}],"wp:attachment":[{"href":"https:\/\/torzokom.com\/ba\/wp-json\/wp\/v2\/media?parent=5605"}],"wp:term":[{"taxonomy":"product_cat","embeddable":true,"href":"https:\/\/torzokom.com\/ba\/wp-json\/wp\/v2\/product_cat?post=5605"},{"taxonomy":"product_tag","embeddable":true,"href":"https:\/\/torzokom.com\/ba\/wp-json\/wp\/v2\/product_tag?post=5605"}],"curies":[{"name":"wp","href":"https:\/\/api.w.org\/{rel}","templated":true}]}}