{"id":5621,"date":"2025-09-29T20:10:49","date_gmt":"2025-09-29T18:10:49","guid":{"rendered":"http:\/\/torzokom.com\/?post_type=product&#038;p=5621"},"modified":"2025-10-13T09:09:03","modified_gmt":"2025-10-13T07:09:03","slug":"blaser-kosulja-tf-20-121013-140-524","status":"publish","type":"product","link":"https:\/\/torzokom.com\/ba\/proizvod\/blaser-kosulja-tf-20-121013-140-524\/","title":{"rendered":"Blaser Kosulja TF 20 121013-140\/524"},"content":{"rendered":"<h2>Blaser Kosulja TF 20 121013-140\/524<\/h2>\n<p>Ova ko\u0161ulja s kop\u010danjem na dugmad TF 20 pru\u017ea visoku udobnost i slobodu pokreta zahvaljuju\u0107i tkanini koja se raste\u017ee u \u010detiri pravca, zadr\u017eavaju\u0107i oblik i pristajanje.<br \/>\nNapravljena od materijala koji upija vlagu i brzo se su\u0161i, ova ko\u0161ulja reguli\u0161e toplinu i znoj, odr\u017eavaju\u0107i vas hladnim, suhim i svje\u017eim tokom aktivnosti na otvorenom.<br \/>\nIdealna za lov, putovanja, ribolov, rad, planinarenje, ba\u0161tovanstvo, vo\u017enju \u010damcem i druge aktivnosti, Blaser TF 20 ko\u0161ulja je savr\u0161en izbor za svaku avanturu na otvorenom.<\/p>","protected":false},"excerpt":{"rendered":"<p>Blaser Kosulja TF 20 121013-140\/524 Ova ko\u0161ulja s kop\u010danjem na dugmad TF 20 pru\u017ea visoku udobnost i slobodu pokreta zahvaljuju\u0107i tkanini koja se raste\u017ee u \u010detiri pravca, zadr\u017eavaju\u0107i oblik i pristajanje. Napravljena od materijala koji upija vlagu i brzo se su\u0161i, ova ko\u0161ulja reguli\u0161e toplinu i znoj, odr\u017eavaju\u0107i vas hladnim, suhim i svje\u017eim tokom aktivnosti [&hellip;]<\/p>\n","protected":false},"featured_media":5622,"template":"","meta":[],"product_cat":[58,99],"product_tag":[],"class_list":{"0":"post-5621","1":"product","2":"type-product","3":"status-publish","4":"has-post-thumbnail","6":"product_brand-blaser","7":"product_cat-odjeca-i-obuca","8":"product_cat-kosulje","10":"first","11":"instock","12":"taxable","13":"shipping-taxable","14":"purchasable","15":"product-type-simple"},"_links":{"self":[{"href":"https:\/\/torzokom.com\/ba\/wp-json\/wp\/v2\/product\/5621","targetHints":{"allow":["GET"]}}],"collection":[{"href":"https:\/\/torzokom.com\/ba\/wp-json\/wp\/v2\/product"}],"about":[{"href":"https:\/\/torzokom.com\/ba\/wp-json\/wp\/v2\/types\/product"}],"version-history":[{"count":0,"href":"https:\/\/torzokom.com\/ba\/wp-json\/wp\/v2\/product\/5621\/revisions"}],"wp:featuredmedia":[{"embeddable":true,"href":"https:\/\/torzokom.com\/ba\/wp-json\/wp\/v2\/media\/5622"}],"wp:attachment":[{"href":"https:\/\/torzokom.com\/ba\/wp-json\/wp\/v2\/media?parent=5621"}],"wp:term":[{"taxonomy":"product_cat","embeddable":true,"href":"https:\/\/torzokom.com\/ba\/wp-json\/wp\/v2\/product_cat?post=5621"},{"taxonomy":"product_tag","embeddable":true,"href":"https:\/\/torzokom.com\/ba\/wp-json\/wp\/v2\/product_tag?post=5621"}],"curies":[{"name":"wp","href":"https:\/\/api.w.org\/{rel}","templated":true}]}}