{"id":5627,"date":"2025-09-29T20:28:29","date_gmt":"2025-09-29T18:28:29","guid":{"rendered":"http:\/\/torzokom.com\/?post_type=product&#038;p=5627"},"modified":"2025-10-13T09:07:19","modified_gmt":"2025-10-13T07:07:19","slug":"blaser-kosulja-tristan-22-122076-087-524","status":"publish","type":"product","link":"https:\/\/torzokom.com\/ba\/proizvod\/blaser-kosulja-tristan-22-122076-087-524\/","title":{"rendered":"Blaser Kosulja Tristan 22 122076-087\/524"},"content":{"rendered":"<h2>Blaser Kosulja Tristan 22 122076-087\/524<\/h2>\n<p>Lova\u010dka ko\u0161ulja u vi\u0161e kombinacija boja<\/p>\n<p>Visoka udobnost no\u0161enja zahvaljuju\u0107i kombinaciji materijala<\/p>\n<p>S ovratnikom na kop\u010danje i vezom Argali logotipa<\/p>\n<p>Lova\u010dki stil u svom najljep\u0161em obliku!<\/p>\n<p>Klasi\u010dna lova\u010dka ko\u0161ulja Tristan pravi je izbor za mnoge prilike. Bilo u lovu, svakodnevnom \u017eivotu ili u slobodno vrijeme, zahvaljuju\u0107i raznim verzijama boja mo\u017ee se fleksibilno kombinirati: od klasi\u010dne lova\u010dke ko\u0161ulje u bezvremenskom britanskom stilu do jednostavne verzije koja se mo\u017ee pohvaliti trendi izgledom. Mje\u0161avina materijala pamuka i poliestera osigurava ugodnu udobnost no\u0161enja. S ovratnikom na kop\u010danje i vezom logotipa Blaser Argali.<\/p>","protected":false},"excerpt":{"rendered":"<p>Blaser Kosulja Tristan 22 122076-087\/524 Lova\u010dka ko\u0161ulja u vi\u0161e kombinacija boja Visoka udobnost no\u0161enja zahvaljuju\u0107i kombinaciji materijala S ovratnikom na kop\u010danje i vezom Argali logotipa Lova\u010dki stil u svom najljep\u0161em obliku! Klasi\u010dna lova\u010dka ko\u0161ulja Tristan pravi je izbor za mnoge prilike. Bilo u lovu, svakodnevnom \u017eivotu ili u slobodno vrijeme, zahvaljuju\u0107i raznim verzijama boja mo\u017ee [&hellip;]<\/p>\n","protected":false},"featured_media":5628,"template":"","meta":[],"product_cat":[58,99],"product_tag":[],"class_list":{"0":"post-5627","1":"product","2":"type-product","3":"status-publish","4":"has-post-thumbnail","6":"product_brand-blaser","7":"product_cat-odjeca-i-obuca","8":"product_cat-kosulje","10":"first","11":"instock","12":"taxable","13":"shipping-taxable","14":"purchasable","15":"product-type-simple"},"_links":{"self":[{"href":"https:\/\/torzokom.com\/ba\/wp-json\/wp\/v2\/product\/5627","targetHints":{"allow":["GET"]}}],"collection":[{"href":"https:\/\/torzokom.com\/ba\/wp-json\/wp\/v2\/product"}],"about":[{"href":"https:\/\/torzokom.com\/ba\/wp-json\/wp\/v2\/types\/product"}],"version-history":[{"count":0,"href":"https:\/\/torzokom.com\/ba\/wp-json\/wp\/v2\/product\/5627\/revisions"}],"wp:featuredmedia":[{"embeddable":true,"href":"https:\/\/torzokom.com\/ba\/wp-json\/wp\/v2\/media\/5628"}],"wp:attachment":[{"href":"https:\/\/torzokom.com\/ba\/wp-json\/wp\/v2\/media?parent=5627"}],"wp:term":[{"taxonomy":"product_cat","embeddable":true,"href":"https:\/\/torzokom.com\/ba\/wp-json\/wp\/v2\/product_cat?post=5627"},{"taxonomy":"product_tag","embeddable":true,"href":"https:\/\/torzokom.com\/ba\/wp-json\/wp\/v2\/product_tag?post=5627"}],"curies":[{"name":"wp","href":"https:\/\/api.w.org\/{rel}","templated":true}]}}