{"id":5678,"date":"2025-10-13T08:42:38","date_gmt":"2025-10-13T06:42:38","guid":{"rendered":"http:\/\/torzokom.com\/?post_type=product&#038;p=5678"},"modified":"2026-02-13T00:28:47","modified_gmt":"2026-02-12T23:28:47","slug":"aimpoint-red-dot-crvena-tacka-hunter-h30s","status":"publish","type":"product","link":"https:\/\/torzokom.com\/ba\/proizvod\/aimpoint-red-dot-crvena-tacka-hunter-h30s\/","title":{"rendered":"Aimpoint Red Dot H30S 2 MOA"},"content":{"rendered":"<h3>Aimpoint Red Dot-crvena ta\u010dka Hunter H30S<\/h3>\n<p>Montira\u00a0 se uz pomo\u0107 30 milimetarskih prstena monta\u017ee i imaju premium anti refleksivne le\u0107e sa vi\u0161eslojnim premazom u svojim 35mm objektivima. Podr\u017eavaju do 50 000 sati (vi\u0161e od 5 godina) konstantnog rada sa samo jednom CR-2032 baterijom.<\/p>\n<p>\u201eNova Hunter serija pokazuje da je Aimpoint najozbiljniji kada je u pitanju lov.\u201c<\/p>\n<p>\u2013 Lennart Ljungfelt, predsjednik Aimpoint AB.<\/p>\n<p>\u201eOvo je potpuno novi proizvod dizajniran uz pomo\u0107 sugestija od ozbiljnih lovaca diljem svijeta. Ponosni smo na to \u0161to mo\u017eemo lovcima\u00a0ponuditi\u00a0alternativu uve\u0107avaju\u0107oj optici koriste\u0107i najnoviju tehnologiju u elektro-opti\u010dkoj nauci. Rezultati su poprili\u010dno spektakularni \u2013 trebate probati jedan tako da vidite koliko brzo i precizno mo\u017eete pucati bez uve\u0107anja.\u201c<\/p>\n<p>Aimpoint, izumitelj i svjetski lider u elektri\u010dnoj \u201eRed-Dot\u201c tehnologiji,\u00a0objavio potpuno novu liniju premium red-dot optike specijalno dizajnirane za upotrebu na lova\u010dkim karabinima i sa\u010dmaricama. Ovi novi proizvodi poznati pod nazivom \u201eAimpoint Hunter Series\u201c omogu\u0107uju lovcima da ciljaju br\u017ee, i lak\u0161e naprave pogodak i u zahtjevnoj situaciji \u00a0pod svim vremenskim i svjetlosnim uvjetima.<\/p>\n<h4><strong>U svijetu \u201cRed dot\u201d opti\u010dkih ni\u0161ana sa crvenom ta\u010dkom \u0161vedska tvrtka Aimpoint je vode\u0107i proizvo\u0111a\u010d na svijetu<\/strong>.<\/h4>\n<p>Nova linija ne uve\u0107avaju\u0107ih opti\u010dkih ni\u0161ana sadr\u017ei sve \u0161to korisnik o\u010dekuje od Aimpointa, uklju\u010duju\u0107i i legendarnu \u010dvrsto\u0107u i trajanje baterija koje se mjeri u godinama. Hunter serija uklju\u010duje i mnoge dodatne zna\u010dajke koje do sada nisu bile vi\u0111ene u Aimpointovim proizvodima; pobolj\u0161ane opti\u010dke performanse postignute uz pomo\u0107 30 ili 34 mm tubusa, novo dizajnirani prednji prilagodni sistem koji vam omogu\u0107ava da naciljate lovinu br\u017ee nego ikad prije, jednostavne kontrole za pode\u0161avanje intenziteta ta\u010dke. <strong>Samo jedan pogled daje vam do znanja da je ovo najnapredniji lova\u010dki opti\u010dki nia\u0161an, a jednostavan i moderan dizajn \u0107e dobro pristajati uz bilo koju pu\u0161ku.<\/strong><\/p>","protected":false},"excerpt":{"rendered":"<p><strong>Aimpoint H30S<\/strong>, je dizajnirana za karabine i lova\u010dke sa\u010dmarice.<\/p>","protected":false},"featured_media":5679,"template":"","meta":[],"product_cat":[105,176],"product_tag":[324,321,320,325,322,326,323],"class_list":{"0":"post-5678","1":"product","2":"type-product","3":"status-publish","4":"has-post-thumbnail","6":"product_brand-aimpoint","7":"product_cat-optika","8":"product_cat-reddot","9":"product_tag-aimpoint-bih","10":"product_tag-aimpoint-cijena-bih","11":"product_tag-aimpoint-red-dot","12":"product_tag-aimpoint-za-lov","13":"product_tag-crvena-tacka-za-karabin","14":"product_tag-najbolji-red-dot","15":"product_tag-red-dot-za-divlju-svinju","17":"first","18":"instock","19":"taxable","20":"shipping-taxable","21":"purchasable","22":"product-type-simple"},"_links":{"self":[{"href":"https:\/\/torzokom.com\/ba\/wp-json\/wp\/v2\/product\/5678","targetHints":{"allow":["GET"]}}],"collection":[{"href":"https:\/\/torzokom.com\/ba\/wp-json\/wp\/v2\/product"}],"about":[{"href":"https:\/\/torzokom.com\/ba\/wp-json\/wp\/v2\/types\/product"}],"version-history":[{"count":0,"href":"https:\/\/torzokom.com\/ba\/wp-json\/wp\/v2\/product\/5678\/revisions"}],"wp:featuredmedia":[{"embeddable":true,"href":"https:\/\/torzokom.com\/ba\/wp-json\/wp\/v2\/media\/5679"}],"wp:attachment":[{"href":"https:\/\/torzokom.com\/ba\/wp-json\/wp\/v2\/media?parent=5678"}],"wp:term":[{"taxonomy":"product_cat","embeddable":true,"href":"https:\/\/torzokom.com\/ba\/wp-json\/wp\/v2\/product_cat?post=5678"},{"taxonomy":"product_tag","embeddable":true,"href":"https:\/\/torzokom.com\/ba\/wp-json\/wp\/v2\/product_tag?post=5678"}],"curies":[{"name":"wp","href":"https:\/\/api.w.org\/{rel}","templated":true}]}}