{"id":5682,"date":"2025-10-13T09:01:20","date_gmt":"2025-10-13T07:01:20","guid":{"rendered":"http:\/\/torzokom.com\/?post_type=product&#038;p=5682"},"modified":"2026-04-15T12:01:47","modified_gmt":"2026-04-15T10:01:47","slug":"nocpix-quest-l35r-termalni-dvogled-sa-daljinomjerom","status":"publish","type":"product","link":"https:\/\/torzokom.com\/ba\/proizvod\/nocpix-quest-l35r-termalni-dvogled-sa-daljinomjerom\/","title":{"rendered":"NOCPIX QUEST L35R Termalni dvogled  sa daljinomjerom"},"content":{"rendered":"<p>Dvogled &#8211; Daljinomjer termalni Nocpix Quest L35R\u00a0 lagan i prenosiv, nudi domet detekcije do 1800m i ugra\u0111eni skriveni LRF sa dometom od 1000m za superiornu preciznost i vidljivost. Njegov tradicionalni dvogledni dizajn karakteri\u0161e prevlaka od pune gume i IP67 ocjena za izdr\u017eljivost i udobnost u te\u0161kim uslovima. Opremljen senzorom 640k512 visokih performansi (NETD \u226415mK, 60Hz), QUEST obezbje\u0111uje izuzetnu jasno\u0107u slike, superiornu toplotnu osetljivost i besprekorne performanse u izazovnim okru\u017eenjima.<\/p>\n<ul>\n<li>Odli\u010dno vizuelno iskustvo &#8211;\u00a0QUEST ima R+ pobolj\u0161anje slike za superiornu jasno\u0107u i preciznost, upareno sa AMOLED ekranom od 1920k1200 za impresivno, oku-prijatno iskustvo gledanja.<\/li>\n<li>Vrhunski senzor &#8211;\u00a0QUESTje opremljen senzorom visokih performansi (384\u00d7288@12\u00b5m) koji pru\u017ea izuzetnu jasno\u0107u slike. Sa NETD \u226415mK i brzinom kadrova od 60Hz, obezbe\u0111uje superiornu toplotnu osetljivost, pru\u017eaju\u0107i jasne i vizuelne slike \u010dak iu najizazovnijim okru\u017eenjima.<\/li>\n<li>Mo\u0107ne mogu\u0107nosti detekcije &#8211;\u00a0QUEST ima domet detekcije do 1800m i ugra\u0111eni skriveni LRF sa dometom do 1000m, \u0161to vam omogu\u0107ava da vidite dalje i preciznije nego ikada ranije. Tako\u0111e podr\u017eava balisti\u010dki prora\u010dun, pru\u017eaju\u0107i podr\u0161ku podacima za kolaborativni lov.<\/li>\n<li>Operacija jednom rukom &#8211;\u00a0QUEST nudi ergonomsko, neklizaju\u0107e rukovanje sa pojednostavljenim rasporedom sa 4 dugmeta i srednje pozicioniranim to\u010dki\u0107ima za pomeranje za jednostavnu kontrolu jednom rukom i siguran hvat u bilo kom stanju.<\/li>\n<li>Lagan i prenosiv &#8211;\u00a0QUEST je te\u017eak samo 700 g i uklju\u010duje prilago\u0111enu torbu za no\u0161enje, koja nudi laku prenosivost i udobnost za aktivnosti na otvorenom kao \u0161to su lov i istra\u017eivanje.<\/li>\n<\/ul>\n<p>QUEST serija ima dizajn sa dve baterije sa ugra\u0111enom i zamenljivom baterijom 18650, koja obezbe\u0111uje besprekornu zamenu i neprekidnu upotrebu tokom va\u0161e avanture.<\/p>\n<p>Tradicionalni dvogled &#8211;\u00a0Iskustvo<\/p>\n<p>QUESTima tradicionalni dvogled dizajn sa prefinjenim punim gumenim premazom i IP67 ocjenom za vodootpornost i pra\u0161inu, obezbe\u0111uju\u0107i i izdr\u017eljivost i ukupnu udobnost.<\/p>\n<p>Uve\u0107anje 5-40<\/p>","protected":false},"excerpt":{"rendered":"<p>Dvogled &#8211; Daljinomjer termalni Nocpix Quest L35R\u00a0 lagan i prenosiv, nudi domet detekcije do 1800m i ugra\u0111eni skriveni LRF sa dometom od 1000m za superiornu preciznost i vidljivost. Njegov tradicionalni dvogledni dizajn karakteri\u0161e prevlaka od pune gume i IP67 ocjena za izdr\u017eljivost i udobnost u te\u0161kim uslovima. Opremljen senzorom 640k512 visokih performansi (NETD \u226415mK, 60Hz), [&hellip;]<\/p>\n","protected":false},"featured_media":5683,"template":"","meta":[],"product_cat":[109,177],"product_tag":[],"class_list":{"0":"post-5682","1":"product","2":"type-product","3":"status-publish","4":"has-post-thumbnail","6":"product_brand-nocpix","7":"product_cat-monokulari","8":"product_cat-termalni-uredjaji","10":"first","11":"instock","12":"sale","13":"taxable","14":"shipping-taxable","15":"purchasable","16":"product-type-simple"},"_links":{"self":[{"href":"https:\/\/torzokom.com\/ba\/wp-json\/wp\/v2\/product\/5682","targetHints":{"allow":["GET"]}}],"collection":[{"href":"https:\/\/torzokom.com\/ba\/wp-json\/wp\/v2\/product"}],"about":[{"href":"https:\/\/torzokom.com\/ba\/wp-json\/wp\/v2\/types\/product"}],"version-history":[{"count":1,"href":"https:\/\/torzokom.com\/ba\/wp-json\/wp\/v2\/product\/5682\/revisions"}],"predecessor-version":[{"id":10201,"href":"https:\/\/torzokom.com\/ba\/wp-json\/wp\/v2\/product\/5682\/revisions\/10201"}],"wp:featuredmedia":[{"embeddable":true,"href":"https:\/\/torzokom.com\/ba\/wp-json\/wp\/v2\/media\/5683"}],"wp:attachment":[{"href":"https:\/\/torzokom.com\/ba\/wp-json\/wp\/v2\/media?parent=5682"}],"wp:term":[{"taxonomy":"product_cat","embeddable":true,"href":"https:\/\/torzokom.com\/ba\/wp-json\/wp\/v2\/product_cat?post=5682"},{"taxonomy":"product_tag","embeddable":true,"href":"https:\/\/torzokom.com\/ba\/wp-json\/wp\/v2\/product_tag?post=5682"}],"curies":[{"name":"wp","href":"https:\/\/api.w.org\/{rel}","templated":true}]}}