{"id":5688,"date":"2025-10-13T11:10:24","date_gmt":"2025-10-13T09:10:24","guid":{"rendered":"http:\/\/torzokom.com\/?post_type=product&#038;p=5688"},"modified":"2025-10-24T17:39:58","modified_gmt":"2025-10-24T15:39:58","slug":"signalni-pistolj-ekol-nig-211-cal-9mm-satina","status":"publish","type":"product","link":"https:\/\/torzokom.com\/ba\/proizvod\/signalni-pistolj-ekol-nig-211-cal-9mm-satina\/","title":{"rendered":"Signalni pi\u0161tolj Ekol Nig 211 Cal.9mm Satina"},"content":{"rendered":"<h2>Signalni pi\u0161tolj Ekol Nig 211 Cal.9mm Satina<\/h2>\n<p>Cal: 9mm PAK<\/p>\n<p>Pla\u0161ljivac koristi municiju punjenu malodimnim barutom 9mm Pak i u sanzer staje 15 metaka. Te\u017eina i veli\u010dina stra\u0161ljivaca je ista kao i pravih pi\u0161tolja po kojima je ovaj stra\u0161ljivac i napravljen. Stra\u0161ljivac dolazi upakovan u plasti\u010dni kofer i uz njega dolazi nastavak za ipaljivanje svetle\u0107ih raketica.<\/p>\n<p>KALIBAR 9 mm<\/p>","protected":false},"excerpt":{"rendered":"<ul>\n<li>Signal pi\u0161tolj pla\u0161ljivac<\/li>\n<li>Model: Ekol NIG211 Black<\/li>\n<\/ul>","protected":false},"featured_media":0,"template":"","meta":[],"product_cat":[46,179],"product_tag":[],"class_list":{"0":"post-5688","1":"product","2":"type-product","3":"status-publish","5":"product_brand-ekol","6":"product_cat-oruzje","7":"product_cat-signalni-startni-pistolji","9":"first","10":"instock","11":"taxable","12":"shipping-taxable","13":"purchasable","14":"product-type-simple"},"_links":{"self":[{"href":"https:\/\/torzokom.com\/ba\/wp-json\/wp\/v2\/product\/5688","targetHints":{"allow":["GET"]}}],"collection":[{"href":"https:\/\/torzokom.com\/ba\/wp-json\/wp\/v2\/product"}],"about":[{"href":"https:\/\/torzokom.com\/ba\/wp-json\/wp\/v2\/types\/product"}],"version-history":[{"count":0,"href":"https:\/\/torzokom.com\/ba\/wp-json\/wp\/v2\/product\/5688\/revisions"}],"wp:attachment":[{"href":"https:\/\/torzokom.com\/ba\/wp-json\/wp\/v2\/media?parent=5688"}],"wp:term":[{"taxonomy":"product_cat","embeddable":true,"href":"https:\/\/torzokom.com\/ba\/wp-json\/wp\/v2\/product_cat?post=5688"},{"taxonomy":"product_tag","embeddable":true,"href":"https:\/\/torzokom.com\/ba\/wp-json\/wp\/v2\/product_tag?post=5688"}],"curies":[{"name":"wp","href":"https:\/\/api.w.org\/{rel}","templated":true}]}}