{"id":5693,"date":"2025-10-13T11:30:15","date_gmt":"2025-10-13T09:30:15","guid":{"rendered":"http:\/\/torzokom.com\/?post_type=product&#038;p=5693"},"modified":"2025-12-11T15:54:11","modified_gmt":"2025-12-11T14:54:11","slug":"infiray-ch-50w-termalni-monokular-clip","status":"publish","type":"product","link":"https:\/\/torzokom.com\/ba\/proizvod\/infiray-ch-50w-termalni-monokular-clip\/","title":{"rendered":"Infiray Ch 50w Termalni Monokular &#8211; clip"},"content":{"rendered":"<h2>Infiray Ch 50w Termalni Monokular &#8211; clip<\/h2>\n<p>Osim \u0161to zadr\u017eava prednosti jasne kvalitete slike i nema potrebe za ponovnim nuliranjem, CH50W tako\u0111er dodaje Wifi, fotografije i video funkcije.\u00a0CH50W odlikuje se preciznim ciljanjem, ultra-jasnom slikom i kompletnim funkcijama.\u00a0Zapo\u010dnite svoju avanturu s CH50W, pretvaraju\u0107i svoje dnevne opti\u010dke ni\u0161ane u mo\u0107ne termovizijske ni\u0161anske sustave.<\/p>\n<p><strong>Izvanredna kvaliteta slike &#8211;\u00a0<\/strong><strong>12um 640\u00d7512, NETD\u226440mK<\/strong><\/p>\n<p>Jedinica koristi termalni senzor od 12 \u03bcm rezolucije 640 \u00d7 512 s NETD \u226440 mK i 1024 \u00d7 768OLED zaslon kako bi donio inovativno pobolj\u0161anje kvalitete toplinske slike \u0161to osigurava savr\u0161eno detaljno prepoznavanje \u010dak i u najte\u017eim vremenskim uvjetima.<\/p>\n<p><strong>Ultra-Clear Mode<\/strong><\/p>\n<p>Ugra\u0111eni ultra-jasan na\u010din rada donosi detaljniji prikaz i pobolj\u0161ano prepoznavanje objekata, \u010dini sliku delikatnijom.<\/p>\n<p><strong>Ra\u0111en za profesionalno precizno ga\u0111anje<\/strong><\/p>\n<p><strong>Nije potrebno ponovno nuliranje<\/strong><\/p>\n<p>Uz posebnu kalibraciju CH50W, nema potrebe za ponovnim nuliranjem nakon monta\u017ee na dnevni ni\u0161an.\u00a0Stegni i pucaj, to je to.<\/p>\n<p><strong>Razumnije opcije podudaranja dnevnog vida<\/strong><\/p>\n<p>CH50W podr\u017eava odabir vrste pi\u0161tolja koji odgovara razli\u010ditim prebacivanjima UI su\u010delja, \u0161to je bolje kompatibilno s dnevnim ni\u0161anima s razli\u010ditim rasponima pove\u0107anja.<\/p>\n<p>G1 i G2 su preporu\u010deno pove\u0107anje dnevnog ni\u0161ana za 1\u00d7-4\u00d7, dok su G3 i G4 za 5\u00d7-9\u00d7.<\/p>\n<p><strong>Be\u017ei\u010dni daljinski upravlja\u010d<\/strong><\/p>\n<p>Clip CH50W ima jednostavan konektor koji olak\u0161ava lov .\u00a0Bluetooth daljinski upravlja\u010di vrlo su jednostavni i gotovo identi\u010dni svojim prethodnicima \u0161to vam stavlja upravljanje CH50W na dohvat ruke.<\/p>\n<p><strong>Jedan ure\u0111aj za dvije namjene<\/strong><\/p>\n<p>S IAR-adapterskim nosa\u010dima, izdr\u017eljivi i kompaktni CH50W mo\u017ee se lako pri\u010dvrstiti na dnevnu optiku ili odvojiti od nje u nekoliko sekundi kako bi se postavio za ru\u010dne ili montirane ure\u0111aje, tako da se mo\u017eete usredoto\u010diti na snimanje, a ne na kameru.<\/p>\n<p><strong>Zna\u010dajke dizajnirane za potrebe korisnika<\/strong><\/p>\n<p><strong>Korisna WiFi funkcija<\/strong><\/p>\n<p>CH50W podr\u017eava Wi-Fi, foto i video funkcije.\u00a0Ugra\u0111ena interna memorija od 32 GB besprijekorno podnosi trzaj i pohranjuje sate videa ili hiljade fotografija.<\/p>","protected":false},"excerpt":{"rendered":"<p>Clip CH50W je vrhunski prednji dodatak dizajniran kao infracrveni ekspanzioni ure\u0111aj dnevnog opsega.<\/p>","protected":false},"featured_media":5694,"template":"","meta":[],"product_cat":[177,109],"product_tag":[],"class_list":{"0":"post-5693","1":"product","2":"type-product","3":"status-publish","4":"has-post-thumbnail","6":"product_brand-infiray","7":"product_cat-termalni-uredjaji","8":"product_cat-monokulari","10":"first","11":"instock","12":"sale","13":"taxable","14":"shipping-taxable","15":"purchasable","16":"product-type-simple"},"_links":{"self":[{"href":"https:\/\/torzokom.com\/ba\/wp-json\/wp\/v2\/product\/5693","targetHints":{"allow":["GET"]}}],"collection":[{"href":"https:\/\/torzokom.com\/ba\/wp-json\/wp\/v2\/product"}],"about":[{"href":"https:\/\/torzokom.com\/ba\/wp-json\/wp\/v2\/types\/product"}],"version-history":[{"count":0,"href":"https:\/\/torzokom.com\/ba\/wp-json\/wp\/v2\/product\/5693\/revisions"}],"wp:featuredmedia":[{"embeddable":true,"href":"https:\/\/torzokom.com\/ba\/wp-json\/wp\/v2\/media\/5694"}],"wp:attachment":[{"href":"https:\/\/torzokom.com\/ba\/wp-json\/wp\/v2\/media?parent=5693"}],"wp:term":[{"taxonomy":"product_cat","embeddable":true,"href":"https:\/\/torzokom.com\/ba\/wp-json\/wp\/v2\/product_cat?post=5693"},{"taxonomy":"product_tag","embeddable":true,"href":"https:\/\/torzokom.com\/ba\/wp-json\/wp\/v2\/product_tag?post=5693"}],"curies":[{"name":"wp","href":"https:\/\/api.w.org\/{rel}","templated":true}]}}