{"id":5706,"date":"2025-10-13T12:50:44","date_gmt":"2025-10-13T10:50:44","guid":{"rendered":"http:\/\/torzokom.com\/?post_type=product&#038;p=5706"},"modified":"2025-10-13T12:50:44","modified_gmt":"2025-10-13T10:50:44","slug":"blaser-ultimate-backbone-br-sistem-za-modular-ruksak","status":"publish","type":"product","link":"https:\/\/torzokom.com\/ba\/proizvod\/blaser-ultimate-backbone-br-sistem-za-modular-ruksak\/","title":{"rendered":"Blaser Ultimate Backbone Br-sistem za modular ruksak"},"content":{"rendered":"<h2>Blaser Ultimate Backbone Br-sistem za modular ruksak<\/h2>\n<div class=\"ad-description\">\n<p>Asortiman se zasniva na inovativnom \u0161titniku za ranac \u2013 Ultimate Backbone, na koji se mogu pri\u010dvrstiti Ultimate Futrola za pu\u0161ku i Blaser Ultimate ruksak(modularni) S ili M. Sve komponente su povezane sa veoma \u010dvrstim MOLLE petljama, stvaraju\u0107i savr\u0161eno koordiniran sistem.<\/p>\n<p>Sistem za no\u0161enje \u2013 Ultimate Backbone \u2013 nudi modularnu strukturu kao i maksimalnu udobnost no\u0161enja:<\/p>\n<p>Podesiva je po visini kako bi se postiglo optimalno pristajanje, dok ergonomski oblikovani jastu\u010di\u0107i za ramena i kai\u0161 za grudi optimizuju prilago\u0111avanje u predelu ramena\/vrata, a veliki podstavljeni pojas za kukove ubla\u017eava optere\u0107enje na le\u0111ima.\u00a0Unutra\u0161nji aluminijumski ram obezbe\u0111uje optimalan prenos optere\u0107enja, dok mekana pole\u0111ina pru\u017ea dodatnu udobnost. Opremljen signalnom zvi\u017edaljkom i pogodan za modularno pro\u0161irenje po potrebi.<\/p>\n<p>Dostupan u braon i HunTec Camo boji.\u00a0Potpuna kontrola nad va\u0161om opremom uz modularni Blaser Ultimate asortiman!<\/p>\n<\/div>","protected":false},"excerpt":{"rendered":"<p>Blaser Ultimate Backbone je sistem za no\u0161enje \u2013 zadnji \u0161tit \u2013 za modularnu liniju Blaser Ultimate: vrhunsko re\u0161enje za svakoga ko \u017eeli fleksibilnost i modularnost svoje opreme za lov.<\/p>","protected":false},"featured_media":5708,"template":"","meta":[],"product_cat":[33],"product_tag":[],"class_list":{"0":"post-5706","1":"product","2":"type-product","3":"status-publish","4":"has-post-thumbnail","6":"product_brand-blaser","7":"product_cat-torbe-ruksaci","8":"pa_boja-huntec","9":"pa_boja-smeda","11":"first","12":"instock","13":"taxable","14":"shipping-taxable","15":"purchasable","16":"product-type-variable"},"_links":{"self":[{"href":"https:\/\/torzokom.com\/ba\/wp-json\/wp\/v2\/product\/5706","targetHints":{"allow":["GET"]}}],"collection":[{"href":"https:\/\/torzokom.com\/ba\/wp-json\/wp\/v2\/product"}],"about":[{"href":"https:\/\/torzokom.com\/ba\/wp-json\/wp\/v2\/types\/product"}],"version-history":[{"count":0,"href":"https:\/\/torzokom.com\/ba\/wp-json\/wp\/v2\/product\/5706\/revisions"}],"wp:featuredmedia":[{"embeddable":true,"href":"https:\/\/torzokom.com\/ba\/wp-json\/wp\/v2\/media\/5708"}],"wp:attachment":[{"href":"https:\/\/torzokom.com\/ba\/wp-json\/wp\/v2\/media?parent=5706"}],"wp:term":[{"taxonomy":"product_cat","embeddable":true,"href":"https:\/\/torzokom.com\/ba\/wp-json\/wp\/v2\/product_cat?post=5706"},{"taxonomy":"product_tag","embeddable":true,"href":"https:\/\/torzokom.com\/ba\/wp-json\/wp\/v2\/product_tag?post=5706"}],"curies":[{"name":"wp","href":"https:\/\/api.w.org\/{rel}","templated":true}]}}