{"id":5711,"date":"2025-10-13T12:55:48","date_gmt":"2025-10-13T10:55:48","guid":{"rendered":"http:\/\/torzokom.com\/?post_type=product&#038;p=5711"},"modified":"2025-10-24T16:25:09","modified_gmt":"2025-10-24T14:25:09","slug":"blaser-futrola-za-pusku-ultimate-modularni-ruksak-2","status":"publish","type":"product","link":"https:\/\/torzokom.com\/ba\/proizvod\/blaser-futrola-za-pusku-ultimate-modularni-ruksak-2\/","title":{"rendered":"Blaser futrola za pu\u0161ku Ultimate Modularni ruksak"},"content":{"rendered":"<h2>Blaser futrola za pu\u0161ku Ultimate Modularni ruksak<\/h2>\n<p>Asortiman se zasniva na inovativnom \u0161titniku za ranac, na koji se stavlja Ultimate Rifle Holster\u00a0i Blaser Ultimate ruksak S ili M se mo\u017ee pri\u010dvrstiti. Sve komponente su povezane sa veoma \u010dvrstim MOLLE petljama, stvaraju\u0107i savr\u0161eno koordiniran sistem.\u00a0Mo\u017eete koristiti Ultimate Rifle Holster da bezbedno skladi\u0161tite svoju pu\u0161ku i transportujete je na le\u0111ima u sistemu ranca zajedno sa ostatkom va\u0161eg kompleta. Ovo ostavlja va\u0161e ruke slobodne za dr\u017eanje, podr\u0161ku i balansiranje kada hodate po te\u0161kom terenu.\u00a0Mo\u017eete da koristite dvosmerni patent zatvara\u010d na vrhu futrole da bezbedno odlo\u017eite pu\u0161ku i da joj brzo pristupite kada je to potrebno. Unutra\u0161njost navlake ima mekanu postavu koja \u0161titi va\u0161u pu\u0161ku od ogrebotina i o\u0161te\u0107enja. Po potrebi, kliza\u010d se mo\u017ee uvu\u0107i u sistem za no\u0161enje do donje ivice. Modul futrole za pu\u0161ku se isporu\u010duje sa potrebnim materijalima za pri\u010dvr\u0161\u0107ivanje za sistem no\u0161enja Ultimate Backbone.\u00a0Futrola za pu\u0161ku Blaser Ultimate je idealan dodatak Blaser Ultimate asortimanu, a MOLLE om\u010de se mogu koristiti za jednostavno pri\u010dvr\u0161\u0107ivanje na Ultimate Backbone sistem za no\u0161enje ili za postavljanje izme\u0111u ki\u010dme i ranca.\u00a0Dostupan u braon i HunTec Camo boji.<\/p>\n<p>Maksimalna fleksibilnost i udobnost \u2013 savr\u0161eni nastavak va\u0161eg individualnog Ultimate iskustva!<\/p>","protected":false},"excerpt":{"rendered":"<p>Blaser futrola za pu\u0161ku Ultimate Modularni ruksak Asortiman se zasniva na inovativnom \u0161titniku za ranac, na koji se stavlja Ultimate Rifle Holster\u00a0i Blaser Ultimate ruksak S ili M se mo\u017ee pri\u010dvrstiti. Sve komponente su povezane sa veoma \u010dvrstim MOLLE petljama, stvaraju\u0107i savr\u0161eno koordiniran sistem.\u00a0Mo\u017eete koristiti Ultimate Rifle Holster da bezbedno skladi\u0161tite svoju pu\u0161ku i transportujete [&hellip;]<\/p>\n","protected":false},"featured_media":5712,"template":"","meta":[],"product_cat":[33],"product_tag":[],"class_list":{"0":"post-5711","1":"product","2":"type-product","3":"status-publish","4":"has-post-thumbnail","6":"product_brand-blaser","7":"product_cat-torbe-ruksaci","9":"first","10":"instock","11":"taxable","12":"shipping-taxable","13":"purchasable","14":"product-type-simple"},"_links":{"self":[{"href":"https:\/\/torzokom.com\/ba\/wp-json\/wp\/v2\/product\/5711","targetHints":{"allow":["GET"]}}],"collection":[{"href":"https:\/\/torzokom.com\/ba\/wp-json\/wp\/v2\/product"}],"about":[{"href":"https:\/\/torzokom.com\/ba\/wp-json\/wp\/v2\/types\/product"}],"version-history":[{"count":0,"href":"https:\/\/torzokom.com\/ba\/wp-json\/wp\/v2\/product\/5711\/revisions"}],"wp:featuredmedia":[{"embeddable":true,"href":"https:\/\/torzokom.com\/ba\/wp-json\/wp\/v2\/media\/5712"}],"wp:attachment":[{"href":"https:\/\/torzokom.com\/ba\/wp-json\/wp\/v2\/media?parent=5711"}],"wp:term":[{"taxonomy":"product_cat","embeddable":true,"href":"https:\/\/torzokom.com\/ba\/wp-json\/wp\/v2\/product_cat?post=5711"},{"taxonomy":"product_tag","embeddable":true,"href":"https:\/\/torzokom.com\/ba\/wp-json\/wp\/v2\/product_tag?post=5711"}],"curies":[{"name":"wp","href":"https:\/\/api.w.org\/{rel}","templated":true}]}}