{"id":5718,"date":"2025-10-13T13:06:59","date_gmt":"2025-10-13T11:06:59","guid":{"rendered":"http:\/\/torzokom.com\/?post_type=product&#038;p=5718"},"modified":"2025-10-26T01:53:24","modified_gmt":"2025-10-25T23:53:24","slug":"dijabole-coal-6-pack-hunting-field-cal-45-mm-i-55-mm","status":"publish","type":"product","link":"https:\/\/torzokom.com\/ba\/proizvod\/dijabole-coal-6-pack-hunting-field-cal-45-mm-i-55-mm\/","title":{"rendered":"Dijabole Coal 6 Pack Hunting Field cal. 4,5 mm i 5,5 mm"},"content":{"rendered":"<h2>Dijabole Coal 6 Pack Hunting Field cal. 4,5 mm i 5,5 mm<\/h2>\n<p>Izbor najbolje kuglice koja odgovara va\u0161oj pu\u0161ci i za odre\u0111enu namjenu obi\u010dno zna\u010di kupovinu velike koli\u010dine kuglica. Nudimo jednostavno i isplativo re\u0161enje sa pakovanjima za uzorkovanje kuglica &#8211; pakovanje od \u0161est tubica po 40 dijabola<\/p>","protected":false},"excerpt":{"rendered":"<p>Dijabole Coal 6 Pack Hunting Field cal. 4,5 mm i 5,5 mm Izbor najbolje kuglice koja odgovara va\u0161oj pu\u0161ci i za odre\u0111enu namjenu obi\u010dno zna\u010di kupovinu velike koli\u010dine kuglica. Nudimo jednostavno i isplativo re\u0161enje sa pakovanjima za uzorkovanje kuglica &#8211; pakovanje od \u0161est tubica po 40 dijabola<\/p>","protected":false},"featured_media":5720,"template":"","meta":[],"product_cat":[15,61],"product_tag":[],"class_list":{"0":"post-5718","1":"product","2":"type-product","3":"status-publish","4":"has-post-thumbnail","6":"product_brand-coal","7":"product_cat-municija","8":"product_cat-dijabole","10":"first","11":"instock","12":"taxable","13":"shipping-taxable","14":"purchasable","15":"product-type-simple"},"_links":{"self":[{"href":"https:\/\/torzokom.com\/ba\/wp-json\/wp\/v2\/product\/5718","targetHints":{"allow":["GET"]}}],"collection":[{"href":"https:\/\/torzokom.com\/ba\/wp-json\/wp\/v2\/product"}],"about":[{"href":"https:\/\/torzokom.com\/ba\/wp-json\/wp\/v2\/types\/product"}],"version-history":[{"count":0,"href":"https:\/\/torzokom.com\/ba\/wp-json\/wp\/v2\/product\/5718\/revisions"}],"wp:featuredmedia":[{"embeddable":true,"href":"https:\/\/torzokom.com\/ba\/wp-json\/wp\/v2\/media\/5720"}],"wp:attachment":[{"href":"https:\/\/torzokom.com\/ba\/wp-json\/wp\/v2\/media?parent=5718"}],"wp:term":[{"taxonomy":"product_cat","embeddable":true,"href":"https:\/\/torzokom.com\/ba\/wp-json\/wp\/v2\/product_cat?post=5718"},{"taxonomy":"product_tag","embeddable":true,"href":"https:\/\/torzokom.com\/ba\/wp-json\/wp\/v2\/product_tag?post=5718"}],"curies":[{"name":"wp","href":"https:\/\/api.w.org\/{rel}","templated":true}]}}