{"id":5721,"date":"2025-10-13T13:10:24","date_gmt":"2025-10-13T11:10:24","guid":{"rendered":"http:\/\/torzokom.com\/?post_type=product&#038;p=5721"},"modified":"2025-10-26T23:28:47","modified_gmt":"2025-10-26T22:28:47","slug":"oslonac-za-pucanje-tronozac-fiery-deer-4-gen-auto","status":"publish","type":"product","link":"https:\/\/torzokom.com\/ba\/proizvod\/oslonac-za-pucanje-tronozac-fiery-deer-4-gen-auto\/","title":{"rendered":"Oslonac Za Pucanje Trono\u017eac &#8211; Fiery Deer 4 Gen-Auto"},"content":{"rendered":"<h2>Oslonac Za Pucanje Trono\u017eac &#8211; Fiery Deer 4 Gen-Auto<\/h2>\n<p>Te\u017eak je samo 1,5 kg, tako da ga lako mo\u017eete ponijeti sa sobom, \u010dak i ako ste pje\u0161ice. Ima podesivi remen za ru\u010dni zglob koji je pri\u010dvr\u0161\u0107en za rukohvat, a tri noge se mogu stegnuti zajedno. Ove zna\u010dajke omogu\u0107uju udoban transport stative Fiery Deer za pucanje.<br \/>\nDr\u0161ka na vrhu palice ima kamufla\u017eni uzorak i ima prili\u010dno veliki okida\u010d. Povla\u010denjem tog okida\u010da mo\u017eete slobodno pomicati ru\u010dku gore ili dolje kako biste ispru\u017eili ili uvukli noge. Ova zna\u010dajka zna\u010di da jednom rukom mo\u017eete koristiti cijeli niz nogu podesivih po duljini od 1015 mm do 1575 mm. Odmah pored okida\u010da, prona\u0107i \u0107ete dugme koji se mo\u017ee koristiti za zaklju\u010davanje. Na vrhu rukohvata nalazi se naslon za pu\u0161ku u obliku slova V s gumenom povr\u0161inom. Taj oslonac za pu\u0161ku omogu\u0107uje vam sigurno postavljanje va\u0161e pu\u0161ke za dodatnu stabilnost, dok jo\u0161 uvijek dopu\u0161ta trzanje.<br \/>\nTaj naslon za pu\u0161ku u obliku slova V tako\u0111er se mo\u017ee skinuti. Zatim mo\u017eete koristiti navoj \u00bc\u201d-20 i 3\/8\u201d-16 za montiranje ne\u010dega poput kamere. Rukohvat se mo\u017ee glatko okretati oko svoje osi, tako da imate puni raspon pokreta s palicom za ga\u0111anje Fiery Deer Tripod Gen. 4. Uz \u0161tap za ga\u0111anje dobit \u0107ete nosa\u010d koji se mo\u017ee pri\u010dvrstiti na rukohvat. Taj se nosa\u010d mo\u017ee koristiti za sigurno pri\u010dvr\u0161\u0107ivanje ne\u010dega poput svjetiljke, kamere, termalnog monokulara itd. na va\u0161 strelja\u010dki \u0161tap.<br \/>\nSvaka od tri no\u017eice ima kuglasti zglob koji se mo\u017ee koristiti za potpuno ravno postavljanje na gotovo svaku povr\u0161inu, \u0161to strelja\u010dku palicu Fiery Deer Tripod Gen. 4 \u010dini vrlo stabilnom platformom za pucanje.<\/p>","protected":false},"excerpt":{"rendered":"<p>Ovaj \u0161tap za ga\u0111anje Fiery Deer Tripod Gen. 4 izra\u0111en je od aluminija otpornog na udarce i nevjerojatno je lagan.<\/p>","protected":false},"featured_media":5722,"template":"","meta":[],"product_cat":[83,184],"product_tag":[],"class_list":{"0":"post-5721","1":"product","2":"type-product","3":"status-publish","4":"has-post-thumbnail","6":"product_cat-dodatna-oprema","7":"product_cat-oslonci-za-pucanje","9":"first","10":"instock","11":"taxable","12":"shipping-taxable","13":"purchasable","14":"product-type-simple"},"_links":{"self":[{"href":"https:\/\/torzokom.com\/ba\/wp-json\/wp\/v2\/product\/5721","targetHints":{"allow":["GET"]}}],"collection":[{"href":"https:\/\/torzokom.com\/ba\/wp-json\/wp\/v2\/product"}],"about":[{"href":"https:\/\/torzokom.com\/ba\/wp-json\/wp\/v2\/types\/product"}],"version-history":[{"count":0,"href":"https:\/\/torzokom.com\/ba\/wp-json\/wp\/v2\/product\/5721\/revisions"}],"wp:featuredmedia":[{"embeddable":true,"href":"https:\/\/torzokom.com\/ba\/wp-json\/wp\/v2\/media\/5722"}],"wp:attachment":[{"href":"https:\/\/torzokom.com\/ba\/wp-json\/wp\/v2\/media?parent=5721"}],"wp:term":[{"taxonomy":"product_cat","embeddable":true,"href":"https:\/\/torzokom.com\/ba\/wp-json\/wp\/v2\/product_cat?post=5721"},{"taxonomy":"product_tag","embeddable":true,"href":"https:\/\/torzokom.com\/ba\/wp-json\/wp\/v2\/product_tag?post=5721"}],"curies":[{"name":"wp","href":"https:\/\/api.w.org\/{rel}","templated":true}]}}