{"id":5723,"date":"2025-10-13T13:26:27","date_gmt":"2025-10-13T11:26:27","guid":{"rendered":"http:\/\/torzokom.com\/?post_type=product&#038;p=5723"},"modified":"2025-10-24T16:25:37","modified_gmt":"2025-10-24T14:25:37","slug":"blaser-ddvogled-daljinomjer-rf-8x32","status":"publish","type":"product","link":"https:\/\/torzokom.com\/ba\/proizvod\/blaser-ddvogled-daljinomjer-rf-8x32\/","title":{"rendered":"Blaser dvogled\/daljinomjer RF 8&#215;32"},"content":{"rendered":"<h2>Blaser dvogled\/daljinomjer RF 8&#215;32<\/h2>\n<div class=\"ad-description\">\n<ul>\n<li>Blaser dvogled\/daljinomer 8&#215;32<\/li>\n<li>Jedan od najlak\u0161ih i najkompaktnijih dvogleda sa integrisanim laserskim daljinomerom.<\/li>\n<li>Glatko za fokusiranje<\/li>\n<li>Lako se \u010disti<\/li>\n<li>Pogodan rad<\/li>\n<li>Lagan i kompaktan dizajn<\/li>\n<\/ul>\n<p>Blaser daljinomer je nezamjenljiv alat za lov. Precizno merenje udaljenosti do 1.200 m obezbe\u0111uje neophodnu preciznost za brzo i precizno delovanje prilikom lova na daljinu. Naro\u010dito u izazovnim situacijama, kao \u0161to su lo\u0161i svetlosni uslovi ili udaljeni ciljevi, daljinomer poma\u017ee u pru\u017eanju va\u017enih informacija u realnom vremenu. Aplikacija Blaser Rangefinder omogu\u0107ava korisnicima da podese pode\u0161avanja kao \u0161to su osvetljenost, jedinice i re\u017eim merenja. Oni mogu pozvati detaljne informacije o proizvodu i tehni\u010dke podatke daljinomera. Tako\u0111e je mogu\u0107e kreirati profile vatrenog oru\u017eja i municije i preneti ih na dvogled, uklju\u010duju\u0107i balisti\u010dki prora\u010dun. Ove funkcije pretvaraju aplikaciju u nezamenljiv alat za precizan i efikasan lov. Blaser daljinomjer je idealan saputnik, posebno za lov na ve\u0107im udaljenostima. Zajedno sa QDC+, on \u010dini savr\u0161eno koordinisanu jedinicu.<\/p>\n<p>Potpuno novorazvijeni mehanizam omogu\u0107ava da se okulari vrlo lako skidaju. Optimalno \u010di\u0161\u0107enje so\u010diva okulara je stoga brzo i prakti\u010dno.<\/p>\n<\/div>","protected":false},"excerpt":{"rendered":"<p>Precizno mjerenje udaljenosti do 1.200 m obezbje\u0111uje neophodnu preciznost za brzo i precizno djelovanje prilikom lova na daljinu.<\/p>","protected":false},"featured_media":5725,"template":"","meta":[],"product_cat":[41,107,105],"product_tag":[],"class_list":{"0":"post-5723","1":"product","2":"type-product","3":"status-publish","4":"has-post-thumbnail","6":"product_brand-blaser","7":"product_cat-dvogledi","8":"product_cat-laserski-daljinomjeri","9":"product_cat-optika","11":"first","12":"instock","13":"taxable","14":"shipping-taxable","15":"purchasable","16":"product-type-simple"},"_links":{"self":[{"href":"https:\/\/torzokom.com\/ba\/wp-json\/wp\/v2\/product\/5723","targetHints":{"allow":["GET"]}}],"collection":[{"href":"https:\/\/torzokom.com\/ba\/wp-json\/wp\/v2\/product"}],"about":[{"href":"https:\/\/torzokom.com\/ba\/wp-json\/wp\/v2\/types\/product"}],"version-history":[{"count":0,"href":"https:\/\/torzokom.com\/ba\/wp-json\/wp\/v2\/product\/5723\/revisions"}],"wp:featuredmedia":[{"embeddable":true,"href":"https:\/\/torzokom.com\/ba\/wp-json\/wp\/v2\/media\/5725"}],"wp:attachment":[{"href":"https:\/\/torzokom.com\/ba\/wp-json\/wp\/v2\/media?parent=5723"}],"wp:term":[{"taxonomy":"product_cat","embeddable":true,"href":"https:\/\/torzokom.com\/ba\/wp-json\/wp\/v2\/product_cat?post=5723"},{"taxonomy":"product_tag","embeddable":true,"href":"https:\/\/torzokom.com\/ba\/wp-json\/wp\/v2\/product_tag?post=5723"}],"curies":[{"name":"wp","href":"https:\/\/api.w.org\/{rel}","templated":true}]}}