{"id":5728,"date":"2025-10-13T15:41:59","date_gmt":"2025-10-13T13:41:59","guid":{"rendered":"http:\/\/torzokom.com\/?post_type=product&#038;p=5728"},"modified":"2025-10-13T15:41:59","modified_gmt":"2025-10-13T13:41:59","slug":"dijabola-coal-pmp-100-065g-55-mm","status":"publish","type":"product","link":"https:\/\/torzokom.com\/ba\/proizvod\/dijabola-coal-pmp-100-065g-55-mm\/","title":{"rendered":"Dijabola Coal Pmp 100 0,65g. 5,5 mm"},"content":{"rendered":"<h2>Dijabola Coal Pmp 100 0,65g. 5, 5 mm<\/h2>\n<p>Dijabole 100PMP u kalibru 5.5\/.22 su brze, sna\u017ene i precizne dijabole na ve\u0107im udaljenostima, pogodne za sve svrhe lova (gdje je dozvoljen lov zra\u010dnim oru\u017ejem).<br \/>\nPosebno se preporu\u010duje za PCP i zra\u010dne pu\u0161ke s oprugom. Pakovano 100 kom. u limenkama s poklopcem na navoj.<\/p>","protected":false},"excerpt":{"rendered":"<p>Brze, sna\u017ene i precizne dijabole na ve\u0107im udaljenostima&#8230;<\/p>","protected":false},"featured_media":5729,"template":"","meta":[],"product_cat":[61,15],"product_tag":[],"class_list":{"0":"post-5728","1":"product","2":"type-product","3":"status-publish","4":"has-post-thumbnail","6":"product_brand-coal","7":"product_cat-dijabole","8":"product_cat-municija","10":"first","11":"instock","12":"taxable","13":"shipping-taxable","14":"purchasable","15":"product-type-simple"},"_links":{"self":[{"href":"https:\/\/torzokom.com\/ba\/wp-json\/wp\/v2\/product\/5728","targetHints":{"allow":["GET"]}}],"collection":[{"href":"https:\/\/torzokom.com\/ba\/wp-json\/wp\/v2\/product"}],"about":[{"href":"https:\/\/torzokom.com\/ba\/wp-json\/wp\/v2\/types\/product"}],"version-history":[{"count":0,"href":"https:\/\/torzokom.com\/ba\/wp-json\/wp\/v2\/product\/5728\/revisions"}],"wp:featuredmedia":[{"embeddable":true,"href":"https:\/\/torzokom.com\/ba\/wp-json\/wp\/v2\/media\/5729"}],"wp:attachment":[{"href":"https:\/\/torzokom.com\/ba\/wp-json\/wp\/v2\/media?parent=5728"}],"wp:term":[{"taxonomy":"product_cat","embeddable":true,"href":"https:\/\/torzokom.com\/ba\/wp-json\/wp\/v2\/product_cat?post=5728"},{"taxonomy":"product_tag","embeddable":true,"href":"https:\/\/torzokom.com\/ba\/wp-json\/wp\/v2\/product_tag?post=5728"}],"curies":[{"name":"wp","href":"https:\/\/api.w.org\/{rel}","templated":true}]}}