{"id":5737,"date":"2025-10-14T08:07:30","date_gmt":"2025-10-14T06:07:30","guid":{"rendered":"http:\/\/torzokom.com\/?post_type=product&#038;p=5737"},"modified":"2025-11-27T01:26:44","modified_gmt":"2025-11-27T00:26:44","slug":"spectiv-minox-md-50w","status":"publish","type":"product","link":"https:\/\/torzokom.com\/ba\/proizvod\/spectiv-minox-md-50w\/","title":{"rendered":"Spectiv Minox MD 50W"},"content":{"rendered":"<h2>Spectiv Minox MD 50W<\/h2>\n<p>Spectiv Minox MD 50W &#8211; spakujte ga, krenite i vidite kakva iznena\u0111enja priroda sprema. Zahvaljuju\u0107i svojim d\u017eepnim dimenzijama, MD 50 V niska je prvi izbor kada je u pitanju istra\u017eivanje flore i faune dok ste u pokretu &#8211; bez potrebe da nosite nepotrebnu te\u017einu u torbama. Mehanika dizajnirana sa najve\u0107om precizno\u0161\u0107u i uve\u0107anje od 16x do 30x \u010dine ga raznovrsnom vrhunskom optikom za svaku situaciju.<\/p>","protected":false},"excerpt":{"rendered":"<p>Spectiv Minox MD 50W Spectiv Minox MD 50W &#8211; spakujte ga, krenite i vidite kakva iznena\u0111enja priroda sprema. Zahvaljuju\u0107i svojim d\u017eepnim dimenzijama, MD 50 V niska je prvi izbor kada je u pitanju istra\u017eivanje flore i faune dok ste u pokretu &#8211; bez potrebe da nosite nepotrebnu te\u017einu u torbama. Mehanika dizajnirana sa najve\u0107om precizno\u0161\u0107u [&hellip;]<\/p>\n","protected":false},"featured_media":5739,"template":"","meta":[],"product_cat":[105,108],"product_tag":[],"class_list":{"0":"post-5737","1":"product","2":"type-product","3":"status-publish","4":"has-post-thumbnail","6":"product_brand-minox","7":"product_cat-optika","8":"product_cat-spektivi","10":"first","11":"instock","12":"taxable","13":"shipping-taxable","14":"purchasable","15":"product-type-simple"},"_links":{"self":[{"href":"https:\/\/torzokom.com\/ba\/wp-json\/wp\/v2\/product\/5737","targetHints":{"allow":["GET"]}}],"collection":[{"href":"https:\/\/torzokom.com\/ba\/wp-json\/wp\/v2\/product"}],"about":[{"href":"https:\/\/torzokom.com\/ba\/wp-json\/wp\/v2\/types\/product"}],"version-history":[{"count":0,"href":"https:\/\/torzokom.com\/ba\/wp-json\/wp\/v2\/product\/5737\/revisions"}],"wp:featuredmedia":[{"embeddable":true,"href":"https:\/\/torzokom.com\/ba\/wp-json\/wp\/v2\/media\/5739"}],"wp:attachment":[{"href":"https:\/\/torzokom.com\/ba\/wp-json\/wp\/v2\/media?parent=5737"}],"wp:term":[{"taxonomy":"product_cat","embeddable":true,"href":"https:\/\/torzokom.com\/ba\/wp-json\/wp\/v2\/product_cat?post=5737"},{"taxonomy":"product_tag","embeddable":true,"href":"https:\/\/torzokom.com\/ba\/wp-json\/wp\/v2\/product_tag?post=5737"}],"curies":[{"name":"wp","href":"https:\/\/api.w.org\/{rel}","templated":true}]}}