{"id":5741,"date":"2025-10-14T08:27:17","date_gmt":"2025-10-14T06:27:17","guid":{"rendered":"http:\/\/torzokom.com\/?post_type=product&#038;p=5741"},"modified":"2025-10-23T02:03:01","modified_gmt":"2025-10-23T00:03:01","slug":"swarovski-optika-z8i-5-40x56-p-sr-4ai","status":"publish","type":"product","link":"https:\/\/torzokom.com\/ba\/proizvod\/swarovski-optika-z8i-5-40x56-p-sr-4ai\/","title":{"rendered":"Swarovski optika Z8i+ 5-40&#215;56 p SR 4Ai"},"content":{"rendered":"<h2>Swarovski optika Z8i+ 5-40&#215;56 p SR 4Ai<\/h2>\n<p>Jasniji pregled i preciznost detalja &#8211; veliko vidno polje pru\u017ea optimalan pregled, dok veliko uve\u0107anje otkriva vi\u0161e detalja za bezbjednu procjnu divlja\u010di. Velikodu\u0161no dimenzionirana o\u010dna kutija tako\u0111e pru\u017ea visok nivo udobnosti prilikom posmatranja.<\/p>\n<p>Precizno i pouzdano &#8211;\u00a0Pru\u017eanjem vi\u0161e detalja, Z8i+ 5-40&#215;56 omogu\u0107ava precizniju procjenu i precizno ciljanje. Ovo obezbje\u0111uje dodatnu sigurnost za eti\u010dki lov.<\/p>\n<p>Velikodu\u0161no dimenzionirana o\u010dna kutija omogu\u0107ava precizno ciljanje \u010dak i ako va\u0161e oko nije precizno pozicionirano. Posebno u lovnim situacijama gde su brze reakcije klju\u010dne, nudi jasnu prednost. Omogu\u0107ava vam da fleksibilno pomjerate glavu bez gubitka iz vida mete. Ovo omogu\u0107ava lak\u0161e ciljanje i precizan hitac u kriti\u010dnom trenutku.<\/p>\n<p>Fleksibilan i lagan &#8211;\u00a0 br\u017ee reagujte na brzo promjenljive situacije. Zum od 8 puta i ergonomski usavr\u0161ene karakteristike rada obezbje\u0111uju intuitivno i lako rukovanje \u010dak i u izazovnim lova\u010dkim situacijama.<\/p>\n<p>Z8i+ 5-40&#215;56 tako\u0111e impresionira te\u017einom od samo 850 g (30 oz). Uvijek spreman &#8211; Opremljen inteligentnom SWAROLIGHT tehnologijom, Z8i+ 5-40&#215;56 automatski aktivira osvetljenu kon\u010danicu \u010dim se vatreno oru\u017eje na\u0111e u polo\u017eaju za ga\u0111anje.<\/p>\n<p>Prilago\u0111en va\u0161im potrebama &#8211;\u00a0Z8i+ 5-40&#215;56 otkriva svoju punu snagu pomo\u0107u balisti\u010dkog savijanja kupole (BTF). Ovo se mo\u017ee zasebno konfigurisati pomo\u0107u personalizovanog balisti\u010dkog prstena (PBR) i omogu\u0107ava vam da uvek ostanete na meti na \u017eeljenim udaljenostima. \u0160irok izbor dodatne opreme, uklju\u010duju\u0107i SLP-ove i AFL+, omogu\u0107ava individualno pode\u0161avanje ni\u0161ana svakoj lova\u010dkoj situaciji.<\/p>","protected":false},"excerpt":{"rendered":"<p>Veliko vidno polje pru\u017ea optimalan pregled, dok veliko uve\u0107anje otkriva vi\u0161e detalja za bezbednu procenu divlja\u010di.<\/p>","protected":false},"featured_media":5742,"template":"","meta":[],"product_cat":[105,106],"product_tag":[],"class_list":{"0":"post-5741","1":"product","2":"type-product","3":"status-publish","4":"has-post-thumbnail","6":"product_brand-swarovski","7":"product_cat-optika","8":"product_cat-opticki-nisani","10":"first","11":"instock","12":"taxable","13":"shipping-taxable","14":"purchasable","15":"product-type-simple"},"_links":{"self":[{"href":"https:\/\/torzokom.com\/ba\/wp-json\/wp\/v2\/product\/5741","targetHints":{"allow":["GET"]}}],"collection":[{"href":"https:\/\/torzokom.com\/ba\/wp-json\/wp\/v2\/product"}],"about":[{"href":"https:\/\/torzokom.com\/ba\/wp-json\/wp\/v2\/types\/product"}],"version-history":[{"count":0,"href":"https:\/\/torzokom.com\/ba\/wp-json\/wp\/v2\/product\/5741\/revisions"}],"wp:featuredmedia":[{"embeddable":true,"href":"https:\/\/torzokom.com\/ba\/wp-json\/wp\/v2\/media\/5742"}],"wp:attachment":[{"href":"https:\/\/torzokom.com\/ba\/wp-json\/wp\/v2\/media?parent=5741"}],"wp:term":[{"taxonomy":"product_cat","embeddable":true,"href":"https:\/\/torzokom.com\/ba\/wp-json\/wp\/v2\/product_cat?post=5741"},{"taxonomy":"product_tag","embeddable":true,"href":"https:\/\/torzokom.com\/ba\/wp-json\/wp\/v2\/product_tag?post=5741"}],"curies":[{"name":"wp","href":"https:\/\/api.w.org\/{rel}","templated":true}]}}