{"id":5747,"date":"2025-10-14T08:46:40","date_gmt":"2025-10-14T06:46:40","guid":{"rendered":"http:\/\/torzokom.com\/?post_type=product&#038;p=5747"},"modified":"2025-10-14T08:46:56","modified_gmt":"2025-10-14T06:46:56","slug":"deerhunter-lovacke-carape","status":"publish","type":"product","link":"https:\/\/torzokom.com\/ba\/proizvod\/deerhunter-lovacke-carape\/","title":{"rendered":"Deerhunter lova\u010dke \u010darape"},"content":{"rendered":"<div class=\"ad-description-container\">\n<div class=\"ad-description collapsed\">\n<p><strong>RUSKI TERMO \u010cARAPE 8109\/350 &#8211; zelena<\/strong><\/p>\n<p>Ruski Termo \u010carape &#8211; duge. Lo\u0161e vreme nije izgovor &#8211; samo pogre\u0161an izbor ode\u0107e. Odr\u017eavajte svoju obu\u0107u toplom uz DEERHUNTER-ove specijalno razvijene Ruski termo \u010darape visokog kvaliteta<\/p>\n<p class=\"main-title-listing sm:hidden flex flex-row items-center mr-md\"><strong>DEERHUNTER LOVA\u010cKE \u010cARAPE 8305\/331 &#8211; maslinasta<\/strong><\/p>\n<p>Ove klasi\u010dne lova\u010dke \u010darape napravljene su od ekolo\u0161ki prihvatljivih vlakana konoplje, koja ne zahtjevaju upotrebu pesticida i biorazgradiva su. Vlakna konoplje su prirodno antibakterijska i inhibiraju rast bakterija i spre\u010davaju neprijatne mirise. \u010carape, sa frotirnim \u0111onom za dodatnu udobnost i apsorpciju udara, udobne su za no\u0161enje. \u010carape su dizajnirane da ostanu na stopalu bez uvijanja. Tako\u0111e imaju rebrastu potporu, \u0161to obezbe\u0111uje udobno prianjanje. DEERHUNTER \u010darape od konoplje su udobne \u010darape za lov i upotrebu na otvorenom, odr\u017eavaju\u0107i va\u0161a stopala i potkolenice toplim i udobnim.<\/p>\n<\/div>\n<\/div>","protected":false},"excerpt":{"rendered":"<p>RUSKI TERMO \u010cARAPE 8109\/350 &#8211; zelena Ruski Termo \u010carape &#8211; duge. Lo\u0161e vreme nije izgovor &#8211; samo pogre\u0161an izbor ode\u0107e. Odr\u017eavajte svoju obu\u0107u toplom uz DEERHUNTER-ove specijalno razvijene Ruski termo \u010darape visokog kvaliteta DEERHUNTER LOVA\u010cKE \u010cARAPE 8305\/331 &#8211; maslinasta Ove klasi\u010dne lova\u010dke \u010darape napravljene su od ekolo\u0161ki prihvatljivih vlakana konoplje, koja ne zahtjevaju upotrebu pesticida [&hellip;]<\/p>\n","protected":false},"featured_media":5751,"template":"","meta":[],"product_cat":[58,173],"product_tag":[],"class_list":{"0":"post-5747","1":"product","2":"type-product","3":"status-publish","4":"has-post-thumbnail","6":"product_brand-deer-hunter","7":"product_cat-odjeca-i-obuca","8":"product_cat-carape","9":"pa_boja-maslinasta","10":"pa_boja-zelena","12":"first","13":"instock","14":"taxable","15":"shipping-taxable","16":"purchasable","17":"product-type-variable"},"_links":{"self":[{"href":"https:\/\/torzokom.com\/ba\/wp-json\/wp\/v2\/product\/5747","targetHints":{"allow":["GET"]}}],"collection":[{"href":"https:\/\/torzokom.com\/ba\/wp-json\/wp\/v2\/product"}],"about":[{"href":"https:\/\/torzokom.com\/ba\/wp-json\/wp\/v2\/types\/product"}],"version-history":[{"count":0,"href":"https:\/\/torzokom.com\/ba\/wp-json\/wp\/v2\/product\/5747\/revisions"}],"wp:featuredmedia":[{"embeddable":true,"href":"https:\/\/torzokom.com\/ba\/wp-json\/wp\/v2\/media\/5751"}],"wp:attachment":[{"href":"https:\/\/torzokom.com\/ba\/wp-json\/wp\/v2\/media?parent=5747"}],"wp:term":[{"taxonomy":"product_cat","embeddable":true,"href":"https:\/\/torzokom.com\/ba\/wp-json\/wp\/v2\/product_cat?post=5747"},{"taxonomy":"product_tag","embeddable":true,"href":"https:\/\/torzokom.com\/ba\/wp-json\/wp\/v2\/product_tag?post=5747"}],"curies":[{"name":"wp","href":"https:\/\/api.w.org\/{rel}","templated":true}]}}