{"id":5880,"date":"2025-10-22T15:33:43","date_gmt":"2025-10-22T13:33:43","guid":{"rendered":"http:\/\/torzokom.com\/?post_type=product&#038;p=5880"},"modified":"2025-12-11T15:12:36","modified_gmt":"2025-12-11T14:12:36","slug":"nocpix-ace-rm-h50r","status":"publish","type":"product","link":"https:\/\/torzokom.com\/ba\/proizvod\/nocpix-ace-rm-h50r\/","title":{"rendered":"Nocpix ACE RM H50R Termalni Monokular sa Daljinomjerom"},"content":{"rendered":"<h2>Nocpix ACE RM H50R<\/h2>\n<p><span class=\"group\/language-learning cursor-pointer\"><span class=\"group-hover\/language-learning:border-foreground border-subtle cursor-pointer hyphens-auto break-words border-b-2 border-dotted outline-none transition-colors duration-200 ease-out font-sans text-base font-medium text-foreground selection:bg-super\/50 selection:text-foreground dark:selection:bg-super\/10 dark:selection:text-super\">Dizajniran da nadma\u0161i tradicionalne 30mm nosa\u010de sa prstenom, ACE Rail Mount nudi izuzetnu strukturnu \u010dvrsto\u0107u.<\/span><\/span> Njegov napredni dizajn uklanja rizik od pomjeranja ni\u0161ana ili deformacije cevi, osiguravaju\u0107i dugoro\u010dnu stabilnost \u010dak i u ekstremnim uslovima na terenu.<br \/>\nSa <span class=\"group\/language-learning cursor-pointer\"><span class=\"group-hover\/language-learning:border-foreground border-subtle cursor-pointer hyphens-auto break-words border-b-2 border-dotted outline-none transition-colors duration-200 ease-out font-sans text-base font-medium text-foreground selection:bg-super\/50 selection:text-foreground dark:selection:bg-super\/10 dark:selection:text-super\"> ACE Rail Mount<\/span><\/span>, postizanje savr\u0161enog poravnanja ni\u0161ana vi\u0161e nije izazov. Sistem zasnovan na \u0161ini inherentno obezbe\u0111uje precizno horizontalno nivelisanje, uklanjaju\u0107i potrebu za stalnim pode\u0161avanjima i omogu\u0107avaju\u0107i br\u017ee, ta\u010dnije postavljanje.<br \/>\nDizajniran sa pro\u0161irenom podesivo\u0161\u0107u napred-nazad, <span class=\"group\/language-learning cursor-pointer\"><span class=\"group-hover\/language-learning:border-foreground border-subtle cursor-pointer hyphens-auto break-words border-b-2 border-dotted outline-none transition-colors duration-200 ease-out font-sans text-base font-medium text-foreground selection:bg-super\/50 selection:text-foreground dark:selection:bg-super\/10 dark:selection:text-super\"> ACE Rail Mount<\/span><\/span> znatno olak\u0161ava postizanje idealnog rastojanja oka od ni\u0161ana. Bilo da je u pitanju brzo ciljanje ili du\u017ei lova\u010dki period, korisnici mogu brzo prona\u0107i optimalan polo\u017eaj gledanja sa minimalnim naporom.<br \/>\nSa na\u0161im samorazvijenim termalnim senzorom rezolucije do 1280\u00d71024, <span class=\"group\/language-learning cursor-pointer\"><span class=\"group-hover\/language-learning:border-foreground border-subtle cursor-pointer hyphens-auto break-words border-b-2 border-dotted outline-none transition-colors duration-200 ease-out font-sans text-base font-medium text-foreground selection:bg-super\/50 selection:text-foreground dark:selection:bg-super\/10 dark:selection:text-super\"> ACE Rail Mount<\/span><\/span> obezbje\u0111uje stabilan rad sa NETD manjim od 15mK.<br \/>\nNovi Vision+ sistem ima <span class=\"group\/language-learning cursor-pointer\"><span class=\"group-hover\/language-learning:border-foreground border-subtle cursor-pointer hyphens-auto break-words border-b-2 border-dotted outline-none transition-colors duration-200 ease-out font-sans text-base font-medium text-foreground selection:bg-super\/50 selection:text-foreground dark:selection:bg-super\/10 dark:selection:text-super\"> AMOLED ekran pre\u010dnika 1,03 in\u010da i rezolucije 2560\u00d72560<\/span><\/span> i vode\u0107i u industriji uve\u0107anje kroz okular za direktno opti\u010dko uve\u0107anje. Za razliku od tradicionalnog elektronskog uve\u0107anja, sprje\u010dava zamu\u0107enje i iskrivljenost u prikazima iz blizine. U\u017eivajte u visokorezolutnim slikama i \u0161irem vidnom polju za impresivno i udobno posmatranje.<br \/>\n<span class=\"group\/language-learning cursor-pointer\"><span class=\"group-hover\/language-learning:border-foreground border-subtle cursor-pointer hyphens-auto break-words border-b-2 border-dotted outline-none transition-colors duration-200 ease-out font-sans text-base font-medium text-foreground selection:bg-super\/50 selection:text-foreground dark:selection:bg-super\/10 dark:selection:text-super\">ACE Rail Mount<\/span><\/span> poseduje objektive od 60mm\/F1.0 ili 50mm\/F0.9. Ve\u0107i objektiv omogu\u0107ava da 20% vi\u0161e svjetlosti dopre do senzora. U kombinaciji sa elementima objektiva visoke prozirnosti, generi\u0161e svjetlije i jasnije slike.<br \/>\nNa\u0161 vlasni\u010dki algoritam za obradu slike Reality+ efikasno uklanja buku izazvanu temperaturom okoline, pobolj\u0161avaju\u0107i kontrast i jasno\u0107u detalja.<br \/>\n<span class=\"group\/language-learning cursor-pointer\"><span class=\"group-hover\/language-learning:border-foreground border-subtle cursor-pointer hyphens-auto break-words border-b-2 border-dotted outline-none transition-colors duration-200 ease-out font-sans text-base font-medium text-foreground selection:bg-super\/50 selection:text-foreground dark:selection:bg-super\/10 dark:selection:text-super\">ACE koristi dvostruki baterijski sistem sa ugra\u0111enom baterijom od 4000mAh i dodatnom zamjenjivom 18650 baterijom.<\/span><\/span> Ova konfiguracija zadovoljava potrebe dugotrajnih lova\u010dkih aktivnosti na otvorenom.<\/p>","protected":false},"excerpt":{"rendered":"<p>Nocpix ACE RM H50R Dizajniran da nadma\u0161i tradicionalne 30mm nosa\u010de sa prstenom, ACE Rail Mount nudi izuzetnu strukturnu \u010dvrsto\u0107u. Njegov napredni dizajn uklanja rizik od pomjeranja ni\u0161ana ili deformacije cevi, osiguravaju\u0107i dugoro\u010dnu stabilnost \u010dak i u ekstremnim uslovima na terenu. Sa ACE Rail Mount, postizanje savr\u0161enog poravnanja ni\u0161ana vi\u0161e nije izazov. Sistem zasnovan na \u0161ini [&hellip;]<\/p>\n","protected":false},"featured_media":5919,"template":"","meta":[],"product_cat":[109,177],"product_tag":[],"class_list":{"0":"post-5880","1":"product","2":"type-product","3":"status-publish","4":"has-post-thumbnail","6":"product_brand-nocpix","7":"product_cat-monokulari","8":"product_cat-termalni-uredjaji","10":"first","11":"instock","12":"taxable","13":"shipping-taxable","14":"purchasable","15":"product-type-simple"},"_links":{"self":[{"href":"https:\/\/torzokom.com\/ba\/wp-json\/wp\/v2\/product\/5880","targetHints":{"allow":["GET"]}}],"collection":[{"href":"https:\/\/torzokom.com\/ba\/wp-json\/wp\/v2\/product"}],"about":[{"href":"https:\/\/torzokom.com\/ba\/wp-json\/wp\/v2\/types\/product"}],"version-history":[{"count":0,"href":"https:\/\/torzokom.com\/ba\/wp-json\/wp\/v2\/product\/5880\/revisions"}],"wp:featuredmedia":[{"embeddable":true,"href":"https:\/\/torzokom.com\/ba\/wp-json\/wp\/v2\/media\/5919"}],"wp:attachment":[{"href":"https:\/\/torzokom.com\/ba\/wp-json\/wp\/v2\/media?parent=5880"}],"wp:term":[{"taxonomy":"product_cat","embeddable":true,"href":"https:\/\/torzokom.com\/ba\/wp-json\/wp\/v2\/product_cat?post=5880"},{"taxonomy":"product_tag","embeddable":true,"href":"https:\/\/torzokom.com\/ba\/wp-json\/wp\/v2\/product_tag?post=5880"}],"curies":[{"name":"wp","href":"https:\/\/api.w.org\/{rel}","templated":true}]}}