{"id":5882,"date":"2025-10-22T21:24:34","date_gmt":"2025-10-22T19:24:34","guid":{"rendered":"https:\/\/torzokom.com\/?post_type=product&#038;p=5882"},"modified":"2025-10-23T14:53:42","modified_gmt":"2025-10-23T12:53:42","slug":"optika-blaser-b2-1-6x24-ic-s","status":"publish","type":"product","link":"https:\/\/torzokom.com\/ba\/proizvod\/optika-blaser-b2-1-6x24-ic-s\/","title":{"rendered":"Optika Blaser B2 1-6X24 iC S"},"content":{"rendered":"<h2>Blaser B2 1-6X24 iC S<\/h2>\n<p class=\"my-2 [&amp;+p]:mt-4 [&amp;_strong:has(+br)]:inline-block [&amp;_strong:has(+br)]:pb-2\">Ako \u017eelite imati cjelokupan pregled snajperskog vidnog polja s dodatkom, potrebno je da oba oka budu otvorena, posebno tokom gonjene divlja\u010di. Idealno pode\u0161avanje podrazumijeva da so\u010divo prenosi istu sliku na oko kojim ciljate kao i drugo oko. <span class=\"group\/language-learning cursor-pointer\"><span class=\"group-hover\/language-learning:border-foreground border-subtle cursor-pointer hyphens-auto break-words border-b-2 border-dotted outline-none transition-colors duration-200 ease-out font-sans text-base font-medium text-foreground selection:bg-super\/50 selection:text-foreground dark:selection:bg-super\/10 dark:selection:text-super\"> Blaser B2 1-6&#215;24 iC S <\/span><\/span>nudi ovu prednost zahvaljuju\u0107i svom pravom uve\u0107anju od 1x, ali je istovremeno znatno kompaktniji i robusniji za upotrebu sa dodacima poput no\u0107nog ni\u0161ana, \u0161to osigurava optimalan pregled, brzo ciljanje i sigurno ga\u0111anje. Njegov skra\u0107eni dizajn \u010dini ga izuzetno pogodnim za monta\u017eu dodataka bez ometanja balansa oru\u017eja.<\/p>\n<p>&nbsp;<\/p>\n<p>&nbsp;<\/p>\n","protected":false},"excerpt":{"rendered":"<p>Blaser B2 1-6X24 iC S Ako \u017eelite imati cjelokupan pregled snajperskog vidnog polja s dodatkom, potrebno je da oba oka budu otvorena, posebno tokom gonjene divlja\u010di. Idealno pode\u0161avanje podrazumijeva da so\u010divo prenosi istu sliku na oko kojim ciljate kao i drugo oko. Blaser B2 1-6&#215;24 iC S nudi ovu prednost zahvaljuju\u0107i svom pravom uve\u0107anju od [&hellip;]<\/p>\n","protected":false},"featured_media":5936,"template":"","meta":[],"product_cat":[105,106],"product_tag":[],"class_list":{"0":"post-5882","1":"product","2":"type-product","3":"status-publish","4":"has-post-thumbnail","6":"product_brand-blaser","7":"product_cat-optika","8":"product_cat-opticki-nisani","10":"first","11":"instock","12":"taxable","13":"shipping-taxable","14":"purchasable","15":"product-type-simple"},"_links":{"self":[{"href":"https:\/\/torzokom.com\/ba\/wp-json\/wp\/v2\/product\/5882","targetHints":{"allow":["GET"]}}],"collection":[{"href":"https:\/\/torzokom.com\/ba\/wp-json\/wp\/v2\/product"}],"about":[{"href":"https:\/\/torzokom.com\/ba\/wp-json\/wp\/v2\/types\/product"}],"version-history":[{"count":0,"href":"https:\/\/torzokom.com\/ba\/wp-json\/wp\/v2\/product\/5882\/revisions"}],"wp:featuredmedia":[{"embeddable":true,"href":"https:\/\/torzokom.com\/ba\/wp-json\/wp\/v2\/media\/5936"}],"wp:attachment":[{"href":"https:\/\/torzokom.com\/ba\/wp-json\/wp\/v2\/media?parent=5882"}],"wp:term":[{"taxonomy":"product_cat","embeddable":true,"href":"https:\/\/torzokom.com\/ba\/wp-json\/wp\/v2\/product_cat?post=5882"},{"taxonomy":"product_tag","embeddable":true,"href":"https:\/\/torzokom.com\/ba\/wp-json\/wp\/v2\/product_tag?post=5882"}],"curies":[{"name":"wp","href":"https:\/\/api.w.org\/{rel}","templated":true}]}}