{"id":5900,"date":"2025-10-23T15:27:13","date_gmt":"2025-10-23T13:27:13","guid":{"rendered":"https:\/\/torzokom.com\/?post_type=product&#038;p=5900"},"modified":"2025-12-09T13:13:58","modified_gmt":"2025-12-09T12:13:58","slug":"blaser-nosac-optike-sa-prstenovima-254-30-34-36-40-mm","status":"publish","type":"product","link":"https:\/\/torzokom.com\/ba\/proizvod\/blaser-nosac-optike-sa-prstenovima-254-30-34-36-40-mm\/","title":{"rendered":"Blaser nosa\u010d optike sa prstenovima 25,4 \/ 30 \/ 34 \/ 36 \/ 40 mm"},"content":{"rendered":"<h2>Blaser nosa\u010d optike sa prstenovima 25,4 \/ 30 \/ 34 \/ 36 \/ 40 mm<\/h2>\n<p>Svaka Blaser pu\u0161ka ili kombinovani pi\u0161tolj mo\u017ee biti opremljen originalnim Blaser Saddle Mountom. Nakon \u0161to se jednom povuku, opseg pu\u0161ke mo\u017ee se ukloniti i zamijeniti u samo tri koraka, bez potrebe za alatima, koliko \u010desto \u017eeli, sa 100% povratkom na nulu. To vam omogu\u0107uje fleksibilnost kori\u0161tenja razli\u010ditih opsega na istoj cijevi. \u010cetiri neprimjetna \u010dvora na rubu komore ba\u010dve zauzimaju jednodijelni nosa\u010d bez napetosti. Sama cijev je potpuno slobodna oscilovati Nije potrebno vi\u0161e raditi na vatrenom oru\u017eju, a nema potrebe za velikim bazama nosa\u010da koji mogu ometati va\u0161u sliku vida ili izgled pu\u0161ke.<br \/>\nJEDNOSTAVNA, FLEKSIBILNA I 100% PONOVNA TA\u010cNOST<\/p>\n<p>Blaserova originalna Saddle Mount revolucionirala je vezu izme\u0111u pu\u0161ke i opsega. Njegova dosljedna ta\u010dnost, pouzdanost i preciznost su legendarni i neusporedivi. Samo vam originalni Blaser Saddle Mount osigurava 10-godi\u0161nje jamstvo za snimanje na\u0161ih pu\u0161aka.<\/p>\n<ul>\n<li>Br\u0161ljan brdo saddle postavljeno je u ureze na cijevi s otvorenim polugama za zaklju\u010davanje.<\/li>\n<li>Nisu potrebni alati za pritisci poluge zaklju\u010davanja u polo\u017eaj. To osloba\u0111a napetost na brvnari na ba\u010dvi. Kako bi se sprije\u010dilo da se poluge zaklju\u010daju u upotrebu pu\u0161ke, presavijene su prema unutra.<\/li>\n<li>Opseg pu\u0161ke je pravilno postavljen i spreman za nula. Brdo sa saldo Blaser mo\u017ee se ukloniti i zamijeniti onoliko \u010desto koliko \u017eelite, bez potrebe za ponovnim pomr\u010dinom.<\/li>\n<\/ul>","protected":false},"excerpt":{"rendered":"<p>Blaser nosa\u010d optike sa prstenovima 25,4 \/ 30 \/ 34 \/ 36 \/ 40 mm Svaka Blaser pu\u0161ka ili kombinovani pi\u0161tolj mo\u017ee biti opremljen originalnim Blaser Saddle Mountom. Nakon \u0161to se jednom povuku, opseg pu\u0161ke mo\u017ee se ukloniti i zamijeniti u samo tri koraka, bez potrebe za alatima, koliko \u010desto \u017eeli, sa 100% povratkom na [&hellip;]<\/p>\n","protected":false},"featured_media":6022,"template":"","meta":[],"product_cat":[204,105],"product_tag":[],"class_list":{"0":"post-5900","1":"product","2":"type-product","3":"status-publish","4":"has-post-thumbnail","6":"product_brand-blaser","7":"product_cat-nosaci-montaze-optika","8":"product_cat-optika","9":"pa_vrsta-prstena-254-mm","10":"pa_vrsta-prstena-o-30-mm-visina-42-mm","11":"pa_vrsta-prstena-o-34-mm","12":"pa_vrsta-prstena-o-36-mm","13":"pa_vrsta-prstena-o-40-mm","15":"first","16":"instock","17":"taxable","18":"shipping-taxable","19":"purchasable","20":"product-type-variable"},"_links":{"self":[{"href":"https:\/\/torzokom.com\/ba\/wp-json\/wp\/v2\/product\/5900","targetHints":{"allow":["GET"]}}],"collection":[{"href":"https:\/\/torzokom.com\/ba\/wp-json\/wp\/v2\/product"}],"about":[{"href":"https:\/\/torzokom.com\/ba\/wp-json\/wp\/v2\/types\/product"}],"version-history":[{"count":0,"href":"https:\/\/torzokom.com\/ba\/wp-json\/wp\/v2\/product\/5900\/revisions"}],"wp:featuredmedia":[{"embeddable":true,"href":"https:\/\/torzokom.com\/ba\/wp-json\/wp\/v2\/media\/6022"}],"wp:attachment":[{"href":"https:\/\/torzokom.com\/ba\/wp-json\/wp\/v2\/media?parent=5900"}],"wp:term":[{"taxonomy":"product_cat","embeddable":true,"href":"https:\/\/torzokom.com\/ba\/wp-json\/wp\/v2\/product_cat?post=5900"},{"taxonomy":"product_tag","embeddable":true,"href":"https:\/\/torzokom.com\/ba\/wp-json\/wp\/v2\/product_tag?post=5900"}],"curies":[{"name":"wp","href":"https:\/\/api.w.org\/{rel}","templated":true}]}}