{"id":5902,"date":"2025-10-23T15:16:50","date_gmt":"2025-10-23T13:16:50","guid":{"rendered":"https:\/\/torzokom.com\/?post_type=product&#038;p=5902"},"modified":"2025-12-09T13:13:40","modified_gmt":"2025-12-09T12:13:40","slug":"blaser-picatinny-nosac-optike","status":"publish","type":"product","link":"https:\/\/torzokom.com\/ba\/proizvod\/blaser-picatinny-nosac-optike\/","title":{"rendered":"Blaser Picatinny nosa\u010d optike"},"content":{"rendered":"<p>Blaser Picatinny nosa\u010d optike<\/p>\n<p>Blaserov sistem radi sjajno \u2013 mo\u017ee se ponoviti i omogu\u0107uje puno kombinacija.<\/p>\n<p>Za korisnika koji \u017eeli imati Picatinny tra\u010dnicu na Blaser pu\u0161ci, postizanje toga \u0107e biti te\u017ee i skuplje nego s drugim pu\u0161kama. Proizvo\u0111a\u010di Mount uglavnom imaju dvije kategorije pikatinny tra\u010dnica za Blaser u svojoj ponudi.<br \/>\nFiksne pikatske tra\u010dnice za Blaser pu\u0161ke<\/p>\n<p>Prva kategorija je fiksne pikatinny tra\u010dnice. Uz jedan od njih, korisnik mo\u017ee pretvoriti platformu s \u010detiri usjeka u Picatinny platformu, posti\u017eu\u0107i mogu\u0107nost monta\u017ee ve\u0107ine opti\u010dkih ure\u0111aja na njega.<br \/>\nOdvojive pikadonske tra\u010dnice za Blaser pu\u0161ke<\/p>\n<p>Druga kategorija su odvojive pikatinny tra\u010dnice. Oni rade kao i svi ostali nosa\u010di dizajnirani za \u010detiri-notch Blaser monta\u017eni sustav. Optika montirana na tra\u010dnicu mo\u017ee se brzo ukloniti i vratiti. To je sjajno kada korisnik ima dva razli\u010dita opti\u010dka ure\u0111aja (terapijski ili no\u0107ni vidni stroj i dnevni strop, na primjer). Mogu se prebaciti jedni od drugih bez potrebe za ponovnim nula svaki put.<br \/>\nPro\u0161irene pikatinny tra\u010dnice za Blaser pu\u0161ke<\/p>\n<p>U oba slu\u010daja (fiksne i odvojive), Picatinny tra\u010dnice su dostupne u standardnim i pro\u0161irenim verzijama. Mogu se produ\u017eiti poput onih koje su napravili MAK (MAKuick) i INNOmount &#8211; ve\u0107ina mogu\u0107nosti no\u0107nog vida ima kratko olak\u0161anje za o\u010di i moraju biti postavljeni nazad kako bi bili bli\u017ee korisniku oku. Oni se tako\u0111er mogu pro\u0161iriti naprijed, sve do vrha cijevi pu\u0161ke. Uz njih se posti\u017ee ravni krovni prsluk Picatinny. Omogu\u0107uje postavljanje pu\u0161ke s pri\u010dvr\u0161\u0107enim na objektivni objektiv. Contessa i MAK imaju najvi\u0161e pikatinny tra\u010dnica ove vrste u svojoj ponudi.<br \/>\nKiskarske tra\u010dnice za Blaser pu\u0161ke namijenjene za postavljanje crvenih to\u010dkica<\/p>\n<p>Mnoge crvene to\u010dke znamenitosti dizajnirane su tako da stane na pikatinny \u017eeljeznicu kao standard. Neki proizvo\u0111a\u010di nosa\u010da izra\u0111uju kratke pikatinny tra\u010dnice za Blaser pu\u0161ke koje su namijenjene za postavljanje crvenih to\u010dkica. Najpopularnije tra\u010dnice ove vrste \u010dine INNOmount i Blaser, iako potonji nije bio uklju\u010den u Blaserov katalog posljednjih godina. Onaj koji je izradio Blaser bio je fiksiran i poznat po svom niskoprofilnom dizajnu. INnomount Slight, kako je INnomount nazvao svoju kratku Picatinny tra\u010dnicu, odvoji se i stoji malo vi\u0161e na pu\u0161ci zbog integrisanog mehanizma za ponovnu sposobnost.<\/p>","protected":false},"excerpt":{"rendered":"<p>Blaser Picatinny nosa\u010d optike Blaserov sistem radi sjajno \u2013 mo\u017ee se ponoviti i omogu\u0107uje puno kombinacija. Za korisnika koji \u017eeli imati Picatinny tra\u010dnicu na Blaser pu\u0161ci, postizanje toga \u0107e biti te\u017ee i skuplje nego s drugim pu\u0161kama. Proizvo\u0111a\u010di Mount uglavnom imaju dvije kategorije pikatinny tra\u010dnica za Blaser u svojoj ponudi. Fiksne pikatske tra\u010dnice za Blaser [&hellip;]<\/p>\n","protected":false},"featured_media":6020,"template":"","meta":[],"product_cat":[204,105],"product_tag":[],"class_list":{"0":"post-5902","1":"product","2":"type-product","3":"status-publish","4":"has-post-thumbnail","6":"product_brand-blaser","7":"product_cat-nosaci-montaze-optika","8":"product_cat-optika","10":"first","11":"instock","12":"taxable","13":"shipping-taxable","14":"purchasable","15":"product-type-simple"},"_links":{"self":[{"href":"https:\/\/torzokom.com\/ba\/wp-json\/wp\/v2\/product\/5902","targetHints":{"allow":["GET"]}}],"collection":[{"href":"https:\/\/torzokom.com\/ba\/wp-json\/wp\/v2\/product"}],"about":[{"href":"https:\/\/torzokom.com\/ba\/wp-json\/wp\/v2\/types\/product"}],"version-history":[{"count":0,"href":"https:\/\/torzokom.com\/ba\/wp-json\/wp\/v2\/product\/5902\/revisions"}],"wp:featuredmedia":[{"embeddable":true,"href":"https:\/\/torzokom.com\/ba\/wp-json\/wp\/v2\/media\/6020"}],"wp:attachment":[{"href":"https:\/\/torzokom.com\/ba\/wp-json\/wp\/v2\/media?parent=5902"}],"wp:term":[{"taxonomy":"product_cat","embeddable":true,"href":"https:\/\/torzokom.com\/ba\/wp-json\/wp\/v2\/product_cat?post=5902"},{"taxonomy":"product_tag","embeddable":true,"href":"https:\/\/torzokom.com\/ba\/wp-json\/wp\/v2\/product_tag?post=5902"}],"curies":[{"name":"wp","href":"https:\/\/api.w.org\/{rel}","templated":true}]}}