{"id":5978,"date":"2025-10-23T01:00:49","date_gmt":"2025-10-22T23:00:49","guid":{"rendered":"https:\/\/torzokom.com\/?post_type=product&#038;p=5978"},"modified":"2025-10-23T15:54:24","modified_gmt":"2025-10-23T13:54:24","slug":"gpo-spectra-6x-45-27x50i-lr-pro","status":"publish","type":"product","link":"https:\/\/torzokom.com\/ba\/proizvod\/gpo-spectra-6x-45-27x50i-lr-pro\/","title":{"rendered":"GPO SPECTRA 6x 4,5-27x50i LR Pro"},"content":{"rendered":"<h1 class=\"main-title-listing sm:hidden flex flex-row items-center mr-md\" data-v-4457ac12=\"\">GPO OPTIKA SPECTRA 6X 4,5-27x50i LrPro<\/h1>\n<p>GPO SPECTRA 6x 4,5-27x50i LR Pro FFP dizajniran je za zahtjevne korisnike koji \u017eele pucati i loviti na velikim udaljenostima s velikim pove\u0107anjem i preferiraju kon\u010danicu u prvoj ravnini slike.<br \/>\nS promjerom sredi\u0161nje cijevi od 34 mm, pove\u0107anjem do 27x, prenosom od 90%, velikim hodom prilago\u0111avanja, \u0161irokim razmakom od oka, velikom izlaznom zjenicom kao i integrisanim Zero Stopom, idealan je proizvod za ambiciozne dalekometni strijelci. SPECTRA 4.5-27x50i FFP posebno je kompaktan i lagan i ima osvijetljenu LR Pro kon\u010danicu posebno finih struktura i dimenzija pokrivenosti.<br \/>\nKupole koje se mogu zaklju\u010dati mogu se pode\u0161avati u smjeru kazaljke na satu (CW) ili suprotno (CCW), ovisno o verziji<\/p>","protected":false},"excerpt":{"rendered":"<p>GPO OPTIKA SPECTRA 6X 4,5-27x50i LrPro GPO SPECTRA 6x 4,5-27x50i LR Pro FFP dizajniran je za zahtjevne korisnike koji \u017eele pucati i loviti na velikim udaljenostima s velikim pove\u0107anjem i preferiraju kon\u010danicu u prvoj ravnini slike. S promjerom sredi\u0161nje cijevi od 34 mm, pove\u0107anjem do 27x, prenosom od 90%, velikim hodom prilago\u0111avanja, \u0161irokim razmakom od [&hellip;]<\/p>\n","protected":false},"featured_media":6038,"template":"","meta":[],"product_cat":[106,105],"product_tag":[],"class_list":{"0":"post-5978","1":"product","2":"type-product","3":"status-publish","4":"has-post-thumbnail","6":"product_brand-gpo","7":"product_cat-opticki-nisani","8":"product_cat-optika","10":"first","11":"instock","12":"taxable","13":"shipping-taxable","14":"purchasable","15":"product-type-simple"},"_links":{"self":[{"href":"https:\/\/torzokom.com\/ba\/wp-json\/wp\/v2\/product\/5978","targetHints":{"allow":["GET"]}}],"collection":[{"href":"https:\/\/torzokom.com\/ba\/wp-json\/wp\/v2\/product"}],"about":[{"href":"https:\/\/torzokom.com\/ba\/wp-json\/wp\/v2\/types\/product"}],"version-history":[{"count":0,"href":"https:\/\/torzokom.com\/ba\/wp-json\/wp\/v2\/product\/5978\/revisions"}],"wp:featuredmedia":[{"embeddable":true,"href":"https:\/\/torzokom.com\/ba\/wp-json\/wp\/v2\/media\/6038"}],"wp:attachment":[{"href":"https:\/\/torzokom.com\/ba\/wp-json\/wp\/v2\/media?parent=5978"}],"wp:term":[{"taxonomy":"product_cat","embeddable":true,"href":"https:\/\/torzokom.com\/ba\/wp-json\/wp\/v2\/product_cat?post=5978"},{"taxonomy":"product_tag","embeddable":true,"href":"https:\/\/torzokom.com\/ba\/wp-json\/wp\/v2\/product_tag?post=5978"}],"curies":[{"name":"wp","href":"https:\/\/api.w.org\/{rel}","templated":true}]}}