{"id":5983,"date":"2025-10-23T01:15:25","date_gmt":"2025-10-22T23:15:25","guid":{"rendered":"https:\/\/torzokom.com\/?post_type=product&#038;p=5983"},"modified":"2025-10-23T15:41:37","modified_gmt":"2025-10-23T13:41:37","slug":"gpo-spectra-8x-25-20x50i","status":"publish","type":"product","link":"https:\/\/torzokom.com\/ba\/proizvod\/gpo-spectra-8x-25-20x50i\/","title":{"rendered":"GPO SPECTRA 8x 2,5-20x50i"},"content":{"rendered":"<h2>GPO SPECTRA 8x 2,5-20x50i<\/h2>\n<p>Na\u0161 2,5-20x50i u prvoj ravnini slike nudi vam sve opcije u malom rasponu pove\u0107anja s pove\u0107anjem od 2,5x za promatranje \u0161irokog raspona krajolika kroz veliko vidno polje. Uz pove\u0107anje od 20x, mo\u017eete lako identificirati i ciljati objekte na velikoj udaljenosti. S ovim modelom, tako\u0111er, mo\u017eete nulirati visinu i bo\u010dne tornjeve bez alata. 2.5-20x50i tako\u0111er dolazi s polugom za bacanje. Osim toga, ni\u0161an ima izuzetno finu kon\u010danicu od BRi vlakana (Made in Germany).<br \/>\nKontrola rasvjete je kontinuirano podesiva i mo\u017ee se prilagoditi odgovaraju\u0107im svjetlosnim uvjetima. Osvjetljenje kon\u010danice iControl\u2122 automatski se isklju\u010duje nakon 3 sata i pokazuje vam kada je preostalo 15% baterije. 2.5-20x50i tako\u0111er ima kompenzaciju paralakse od 10m \u2013 \u221e. Pode\u0161avanje osvjetljenja i paralakse kombinirani su u bo\u010dnoj kupoli.<\/p>","protected":false},"excerpt":{"rendered":"<p>GPO SPECTRA 8x 2,5-20x50i Na\u0161 2,5-20x50i u prvoj ravnini slike nudi vam sve opcije u malom rasponu pove\u0107anja s pove\u0107anjem od 2,5x za promatranje \u0161irokog raspona krajolika kroz veliko vidno polje. Uz pove\u0107anje od 20x, mo\u017eete lako identificirati i ciljati objekte na velikoj udaljenosti. S ovim modelom, tako\u0111er, mo\u017eete nulirati visinu i bo\u010dne tornjeve bez [&hellip;]<\/p>\n","protected":false},"featured_media":6030,"template":"","meta":[],"product_cat":[105,106],"product_tag":[],"class_list":{"0":"post-5983","1":"product","2":"type-product","3":"status-publish","4":"has-post-thumbnail","6":"product_brand-gpo","7":"product_cat-optika","8":"product_cat-opticki-nisani","10":"first","11":"instock","12":"taxable","13":"shipping-taxable","14":"purchasable","15":"product-type-simple"},"_links":{"self":[{"href":"https:\/\/torzokom.com\/ba\/wp-json\/wp\/v2\/product\/5983","targetHints":{"allow":["GET"]}}],"collection":[{"href":"https:\/\/torzokom.com\/ba\/wp-json\/wp\/v2\/product"}],"about":[{"href":"https:\/\/torzokom.com\/ba\/wp-json\/wp\/v2\/types\/product"}],"version-history":[{"count":0,"href":"https:\/\/torzokom.com\/ba\/wp-json\/wp\/v2\/product\/5983\/revisions"}],"wp:featuredmedia":[{"embeddable":true,"href":"https:\/\/torzokom.com\/ba\/wp-json\/wp\/v2\/media\/6030"}],"wp:attachment":[{"href":"https:\/\/torzokom.com\/ba\/wp-json\/wp\/v2\/media?parent=5983"}],"wp:term":[{"taxonomy":"product_cat","embeddable":true,"href":"https:\/\/torzokom.com\/ba\/wp-json\/wp\/v2\/product_cat?post=5983"},{"taxonomy":"product_tag","embeddable":true,"href":"https:\/\/torzokom.com\/ba\/wp-json\/wp\/v2\/product_tag?post=5983"}],"curies":[{"name":"wp","href":"https:\/\/api.w.org\/{rel}","templated":true}]}}