{"id":5984,"date":"2025-10-23T01:31:06","date_gmt":"2025-10-22T23:31:06","guid":{"rendered":"https:\/\/torzokom.com\/?post_type=product&#038;p=5984"},"modified":"2025-10-23T18:34:32","modified_gmt":"2025-10-23T16:34:32","slug":"gpo-ballistic-turret","status":"publish","type":"product","link":"https:\/\/torzokom.com\/ba\/proizvod\/gpo-ballistic-turret\/","title":{"rendered":"GPO Ballistic Turret"},"content":{"rendered":"<h2>GPO Ballistic Turret<\/h2>\n<p>S GBT balisti\u010dkom kupolom, GPO zadovoljava \u017eelje mnogih kupaca i nudi jedinstvenu i brzu retikulsku balisti\u010dku prilagodbu: Standardna kupola SPECTRA 1,6-13x44i mo\u017ee se zamijeniti po \u017eelji dostupnim GBT-om u samo nekoliko sekundi. NULTA STOP ve\u0107 instalirana u standardnoj verziji SPECTRA 1,6-13x44i mo\u017ee se koristiti s obje varijante kupole. GBT ima 5 superponiranih prstenova za udaljenost do 500 m.<\/p>\n<p>Kupobran mo\u017ee biti zaklju\u010dana i stoga je sigurno za\u0161ti\u0107ena od nenamjerne prilagodbe.<\/p>\n<p>GBT je kompatibilan sa \u017ei\u010darom SPECTRATM 8x 1,6-13x44i.<\/p>","protected":false},"excerpt":{"rendered":"<p>GPO Ballistic Turret S GBT balisti\u010dkom kupolom, GPO zadovoljava \u017eelje mnogih kupaca i nudi jedinstvenu i brzu retikulsku balisti\u010dku prilagodbu: Standardna kupola SPECTRA 1,6-13x44i mo\u017ee se zamijeniti po \u017eelji dostupnim GBT-om u samo nekoliko sekundi. NULTA STOP ve\u0107 instalirana u standardnoj verziji SPECTRA 1,6-13x44i mo\u017ee se koristiti s obje varijante kupole. GBT ima 5 superponiranih [&hellip;]<\/p>\n","protected":false},"featured_media":6049,"template":"","meta":[],"product_cat":[106,105],"product_tag":[],"class_list":{"0":"post-5984","1":"product","2":"type-product","3":"status-publish","4":"has-post-thumbnail","6":"product_brand-gpo","7":"product_cat-opticki-nisani","8":"product_cat-optika","10":"first","11":"instock","12":"taxable","13":"shipping-taxable","14":"purchasable","15":"product-type-simple"},"_links":{"self":[{"href":"https:\/\/torzokom.com\/ba\/wp-json\/wp\/v2\/product\/5984","targetHints":{"allow":["GET"]}}],"collection":[{"href":"https:\/\/torzokom.com\/ba\/wp-json\/wp\/v2\/product"}],"about":[{"href":"https:\/\/torzokom.com\/ba\/wp-json\/wp\/v2\/types\/product"}],"version-history":[{"count":0,"href":"https:\/\/torzokom.com\/ba\/wp-json\/wp\/v2\/product\/5984\/revisions"}],"wp:featuredmedia":[{"embeddable":true,"href":"https:\/\/torzokom.com\/ba\/wp-json\/wp\/v2\/media\/6049"}],"wp:attachment":[{"href":"https:\/\/torzokom.com\/ba\/wp-json\/wp\/v2\/media?parent=5984"}],"wp:term":[{"taxonomy":"product_cat","embeddable":true,"href":"https:\/\/torzokom.com\/ba\/wp-json\/wp\/v2\/product_cat?post=5984"},{"taxonomy":"product_tag","embeddable":true,"href":"https:\/\/torzokom.com\/ba\/wp-json\/wp\/v2\/product_tag?post=5984"}],"curies":[{"name":"wp","href":"https:\/\/api.w.org\/{rel}","templated":true}]}}