{"id":5986,"date":"2025-10-23T01:36:42","date_gmt":"2025-10-22T23:36:42","guid":{"rendered":"https:\/\/torzokom.com\/?post_type=product&#038;p=5986"},"modified":"2025-10-26T02:30:36","modified_gmt":"2025-10-26T00:30:36","slug":"gpo-rangeguide-3200-8x40","status":"publish","type":"product","link":"https:\/\/torzokom.com\/ba\/proizvod\/gpo-rangeguide-3200-8x40\/","title":{"rendered":"GPO RANGEGUIDE 3200 8\u00d740"},"content":{"rendered":"<h2>GPO RANGEGUIDE 3200 8\u00d740<\/h2>\n<p>GPO RANGEGUIDE 3200 i8\u00d740 je apsolutni vrhunac i postavlja nove standarde u klasi 3rance trave 40 mm kada je rije\u010d o performansama, te\u017eini, kompaktnosti i upravljivosti. To je savr\u0161en pratilac u planinama, kada se uhodi, u sumrak ili prilikom lova s lukom ili samostrelom.<\/p>\n<p>Za GPO, RANGEGUIDE3200 8\u00d740 i\u00a0 je logi\u010dan i dosljedan produ\u017eetak vrlo uspje\u0161ne linije za domet s &#8220;velikim bratom&#8221; 8\u00d750\/10\u00d750 i posebno kompaktnim 8 \u00d732\/1032 modela.<\/p>\n<p>Dalekularno tkivo s objektivima od 40 mm odavno je najpopularnija veli\u010dina me\u0111u lovcima u svijetu. S novim modelima x40 mm, GPO odgovara na \u017eelje mnogih kupaca i postavlja novi tr\u017ei\u0161ni standard &#8211;\u00a0 visokokvalitetni vanjski dizajn skriva ku\u0107i\u0161te magnezija s magnezijevim mostom (i statistoglavom). Kao rezultat toga, x40 RANGEGUIDE te\u017ei samo nevjerovatnih 747 ili 713 g. S ukupnom duljinom od samo 137 \/ 132 mm, jedan je od najkompaktnijih u ovoj klasi i iznimno jednostavan za rukovanje. Visoko oblo\u017eeni HD objektivni sustav s crvenim OLED zaslonom sjaji briljantnom optikom i jedinstvenim vidnim poljem od 135 m ili 112 metara (na 1000 m). Sada lovci mogu spakirati lagan i kompaktan ure\u0111aj bez ugro\u017eavanja opti\u010dke kvalitete, sposobnosti da vide metu u uslovima slabog osvjetljenja ili brzinu i ta\u010dnost laserskog pronakaza.<\/p>\n<p>Zahvaljuju\u0107i GPO-ovoj optoelektroni\u010dkoj stru\u010dnosti, ovaj kompaktni ure\u0111aj je jo\u0161 mo\u0107niji od prethodnih modela GPO x50 i x32. Mjeri mete na udaljenosti do 3,2 km, ima integriranu naknadu za kut (za horizontalne udaljenosti) i najbr\u017ee je na tr\u017ei\u0161tu s 4x mjerenja u sekundi. Osim ru\u010dno podesive kontrole svjetline zaslona u 9 razina, nudi i postavku s automatskom kontrolom osvjetljenja (ovisno o ambijentalnoj svjetlini). Tako\u0111e ima NAJBOLJU i posljednju ciljnu funkciju i dodatno mjeri temperaturu, tlak vazduha i vla\u017enost. Prikaz svih izmjerenih vrijednosti mo\u017ee se prebaciti izme\u0111u metri\u010dke i carske boje u meniju.<\/p>","protected":false},"excerpt":{"rendered":"<p>GPO RANGEGUIDE 3200 8\u00d740 GPO RANGEGUIDE 3200 i8\u00d740 je apsolutni vrhunac i postavlja nove standarde u klasi 3rance trave 40 mm kada je rije\u010d o performansama, te\u017eini, kompaktnosti i upravljivosti. To je savr\u0161en pratilac u planinama, kada se uhodi, u sumrak ili prilikom lova s lukom ili samostrelom. Za GPO, RANGEGUIDE3200 8\u00d740 i\u00a0 je logi\u010dan [&hellip;]<\/p>\n","protected":false},"featured_media":5998,"template":"","meta":[],"product_cat":[105,41,107],"product_tag":[],"class_list":{"0":"post-5986","1":"product","2":"type-product","3":"status-publish","4":"has-post-thumbnail","6":"product_brand-gpo","7":"product_cat-optika","8":"product_cat-dvogledi","9":"product_cat-laserski-daljinomjeri","11":"first","12":"instock","13":"taxable","14":"shipping-taxable","15":"purchasable","16":"product-type-simple"},"_links":{"self":[{"href":"https:\/\/torzokom.com\/ba\/wp-json\/wp\/v2\/product\/5986","targetHints":{"allow":["GET"]}}],"collection":[{"href":"https:\/\/torzokom.com\/ba\/wp-json\/wp\/v2\/product"}],"about":[{"href":"https:\/\/torzokom.com\/ba\/wp-json\/wp\/v2\/types\/product"}],"version-history":[{"count":0,"href":"https:\/\/torzokom.com\/ba\/wp-json\/wp\/v2\/product\/5986\/revisions"}],"wp:featuredmedia":[{"embeddable":true,"href":"https:\/\/torzokom.com\/ba\/wp-json\/wp\/v2\/media\/5998"}],"wp:attachment":[{"href":"https:\/\/torzokom.com\/ba\/wp-json\/wp\/v2\/media?parent=5986"}],"wp:term":[{"taxonomy":"product_cat","embeddable":true,"href":"https:\/\/torzokom.com\/ba\/wp-json\/wp\/v2\/product_cat?post=5986"},{"taxonomy":"product_tag","embeddable":true,"href":"https:\/\/torzokom.com\/ba\/wp-json\/wp\/v2\/product_tag?post=5986"}],"curies":[{"name":"wp","href":"https:\/\/api.w.org\/{rel}","templated":true}]}}