{"id":5988,"date":"2025-10-23T01:39:54","date_gmt":"2025-10-22T23:39:54","guid":{"rendered":"https:\/\/torzokom.com\/?post_type=product&#038;p=5988"},"modified":"2025-10-26T02:29:47","modified_gmt":"2025-10-26T00:29:47","slug":"gpo-rangeguide-2800-8x50","status":"publish","type":"product","link":"https:\/\/torzokom.com\/ba\/proizvod\/gpo-rangeguide-2800-8x50\/","title":{"rendered":"GPO RANGEGUIDE 2800 8\u00d750"},"content":{"rendered":"<h2>GPO RANGEGUIDE 2800 8\u00d750<\/h2>\n<p>GPO RANGEGUIDE 2800 8\u00d750\u00a0&#8211;\u00a0 impresivne karakteristike koje je te\u0161ko prona\u0107i u ovoj klasi cjenovnih performansi. Opet, koristimo ku\u0107i\u0161te magnezija kako bismo postigli maksimalnu robusnost s minimalnom te\u017einom. S maksimalnim rasponom na dobro odra\u017eavaju\u0107im ciljevima od 2.800 metara, integriranim Hyperskanskim na\u010dinom rada, koji omogu\u0107uje laseru da radia dugmad ergonomski su postavljeni na proizvod.<\/p>","protected":false},"excerpt":{"rendered":"<p>GPO RANGEGUIDE 2800 8\u00d750 GPO RANGEGUIDE 2800 8\u00d750\u00a0&#8211;\u00a0 impresivne karakteristike koje je te\u0161ko prona\u0107i u ovoj klasi cjenovnih performansi. Opet, koristimo ku\u0107i\u0161te magnezija kako bismo postigli maksimalnu robusnost s minimalnom te\u017einom. S maksimalnim rasponom na dobro odra\u017eavaju\u0107im ciljevima od 2.800 metara, integriranim Hyperskanskim na\u010dinom rada, koji omogu\u0107uje laseru da radia dugmad ergonomski su postavljeni na [&hellip;]<\/p>\n","protected":false},"featured_media":5998,"template":"","meta":[],"product_cat":[105,41,107],"product_tag":[],"class_list":{"0":"post-5988","1":"product","2":"type-product","3":"status-publish","4":"has-post-thumbnail","6":"product_brand-gpo","7":"product_cat-optika","8":"product_cat-dvogledi","9":"product_cat-laserski-daljinomjeri","11":"first","12":"instock","13":"taxable","14":"shipping-taxable","15":"purchasable","16":"product-type-simple"},"_links":{"self":[{"href":"https:\/\/torzokom.com\/ba\/wp-json\/wp\/v2\/product\/5988","targetHints":{"allow":["GET"]}}],"collection":[{"href":"https:\/\/torzokom.com\/ba\/wp-json\/wp\/v2\/product"}],"about":[{"href":"https:\/\/torzokom.com\/ba\/wp-json\/wp\/v2\/types\/product"}],"version-history":[{"count":0,"href":"https:\/\/torzokom.com\/ba\/wp-json\/wp\/v2\/product\/5988\/revisions"}],"wp:featuredmedia":[{"embeddable":true,"href":"https:\/\/torzokom.com\/ba\/wp-json\/wp\/v2\/media\/5998"}],"wp:attachment":[{"href":"https:\/\/torzokom.com\/ba\/wp-json\/wp\/v2\/media?parent=5988"}],"wp:term":[{"taxonomy":"product_cat","embeddable":true,"href":"https:\/\/torzokom.com\/ba\/wp-json\/wp\/v2\/product_cat?post=5988"},{"taxonomy":"product_tag","embeddable":true,"href":"https:\/\/torzokom.com\/ba\/wp-json\/wp\/v2\/product_tag?post=5988"}],"curies":[{"name":"wp","href":"https:\/\/api.w.org\/{rel}","templated":true}]}}