{"id":6125,"date":"2025-10-23T23:24:32","date_gmt":"2025-10-23T21:24:32","guid":{"rendered":"http:\/\/torzokom.com\/?post_type=product&#038;p=6125"},"modified":"2026-03-13T13:03:55","modified_gmt":"2026-03-13T12:03:55","slug":"torzokom-ba-proizvod-minox-allrounder-3-15x56","status":"publish","type":"product","link":"https:\/\/torzokom.com\/ba\/proizvod\/torzokom-ba-proizvod-minox-allrounder-3-15x56\/","title":{"rendered":"Minox Allrounder 3-15&#215;56 Optika"},"content":{"rendered":"<h2 class=\"otQkpb\" role=\"heading\" aria-level=\"3\" data-complete=\"true\" data-processed=\"true\"><strong class=\"Yjhzub\" data-sfc-cb=\"\" data-complete=\"true\">MINOX Allrounder 3-15&#215;56 \u2013 Gospodar sumraka i dalekometne preciznosti<\/strong><\/h2>\n<div class=\"Y3BBE\" data-sfc-cp=\"\" data-sfc-cb=\"\" data-hveid=\"CAEIBBAA\" data-complete=\"true\" data-processed=\"true\">\n<p class=\"otQkpb\" role=\"heading\" aria-level=\"3\" data-complete=\"true\" data-processed=\"true\"><strong class=\"Yjhzub\" data-sfc-cb=\"\" data-complete=\"true\">MINOX Allrounder 3-15&#215;56 <\/strong><\/p>\n<p>Predstavlja sam vrh ponude za lovce koji ne prekidaju lov kada sunce za\u0111e. Sa impresivnim objektivom od <strong class=\"Yjhzub\" data-sfc-cb=\"\" data-complete=\"true\" data-processed=\"true\">56 mm<\/strong> i naprednim njema\u010dkim opti\u010dkim sistemom, ovaj ni\u0161an je projektovan da izvu\u010de maksimum svjetlosti u najte\u017eim uslovima. Bilo da se radi o preciznom hitcu na velikoj udaljenosti ili osmatranju u dubokom sumraku, Allrounder 3-15&#215;56 postavlja standarde u svojoj klasi.<\/p>\n<\/div>\n<div class=\"Fsg96\" data-sfc-cp=\"\" data-sfc-cb=\"\" data-complete=\"true\" data-processed=\"true\"><\/div>\n<div class=\"AdPoic\" role=\"heading\" aria-level=\"3\" data-animation-nesting=\"\" data-sfc-cp=\"\" data-sfc-cb=\"\" data-processed=\"true\" data-sae=\"\" data-complete=\"true\"><\/div>\n<ul class=\"KsbFXc U6u95\" data-sfc-cb=\"\" data-complete=\"true\" data-processed=\"true\">\n<li class=\"dF3vjf\" data-sfc-cb=\"\" data-hveid=\"CAEIBhAA\" data-complete=\"true\" data-sae=\"\"><span class=\"T286Pc\" data-sfc-cp=\"\" data-sfc-cb=\"\" data-complete=\"true\"><strong class=\"Yjhzub\" data-sfc-cb=\"\" data-complete=\"true\">Ekstremna transmisija svjetlosti:<\/strong>\u00a0Zahvaljuju\u0107i\u00a0<em class=\"eujQNb\" data-sfc-cb=\"\" data-complete=\"true\">M\u00a0vi\u0161eslojnim premazima<\/em>* so\u010diva, ovaj ni\u0161an nudi kristalno \u010distu sliku sa visokim kontrastom. Veliki objektiv od 56 mm prikuplja maksimalnu koli\u010dinu svjetlosti, omogu\u0107avaju\u0107i vam jasnu identifikaciju divlja\u010di dugo nakon sumraka.<\/span><\/li>\n<li class=\"dF3vjf\" data-sfc-cb=\"\" data-hveid=\"CAEIBhAB\" data-complete=\"true\" data-sae=\"\"><span class=\"T286Pc\" data-sfc-cp=\"\" data-sfc-cb=\"\" data-complete=\"true\"><strong class=\"Yjhzub\" data-sfc-cb=\"\" data-complete=\"true\">Svestranost uve\u0107anja (5x zum):<\/strong>\u00a0Raspon od\u00a0<strong class=\"Yjhzub\" data-sfc-cb=\"\" data-complete=\"true\">3x do 15x<\/strong>\u00a0nudi nevjerovatnu fleksibilnost. Ni\u017ee uve\u0107anje je idealno za pregled terena, dok 15x pru\u017ea detaljan prikaz i sigurnost pri ga\u0111anju na velikim distancama.<\/span><\/li>\n<li class=\"dF3vjf\" data-sfc-cb=\"\" data-hveid=\"CAEIBhAC\" data-complete=\"true\" data-sae=\"\"><span class=\"T286Pc\" data-sfc-cp=\"\" data-sfc-cb=\"\" data-complete=\"true\"><strong class=\"Yjhzub\" data-sfc-cb=\"\" data-complete=\"true\">FTA (Fast Target Acquisition) tehnologija:<\/strong>\u00a0Iako je primarno namijenjen za \u010deku, integrisani FTA sistem omogu\u0107ava brzo i prirodno poravnanje oka sa opti\u010dkom osom, elimini\u0161u\u0107i crne rubove i olak\u0161avaju\u0107i brzo ni\u0161anjenje.<\/span><\/li>\n<li class=\"dF3vjf\" data-sfc-cb=\"\" data-hveid=\"CAEIBhAD\" data-complete=\"true\" data-sae=\"\"><span class=\"T286Pc\" data-sfc-cp=\"\" data-sfc-cb=\"\" data-complete=\"true\"><strong class=\"Yjhzub\" data-sfc-cb=\"\" data-complete=\"true\">Fiber-Optic osvijetljena ta\u010dka:<\/strong>\u00a0Izuzetno fina i precizna crvena ta\u010dka na\u00a0<strong class=\"Yjhzub\" data-sfc-cb=\"\" data-complete=\"true\">kon\u010danici #4<\/strong>\u00a0omogu\u0107ava minimalnu pokrivenost cilja. Pametni\u00a0<strong class=\"Yjhzub\" data-sfc-cb=\"\" data-complete=\"true\">senzor polo\u017eaja<\/strong>\u00a0automatski gasi osvjetljenje \u010dim odlo\u017eite pu\u0161ku, \u010duvaju\u0107i bateriju za odlu\u010duju\u0107i trenutak.<\/span><\/li>\n<li class=\"dF3vjf\" data-sfc-cb=\"\" data-hveid=\"CAEIBhAE\" data-complete=\"true\" data-sae=\"\"><span class=\"T286Pc\" data-sfc-cp=\"\" data-sfc-cb=\"\" data-complete=\"true\" aria-owns=\"action-menu-parent-container\"><strong class=\"Yjhzub\" data-sfc-cb=\"\" data-complete=\"true\">Paralaksa za vrhunsku preciznost:<\/strong>\u00a0Bo\u010dni to\u010dki\u0107 za pode\u0161avanje paralakse osigurava da slika cilja i kon\u010danica budu u istoj ravni, spre\u010davaju\u0107i gre\u0161ke pri ga\u0111anju na razli\u010ditim udaljenostima.<\/span><\/li>\n<\/ul>","protected":false},"excerpt":{"rendered":"<div class=\"Y3BBE\" data-sfc-cp=\"\" data-sfc-cb=\"\" data-hveid=\"CAEIBBAA\" data-complete=\"true\" data-processed=\"true\"><strong class=\"Yjhzub\" data-sfc-cb=\"\" data-complete=\"true\" data-processed=\"true\">MINOX Allrounder 3-15&#215;56<\/strong>\u00a0je vrhunski njema\u010dki opti\u010dki ni\u0161an projektovan za lovce koji ne pristaju na kompromise u sumrak. Sa mo\u0107nim objektivom od\u00a0<strong class=\"Yjhzub\" data-sfc-cb=\"\" data-complete=\"true\" data-processed=\"true\">56 mm<\/strong>\u00a0i naprednim\u00a0<em class=\"eujQNb\" data-sfc-cb=\"\" data-complete=\"true\" data-processed=\"true\">M\u00a0premazima<\/em>*, ovaj model garantuje maksimalnu transmisiju svjetlosti i kristalno \u010distu sliku u najte\u017eim uslovima vidljivosti. Zahvaljuju\u0107i preciznom\u00a0<strong class=\"Yjhzub\" data-sfc-cb=\"\" data-complete=\"true\" data-processed=\"true\">uve\u0107anju do 15x<\/strong>\u00a0i bo\u010dnom pode\u0161avanju\u00a0<strong class=\"Yjhzub\" data-sfc-cb=\"\" data-complete=\"true\" data-processed=\"true\">paralakse<\/strong>, idealan je izbor za lov sa \u010deke i hirur\u0161ki precizne pogotke na velikim udaljenostima.<\/div>\n<div data-sfc-cp=\"\" data-sfc-cb=\"\" data-hveid=\"CAEIBBAA\" data-complete=\"true\" data-processed=\"true\"><\/div>\n<div class=\"Y3BBE\" data-sfc-cp=\"\" data-sfc-cb=\"\" data-hveid=\"CAEIBRAA\" data-complete=\"true\" data-processed=\"true\"><strong class=\"Yjhzub\" data-sfc-cb=\"\" data-complete=\"true\" data-processed=\"true\">Klju\u010dne prednosti:<\/strong><\/div>\n<ul class=\"KsbFXc U6u95\" data-sfc-cb=\"\" data-complete=\"true\" data-processed=\"true\">\n<li class=\"dF3vjf\" data-sfc-cb=\"\" data-hveid=\"CAEIBhAA\" data-complete=\"true\" data-sae=\"\"><span class=\"T286Pc\" data-sfc-cp=\"\" data-sfc-cb=\"\" data-complete=\"true\"><strong class=\"Yjhzub\" data-sfc-cb=\"\" data-complete=\"true\">Superiorna optika za sumrak:<\/strong>\u00a0Objektiv od 56 mm prikuplja maksimalnu koli\u010dinu svjetlosti.<\/span><\/li>\n<li class=\"dF3vjf\" data-sfc-cb=\"\" data-hveid=\"CAEIBhAB\" data-complete=\"true\" data-sae=\"\"><span class=\"T286Pc\" data-sfc-cp=\"\" data-sfc-cb=\"\" data-complete=\"true\"><strong class=\"Yjhzub\" data-sfc-cb=\"\" data-complete=\"true\">Pode\u0161avanje paralakse:<\/strong>\u00a0Bo\u010dni to\u010dki\u0107 (Side Focus) za eliminaciju gre\u0161aka na ve\u0107im distancama.<\/span><\/li>\n<li class=\"dF3vjf\" data-sfc-cb=\"\" data-hveid=\"CAEIBhAC\" data-complete=\"true\" data-sae=\"\"><span class=\"T286Pc\" data-sfc-cp=\"\" data-sfc-cb=\"\" data-complete=\"true\"><strong class=\"Yjhzub\" data-sfc-cb=\"\" data-complete=\"true\">FTA tehnologija:<\/strong>\u00a0Munjevito pronala\u017eenje cilja uz eliminaciju crnih rubova u slici.<\/span><\/li>\n<li class=\"dF3vjf\" data-sfc-cb=\"\" data-hveid=\"CAEIBhAD\" data-complete=\"true\" data-sae=\"\"><span class=\"T286Pc\" data-sfc-cp=\"\" data-sfc-cb=\"\" data-complete=\"true\"><strong class=\"Yjhzub\" data-sfc-cb=\"\" data-complete=\"true\">Pametna crvena ta\u010dka:<\/strong>\u00a0Fiber-optic iluminacija sa senzorom nagiba i auto-ga\u0161enjem.<\/span><\/li>\n<li class=\"dF3vjf\" data-sfc-cb=\"\" data-hveid=\"CAEIBhAE\" data-complete=\"true\" data-sae=\"\"><span class=\"T286Pc\" data-sfc-cp=\"\" data-sfc-cb=\"\" data-complete=\"true\"><strong class=\"Yjhzub\" data-sfc-cb=\"\" data-complete=\"true\">Argon punjenje:<\/strong> Vrhunska za\u0161tita od unutra\u0161njeg magljenja i ekstremnih temperatura.<\/span><\/li>\n<\/ul>\n<div class=\"Y3BBE\" data-sfc-cp=\"\" data-sfc-cb=\"\" data-hveid=\"CAEIBxAA\" data-complete=\"true\" data-processed=\"true\"><strong class=\"Yjhzub\" data-sfc-cb=\"\" data-complete=\"true\" data-processed=\"true\">Sadr\u017eaj pakovanja:<\/strong> Za\u0161titni poklopci, krpica za odr\u017eavanje, baterija i uputstvo.<\/div>\n<div class=\"Fsg96\" data-sfc-cp=\"\" data-sfc-cb=\"\" data-complete=\"true\" data-processed=\"true\"><\/div>\n<hr class=\"j3tEEe\" data-sfc-pl=\"|[]\" data-sfc-cb=\"\" data-complete=\"true\" data-processed=\"true\" data-sae=\"\" \/>\n<div class=\"Fsg96\" data-sfc-cp=\"\" data-sfc-cb=\"\" data-complete=\"true\" data-processed=\"true\"><\/div>","protected":false},"featured_media":6178,"template":"","meta":[],"product_cat":[105,106],"product_tag":[],"class_list":{"0":"post-6125","1":"product","2":"type-product","3":"status-publish","4":"has-post-thumbnail","6":"product_brand-minox","7":"product_cat-optika","8":"product_cat-opticki-nisani","10":"first","11":"instock","12":"sale","13":"taxable","14":"shipping-taxable","15":"purchasable","16":"product-type-simple"},"_links":{"self":[{"href":"https:\/\/torzokom.com\/ba\/wp-json\/wp\/v2\/product\/6125","targetHints":{"allow":["GET"]}}],"collection":[{"href":"https:\/\/torzokom.com\/ba\/wp-json\/wp\/v2\/product"}],"about":[{"href":"https:\/\/torzokom.com\/ba\/wp-json\/wp\/v2\/types\/product"}],"version-history":[{"count":5,"href":"https:\/\/torzokom.com\/ba\/wp-json\/wp\/v2\/product\/6125\/revisions"}],"predecessor-version":[{"id":10135,"href":"https:\/\/torzokom.com\/ba\/wp-json\/wp\/v2\/product\/6125\/revisions\/10135"}],"wp:featuredmedia":[{"embeddable":true,"href":"https:\/\/torzokom.com\/ba\/wp-json\/wp\/v2\/media\/6178"}],"wp:attachment":[{"href":"https:\/\/torzokom.com\/ba\/wp-json\/wp\/v2\/media?parent=6125"}],"wp:term":[{"taxonomy":"product_cat","embeddable":true,"href":"https:\/\/torzokom.com\/ba\/wp-json\/wp\/v2\/product_cat?post=6125"},{"taxonomy":"product_tag","embeddable":true,"href":"https:\/\/torzokom.com\/ba\/wp-json\/wp\/v2\/product_tag?post=6125"}],"curies":[{"name":"wp","href":"https:\/\/api.w.org\/{rel}","templated":true}]}}